{"id":13946,"date":"2022-01-21T16:30:33","date_gmt":"2022-01-21T13:30:33","guid":{"rendered":"https:\/\/hermossaeyewear.com\/?page_id=13946"},"modified":"2022-04-06T16:43:00","modified_gmt":"2022-04-06T13:43:00","slug":"contact-us-2","status":"publish","type":"page","link":"https:\/\/hermossaeyewear.com\/tr\/contact-us-2\/","title":{"rendered":"\u0130leti\u015fim"},"content":{"rendered":"\t\t<div data-elementor-type=\"wp-page\" data-elementor-id=\"13946\" class=\"elementor elementor-13946\">\n\t\t\t\t\t\t\t\t\t<section class=\"elementor-section elementor-top-section elementor-element elementor-element-3eae2951 wd-section-stretch-content elementor-section-boxed elementor-section-height-default elementor-section-height-default\" data-id=\"3eae2951\" data-element_type=\"section\">\n\t\t\t\t\t\t<div class=\"elementor-container elementor-column-gap-no\">\n\t\t\t\t\t<div class=\"elementor-column elementor-col-100 elementor-top-column elementor-element elementor-element-23fe8bcd\" data-id=\"23fe8bcd\" data-element_type=\"column\">\n\t\t\t<div class=\"elementor-widget-wrap elementor-element-populated\">\n\t\t\t\t\t\t\t\t<div class=\"elementor-element elementor-element-e6c09f8 elementor-widget elementor-widget-wd_text_block\" data-id=\"e6c09f8\" data-element_type=\"widget\" data-widget_type=\"wd_text_block.default\">\n\t\t\t\t<div class=\"elementor-widget-container\">\n\t\t\t\t\t<div class=\"wd-text-block reset-last-child text-left\">\n\t\t\t\n\t\t\t<iframe src=\"https:\/\/www.google.com\/maps\/embed?pb=!1m18!1m12!1m3!1d752.8719615058319!2d28.849437588141885!3d40.99269429870008!2m3!1f0!2f0!3f0!3m2!1i1024!2i768!4f13.1!3m3!1m2!1s0x14caa4a8242252ab%3A0x1fd3bd67deb34285!2s%C5%9Eirinevler%2C%20Adnan%20Kahveci%20Blv.%2C%2034188%20Bah%C3%A7elievler%2F%C4%B0stanbul!5e0!3m2!1str!2str!4v1648559487617!5m2!1str!2str\" width=\"100%\" height=\"450\" style=\"border:0;\" allowfullscreen=\"\" loading=\"lazy\" referrerpolicy=\"no-referrer-when-downgrade\"><\/iframe>\n\t\t\t\t\t<\/div>\n\t\t\t\t<\/div>\n\t\t\t\t<\/div>\n\t\t\t\t\t<\/div>\n\t\t<\/div>\n\t\t\t\t\t\t\t<\/div>\n\t\t<\/section>\n\t\t\t\t<section class=\"elementor-section elementor-top-section elementor-element elementor-element-1c9344a2 elementor-section-boxed elementor-section-height-default elementor-section-height-default wd-section-disabled\" data-id=\"1c9344a2\" data-element_type=\"section\">\n\t\t\t\t\t\t<div class=\"elementor-container elementor-column-gap-default\">\n\t\t\t\t\t<div class=\"elementor-column elementor-col-50 elementor-top-column elementor-element elementor-element-a4e7846\" data-id=\"a4e7846\" data-element_type=\"column\">\n\t\t\t<div class=\"elementor-widget-wrap elementor-element-populated\">\n\t\t\t\t\t\t\t\t<div class=\"elementor-element elementor-element-0d8b22b elementor-widget elementor-widget-wd_text_block\" data-id=\"0d8b22b\" data-element_type=\"widget\" data-widget_type=\"wd_text_block.default\">\n\t\t\t\t<div class=\"elementor-widget-container\">\n\t\t\t\t\t<div class=\"wd-text-block reset-last-child text-left\">\n\t\t\t\n\t\t\t<p><strong>ADRES<\/strong><br \/>\u015eirinevler Mah. Bah\u00e7elievler \/ \u0130STANBUL<\/p><p><strong>TELEFON<\/strong><br \/>+90 212 451 80 56\u00a0<\/p><p><strong>EMAIL<\/strong><br \/><a href=\"mailto:info@doganoptik.net\"><span class=\"elementor-icon-list-text\">info@doganoptik.net<\/span><\/a><\/p>\n\t\t\t\t\t<\/div>\n\t\t\t\t<\/div>\n\t\t\t\t<\/div>\n\t\t\t\t\t<\/div>\n\t\t<\/div>\n\t\t\t\t<div class=\"elementor-column elementor-col-50 elementor-top-column elementor-element elementor-element-41bec3dc\" data-id=\"41bec3dc\" data-element_type=\"column\">\n\t\t\t<div class=\"elementor-widget-wrap elementor-element-populated\">\n\t\t\t\t\t\t\t\t<div class=\"elementor-element elementor-element-5ce0072f elementor-widget elementor-widget-wd_contact_form_7\" data-id=\"5ce0072f\" data-element_type=\"widget\" data-widget_type=\"wd_contact_form_7.default\">\n\t\t\t\t<div class=\"elementor-widget-container\">\n\t\t\t<div class=\"wd-notice wd-info\">You need to create a form using Contact form 7 plugin to be able to display it using this element.<\/div>\t\t<\/div>\n\t\t\t\t<\/div>\n\t\t\t\t\t<\/div>\n\t\t<\/div>\n\t\t\t\t\t\t\t<\/div>\n\t\t<\/section>\n\t\t\t\t\t\t\t<\/div>\n\t\t","protected":false},"excerpt":{"rendered":"<p>ADRES\u015eirinevler Mah. Bah\u00e7elievler \/ \u0130STANBUL TELEFON+90 212 451 80 56\u00a0 EMAILinfo@doganoptik.net Ad\u0131n\u0131z Email Telefon Firma Ad\u0131 Mesaj\u0131n\u0131z<\/p>\n","protected":false},"author":1,"featured_media":0,"parent":0,"menu_order":0,"comment_status":"closed","ping_status":"closed","template":"","meta":{"footnotes":""},"class_list":["post-13946","page","type-page","status-publish","hentry"],"yoast_head":"<!-- This site is optimized with the Yoast SEO plugin v18.5.1 - https:\/\/yoast.com\/wordpress\/plugins\/seo\/ -->\n<title>\u0130leti\u015fim - Hermossa Eyewear<\/title>\n<meta name=\"robots\" content=\"index, follow, max-snippet:-1, max-image-preview:large, max-video-preview:-1\" \/>\n<link rel=\"canonical\" href=\"https:\/\/hermossaeyewear.com\/tr\/contact-us-2\/\" \/>\n<meta property=\"og:locale\" content=\"tr_TR\" \/>\n<meta property=\"og:type\" content=\"article\" \/>\n<meta property=\"og:title\" content=\"\u0130leti\u015fim - Hermossa Eyewear\" \/>\n<meta property=\"og:description\" content=\"ADRES\u015eirinevler Mah. Bah\u00e7elievler \/ \u0130STANBUL TELEFON+90 212 451 80 56\u00a0 EMAILinfo@doganoptik.net Ad\u0131n\u0131z Email Telefon Firma Ad\u0131 Mesaj\u0131n\u0131z\" \/>\n<meta property=\"og:url\" content=\"https:\/\/hermossaeyewear.com\/tr\/contact-us-2\/\" \/>\n<meta property=\"og:site_name\" content=\"Hermossa Eyewear\" \/>\n<meta property=\"article:modified_time\" content=\"2022-04-06T13:43:00+00:00\" \/>\n<meta name=\"twitter:card\" content=\"summary_large_image\" \/>\n<script type=\"application\/ld+json\" class=\"yoast-schema-graph\">{\"@context\":\"https:\/\/schema.org\",\"@graph\":[{\"@type\":\"Organization\",\"@id\":\"https:\/\/hermossaeyewear.com\/#organization\",\"name\":\"HERMOSSA EYEWEAR\",\"url\":\"https:\/\/hermossaeyewear.com\/\",\"sameAs\":[],\"logo\":{\"@type\":\"ImageObject\",\"@id\":\"https:\/\/hermossaeyewear.com\/#logo\",\"inLanguage\":\"tr\",\"url\":\"https:\/\/hermossaeyewear.com\/wp-content\/uploads\/2022\/01\/logo.svg\",\"contentUrl\":\"https:\/\/hermossaeyewear.com\/wp-content\/uploads\/2022\/01\/logo.svg\",\"width\":288,\"height\":70,\"caption\":\"HERMOSSA EYEWEAR\"},\"image\":{\"@id\":\"https:\/\/hermossaeyewear.com\/#logo\"}},{\"@type\":\"WebSite\",\"@id\":\"https:\/\/hermossaeyewear.com\/#website\",\"url\":\"https:\/\/hermossaeyewear.com\/\",\"name\":\"Hermossa Eyewear\",\"description\":\"\",\"publisher\":{\"@id\":\"https:\/\/hermossaeyewear.com\/#organization\"},\"potentialAction\":[{\"@type\":\"SearchAction\",\"target\":{\"@type\":\"EntryPoint\",\"urlTemplate\":\"https:\/\/hermossaeyewear.com\/?s={search_term_string}\"},\"query-input\":\"required name=search_term_string\"}],\"inLanguage\":\"tr\"},{\"@type\":\"WebPage\",\"@id\":\"https:\/\/hermossaeyewear.com\/tr\/contact-us-2\/#webpage\",\"url\":\"https:\/\/hermossaeyewear.com\/tr\/contact-us-2\/\",\"name\":\"\u0130leti\u015fim - Hermossa Eyewear\",\"isPartOf\":{\"@id\":\"https:\/\/hermossaeyewear.com\/#website\"},\"datePublished\":\"2022-01-21T13:30:33+00:00\",\"dateModified\":\"2022-04-06T13:43:00+00:00\",\"breadcrumb\":{\"@id\":\"https:\/\/hermossaeyewear.com\/tr\/contact-us-2\/#breadcrumb\"},\"inLanguage\":\"tr\",\"potentialAction\":[{\"@type\":\"ReadAction\",\"target\":[\"https:\/\/hermossaeyewear.com\/tr\/contact-us-2\/\"]}]},{\"@type\":\"BreadcrumbList\",\"@id\":\"https:\/\/hermossaeyewear.com\/tr\/contact-us-2\/#breadcrumb\",\"itemListElement\":[{\"@type\":\"ListItem\",\"position\":1,\"name\":\"Home\",\"item\":\"https:\/\/hermossaeyewear.com\/\"},{\"@type\":\"ListItem\",\"position\":2,\"name\":\"\u0130leti\u015fim\"}]}]}<\/script>\n<!-- \/ Yoast SEO plugin. -->","yoast_head_json":{"title":"\u0130leti\u015fim - Hermossa Eyewear","robots":{"index":"index","follow":"follow","max-snippet":"max-snippet:-1","max-image-preview":"max-image-preview:large","max-video-preview":"max-video-preview:-1"},"canonical":"https:\/\/hermossaeyewear.com\/tr\/contact-us-2\/","og_locale":"tr_TR","og_type":"article","og_title":"\u0130leti\u015fim - Hermossa Eyewear","og_description":"ADRES\u015eirinevler Mah. Bah\u00e7elievler \/ \u0130STANBUL TELEFON+90 212 451 80 56\u00a0 EMAILinfo@doganoptik.net Ad\u0131n\u0131z Email Telefon Firma Ad\u0131 Mesaj\u0131n\u0131z","og_url":"https:\/\/hermossaeyewear.com\/tr\/contact-us-2\/","og_site_name":"Hermossa Eyewear","article_modified_time":"2022-04-06T13:43:00+00:00","twitter_card":"summary_large_image","schema":{"@context":"https:\/\/schema.org","@graph":[{"@type":"Organization","@id":"https:\/\/hermossaeyewear.com\/#organization","name":"HERMOSSA EYEWEAR","url":"https:\/\/hermossaeyewear.com\/","sameAs":[],"logo":{"@type":"ImageObject","@id":"https:\/\/hermossaeyewear.com\/#logo","inLanguage":"tr","url":"https:\/\/hermossaeyewear.com\/wp-content\/uploads\/2022\/01\/logo.svg","contentUrl":"https:\/\/hermossaeyewear.com\/wp-content\/uploads\/2022\/01\/logo.svg","width":288,"height":70,"caption":"HERMOSSA EYEWEAR"},"image":{"@id":"https:\/\/hermossaeyewear.com\/#logo"}},{"@type":"WebSite","@id":"https:\/\/hermossaeyewear.com\/#website","url":"https:\/\/hermossaeyewear.com\/","name":"Hermossa Eyewear","description":"","publisher":{"@id":"https:\/\/hermossaeyewear.com\/#organization"},"potentialAction":[{"@type":"SearchAction","target":{"@type":"EntryPoint","urlTemplate":"https:\/\/hermossaeyewear.com\/?s={search_term_string}"},"query-input":"required name=search_term_string"}],"inLanguage":"tr"},{"@type":"WebPage","@id":"https:\/\/hermossaeyewear.com\/tr\/contact-us-2\/#webpage","url":"https:\/\/hermossaeyewear.com\/tr\/contact-us-2\/","name":"\u0130leti\u015fim - Hermossa Eyewear","isPartOf":{"@id":"https:\/\/hermossaeyewear.com\/#website"},"datePublished":"2022-01-21T13:30:33+00:00","dateModified":"2022-04-06T13:43:00+00:00","breadcrumb":{"@id":"https:\/\/hermossaeyewear.com\/tr\/contact-us-2\/#breadcrumb"},"inLanguage":"tr","potentialAction":[{"@type":"ReadAction","target":["https:\/\/hermossaeyewear.com\/tr\/contact-us-2\/"]}]},{"@type":"BreadcrumbList","@id":"https:\/\/hermossaeyewear.com\/tr\/contact-us-2\/#breadcrumb","itemListElement":[{"@type":"ListItem","position":1,"name":"Home","item":"https:\/\/hermossaeyewear.com\/"},{"@type":"ListItem","position":2,"name":"\u0130leti\u015fim"}]}]}},"_links":{"self":[{"href":"https:\/\/hermossaeyewear.com\/tr\/wp-json\/wp\/v2\/pages\/13946","targetHints":{"allow":["GET"]}}],"collection":[{"href":"https:\/\/hermossaeyewear.com\/tr\/wp-json\/wp\/v2\/pages"}],"about":[{"href":"https:\/\/hermossaeyewear.com\/tr\/wp-json\/wp\/v2\/types\/page"}],"author":[{"embeddable":true,"href":"https:\/\/hermossaeyewear.com\/tr\/wp-json\/wp\/v2\/users\/1"}],"replies":[{"embeddable":true,"href":"https:\/\/hermossaeyewear.com\/tr\/wp-json\/wp\/v2\/comments?post=13946"}],"version-history":[{"count":13,"href":"https:\/\/hermossaeyewear.com\/tr\/wp-json\/wp\/v2\/pages\/13946\/revisions"}],"predecessor-version":[{"id":14894,"href":"https:\/\/hermossaeyewear.com\/tr\/wp-json\/wp\/v2\/pages\/13946\/revisions\/14894"}],"wp:attachment":[{"href":"https:\/\/hermossaeyewear.com\/tr\/wp-json\/wp\/v2\/media?parent=13946"}],"curies":[{"name":"wp","href":"https:\/\/api.w.org\/{rel}","templated":true}]}}