{"id":12273,"date":"2022-02-14T14:32:00","date_gmt":"2022-02-14T11:32:00","guid":{"rendered":"https:\/\/hermossaeyewear.com\/product\/marcus\/"},"modified":"2022-04-19T17:46:43","modified_gmt":"2022-04-19T14:46:43","slug":"marcus","status":"publish","type":"product","link":"https:\/\/hermossaeyewear.com\/tr\/product\/marcus\/","title":{"rendered":"MARCUS"},"content":{"rendered":"<table width=\"948\">\n<tbody>\n<tr>\n<td width=\"180\">MATERIAL DESCRIPTION<\/td>\n<td width=\"88\">MODEL NAME<\/td>\n<td width=\"68\">Lens Size<\/td>\n<td width=\"68\">Bridge<\/td>\n<td width=\"68\">Temple Arms<\/td>\n<td width=\"68\">Frame Shape<\/td>\n<td width=\"68\">Body Material<\/td>\n<td width=\"68\">Body Color<\/td>\n<td width=\"68\">Lens Material<\/td>\n<td width=\"68\">Lens Feature<\/td>\n<td width=\"68\">Lens Color<\/td>\n<td width=\"68\">Gender<\/td>\n<\/tr>\n<\/tbody>\n<\/table>\n<table width=\"948\">\n<tbody>\n<tr>\n<td width=\"180\">HERMOSSA HM 1508 C 1 SUN<\/td>\n<td width=\"88\">Marcus<\/td>\n<td width=\"68\">60<\/td>\n<td width=\"68\">14<\/td>\n<td width=\"68\">145<\/td>\n<td width=\"68\">Pilot<\/td>\n<td width=\"68\">Metal<\/td>\n<td width=\"68\">Silver<\/td>\n<td width=\"68\">Plastic<\/td>\n<td width=\"68\">Lightweight Mirrored<\/td>\n<td width=\"68\">Gray Degrade<\/td>\n<td width=\"68\">Man<\/td>\n<\/tr>\n<tr>\n<td>HERMOSSA HM 1508 C 2 SUN<\/td>\n<td>Marcus<\/td>\n<td>60<\/td>\n<td>14<\/td>\n<td>145<\/td>\n<td>Pilot<\/td>\n<td>Metal<\/td>\n<td>Golden Yellow<\/td>\n<td>Plastic<\/td>\n<td>Lightweight Mirrored<\/td>\n<td>Brown Degrade<\/td>\n<td>Man<\/td>\n<\/tr>\n<tr>\n<td>HERMOSSA HM 1508 C 3 SUN<\/td>\n<td>Marcus<\/td>\n<td>60<\/td>\n<td>14<\/td>\n<td>145<\/td>\n<td>Pilot<\/td>\n<td>Metal<\/td>\n<td>Golden Yellow<\/td>\n<td>Plastic<\/td>\n<td>Lightweight Mirrored<\/td>\n<td>Brown<\/td>\n<td>Man<\/td>\n<\/tr>\n<tr>\n<td>HERMOSSA HM 1508 C 4 SUN<\/td>\n<td>Marcus<\/td>\n<td>60<\/td>\n<td>14<\/td>\n<td>145<\/td>\n<td>Pilot<\/td>\n<td>Metal<\/td>\n<td>Golden Yellow<\/td>\n<td>Plastic<\/td>\n<td>Lightweight Mirrored<\/td>\n<td>Gray<\/td>\n<td>Man<\/td>\n<\/tr>\n<tr>\n<td>HERMOSSA HM 1508 C 5 SUN<\/td>\n<td>Marcus<\/td>\n<td>60<\/td>\n<td>14<\/td>\n<td>145<\/td>\n<td>Pilot<\/td>\n<td>Metal<\/td>\n<td>Silver<\/td>\n<td>Plastic<\/td>\n<td>Lightweight Mirrored<\/td>\n<td>Blue<\/td>\n<td>Man<\/td>\n<\/tr>\n<\/tbody>\n<\/table>\n","protected":false},"excerpt":{"rendered":"<div class=\"brandeyes\"><a href=\"https:\/\/www.brandeyes.com.tr\/urun\/hermossa-hm-1508\" target=\"_blank\" rel=\"noopener\"><button>Sat\u0131n Al!<\/button><\/a><\/div>\n<p>Hermossa g\u00fcne\u015f g\u00f6zl\u00fc\u011f\u00fc koleksiyonu, kurallar\u0131 y\u0131karak \u00e7\u0131kaca\u011f\u0131n\u0131z her yeni macerada stilinizi tamamlayacak modelleri ile sizi yeni d\u00fcnyalar\u0131 ke\u015ffetmeye, farkl\u0131 k\u00fclt\u00fcrlerin par\u00e7as\u0131 olmaya davet ediyor.<\/p>\n","protected":false},"featured_media":11141,"template":"","meta":[],"product_cat":[1563,1094,1096,1098],"product_tag":[],"class_list":["post-12273","product","type-product","status-publish","has-post-thumbnail","hentry","product_cat-gunesler","product_cat-kolleksiyonlar","product_cat-erkek-sonbahar-kis-22","product_cat-gunes-gozlugu-erkek-sonbahar-kis-22"],"yoast_head":"<!-- This site is optimized with the Yoast SEO plugin v18.5.1 - https:\/\/yoast.com\/wordpress\/plugins\/seo\/ -->\n<title>MARCUS - Hermossa Eyewear<\/title>\n<meta name=\"robots\" content=\"index, follow, max-snippet:-1, max-image-preview:large, max-video-preview:-1\" \/>\n<link rel=\"canonical\" href=\"https:\/\/hermossaeyewear.com\/urun\/marcus\/\" \/>\n<meta property=\"og:locale\" content=\"tr_TR\" \/>\n<meta property=\"og:type\" content=\"article\" \/>\n<meta property=\"og:title\" content=\"MARCUS - Hermossa Eyewear\" \/>\n<meta property=\"og:description\" content=\"Sat\u0131n Al!Hermossa g\u00fcne\u015f g\u00f6zl\u00fc\u011f\u00fc koleksiyonu, kurallar\u0131 y\u0131karak \u00e7\u0131kaca\u011f\u0131n\u0131z her yeni macerada stilinizi tamamlayacak modelleri ile sizi yeni d\u00fcnyalar\u0131 ke\u015ffetmeye, farkl\u0131 k\u00fclt\u00fcrlerin par\u00e7as\u0131 olmaya davet ediyor.\" \/>\n<meta property=\"og:url\" content=\"https:\/\/hermossaeyewear.com\/urun\/marcus\/\" \/>\n<meta property=\"og:site_name\" content=\"Hermossa Eyewear\" \/>\n<meta property=\"article:modified_time\" content=\"2022-04-19T14:46:43+00:00\" \/>\n<meta property=\"og:image\" content=\"https:\/\/hermossaeyewear.com\/wp-content\/uploads\/2022\/02\/HM-1508-04-Marcus-01.jpg\" \/>\n\t<meta property=\"og:image:width\" content=\"1800\" \/>\n\t<meta property=\"og:image:height\" content=\"1800\" \/>\n\t<meta property=\"og:image:type\" content=\"image\/jpeg\" \/>\n<meta name=\"twitter:card\" content=\"summary_large_image\" \/>\n<script type=\"application\/ld+json\" class=\"yoast-schema-graph\">{\"@context\":\"https:\/\/schema.org\",\"@graph\":[{\"@type\":\"Organization\",\"@id\":\"https:\/\/hermossaeyewear.com\/#organization\",\"name\":\"HERMOSSA EYEWEAR\",\"url\":\"https:\/\/hermossaeyewear.com\/\",\"sameAs\":[],\"logo\":{\"@type\":\"ImageObject\",\"@id\":\"https:\/\/hermossaeyewear.com\/#logo\",\"inLanguage\":\"tr\",\"url\":\"https:\/\/hermossaeyewear.com\/wp-content\/uploads\/2022\/01\/logo.svg\",\"contentUrl\":\"https:\/\/hermossaeyewear.com\/wp-content\/uploads\/2022\/01\/logo.svg\",\"width\":288,\"height\":70,\"caption\":\"HERMOSSA EYEWEAR\"},\"image\":{\"@id\":\"https:\/\/hermossaeyewear.com\/#logo\"}},{\"@type\":\"WebSite\",\"@id\":\"https:\/\/hermossaeyewear.com\/#website\",\"url\":\"https:\/\/hermossaeyewear.com\/\",\"name\":\"Hermossa Eyewear\",\"description\":\"\",\"publisher\":{\"@id\":\"https:\/\/hermossaeyewear.com\/#organization\"},\"potentialAction\":[{\"@type\":\"SearchAction\",\"target\":{\"@type\":\"EntryPoint\",\"urlTemplate\":\"https:\/\/hermossaeyewear.com\/?s={search_term_string}\"},\"query-input\":\"required name=search_term_string\"}],\"inLanguage\":\"tr\"},{\"@type\":\"ImageObject\",\"@id\":\"https:\/\/hermossaeyewear.com\/urun\/marcus\/#primaryimage\",\"inLanguage\":\"tr\",\"url\":\"https:\/\/hermossaeyewear.com\/wp-content\/uploads\/2022\/02\/HM-1508-04-Marcus-01.jpg\",\"contentUrl\":\"https:\/\/hermossaeyewear.com\/wp-content\/uploads\/2022\/02\/HM-1508-04-Marcus-01.jpg\",\"width\":1800,\"height\":1800},{\"@type\":\"WebPage\",\"@id\":\"https:\/\/hermossaeyewear.com\/urun\/marcus\/#webpage\",\"url\":\"https:\/\/hermossaeyewear.com\/urun\/marcus\/\",\"name\":\"MARCUS - Hermossa Eyewear\",\"isPartOf\":{\"@id\":\"https:\/\/hermossaeyewear.com\/#website\"},\"primaryImageOfPage\":{\"@id\":\"https:\/\/hermossaeyewear.com\/urun\/marcus\/#primaryimage\"},\"datePublished\":\"2022-02-14T11:32:00+00:00\",\"dateModified\":\"2022-04-19T14:46:43+00:00\",\"breadcrumb\":{\"@id\":\"https:\/\/hermossaeyewear.com\/urun\/marcus\/#breadcrumb\"},\"inLanguage\":\"tr\",\"potentialAction\":[{\"@type\":\"ReadAction\",\"target\":[\"https:\/\/hermossaeyewear.com\/urun\/marcus\/\"]}]},{\"@type\":\"BreadcrumbList\",\"@id\":\"https:\/\/hermossaeyewear.com\/urun\/marcus\/#breadcrumb\",\"itemListElement\":[{\"@type\":\"ListItem\",\"position\":1,\"name\":\"Home\",\"item\":\"https:\/\/hermossaeyewear.com\/\"},{\"@type\":\"ListItem\",\"position\":2,\"name\":\"Colections\",\"item\":\"https:\/\/hermossaeyewear.com\/shop\/\"},{\"@type\":\"ListItem\",\"position\":3,\"name\":\"MARCUS\"}]}]}<\/script>\n<!-- \/ Yoast SEO plugin. -->","yoast_head_json":{"title":"MARCUS - Hermossa Eyewear","robots":{"index":"index","follow":"follow","max-snippet":"max-snippet:-1","max-image-preview":"max-image-preview:large","max-video-preview":"max-video-preview:-1"},"canonical":"https:\/\/hermossaeyewear.com\/urun\/marcus\/","og_locale":"tr_TR","og_type":"article","og_title":"MARCUS - Hermossa Eyewear","og_description":"Sat\u0131n Al!Hermossa g\u00fcne\u015f g\u00f6zl\u00fc\u011f\u00fc koleksiyonu, kurallar\u0131 y\u0131karak \u00e7\u0131kaca\u011f\u0131n\u0131z her yeni macerada stilinizi tamamlayacak modelleri ile sizi yeni d\u00fcnyalar\u0131 ke\u015ffetmeye, farkl\u0131 k\u00fclt\u00fcrlerin par\u00e7as\u0131 olmaya davet ediyor.","og_url":"https:\/\/hermossaeyewear.com\/urun\/marcus\/","og_site_name":"Hermossa Eyewear","article_modified_time":"2022-04-19T14:46:43+00:00","og_image":[{"width":1800,"height":1800,"url":"https:\/\/hermossaeyewear.com\/wp-content\/uploads\/2022\/02\/HM-1508-04-Marcus-01.jpg","type":"image\/jpeg"}],"twitter_card":"summary_large_image","schema":{"@context":"https:\/\/schema.org","@graph":[{"@type":"Organization","@id":"https:\/\/hermossaeyewear.com\/#organization","name":"HERMOSSA EYEWEAR","url":"https:\/\/hermossaeyewear.com\/","sameAs":[],"logo":{"@type":"ImageObject","@id":"https:\/\/hermossaeyewear.com\/#logo","inLanguage":"tr","url":"https:\/\/hermossaeyewear.com\/wp-content\/uploads\/2022\/01\/logo.svg","contentUrl":"https:\/\/hermossaeyewear.com\/wp-content\/uploads\/2022\/01\/logo.svg","width":288,"height":70,"caption":"HERMOSSA EYEWEAR"},"image":{"@id":"https:\/\/hermossaeyewear.com\/#logo"}},{"@type":"WebSite","@id":"https:\/\/hermossaeyewear.com\/#website","url":"https:\/\/hermossaeyewear.com\/","name":"Hermossa Eyewear","description":"","publisher":{"@id":"https:\/\/hermossaeyewear.com\/#organization"},"potentialAction":[{"@type":"SearchAction","target":{"@type":"EntryPoint","urlTemplate":"https:\/\/hermossaeyewear.com\/?s={search_term_string}"},"query-input":"required name=search_term_string"}],"inLanguage":"tr"},{"@type":"ImageObject","@id":"https:\/\/hermossaeyewear.com\/urun\/marcus\/#primaryimage","inLanguage":"tr","url":"https:\/\/hermossaeyewear.com\/wp-content\/uploads\/2022\/02\/HM-1508-04-Marcus-01.jpg","contentUrl":"https:\/\/hermossaeyewear.com\/wp-content\/uploads\/2022\/02\/HM-1508-04-Marcus-01.jpg","width":1800,"height":1800},{"@type":"WebPage","@id":"https:\/\/hermossaeyewear.com\/urun\/marcus\/#webpage","url":"https:\/\/hermossaeyewear.com\/urun\/marcus\/","name":"MARCUS - Hermossa Eyewear","isPartOf":{"@id":"https:\/\/hermossaeyewear.com\/#website"},"primaryImageOfPage":{"@id":"https:\/\/hermossaeyewear.com\/urun\/marcus\/#primaryimage"},"datePublished":"2022-02-14T11:32:00+00:00","dateModified":"2022-04-19T14:46:43+00:00","breadcrumb":{"@id":"https:\/\/hermossaeyewear.com\/urun\/marcus\/#breadcrumb"},"inLanguage":"tr","potentialAction":[{"@type":"ReadAction","target":["https:\/\/hermossaeyewear.com\/urun\/marcus\/"]}]},{"@type":"BreadcrumbList","@id":"https:\/\/hermossaeyewear.com\/urun\/marcus\/#breadcrumb","itemListElement":[{"@type":"ListItem","position":1,"name":"Home","item":"https:\/\/hermossaeyewear.com\/"},{"@type":"ListItem","position":2,"name":"Colections","item":"https:\/\/hermossaeyewear.com\/shop\/"},{"@type":"ListItem","position":3,"name":"MARCUS"}]}]}},"_links":{"self":[{"href":"https:\/\/hermossaeyewear.com\/tr\/wp-json\/wp\/v2\/product\/12273","targetHints":{"allow":["GET"]}}],"collection":[{"href":"https:\/\/hermossaeyewear.com\/tr\/wp-json\/wp\/v2\/product"}],"about":[{"href":"https:\/\/hermossaeyewear.com\/tr\/wp-json\/wp\/v2\/types\/product"}],"version-history":[{"count":6,"href":"https:\/\/hermossaeyewear.com\/tr\/wp-json\/wp\/v2\/product\/12273\/revisions"}],"predecessor-version":[{"id":15770,"href":"https:\/\/hermossaeyewear.com\/tr\/wp-json\/wp\/v2\/product\/12273\/revisions\/15770"}],"wp:featuredmedia":[{"embeddable":true,"href":"https:\/\/hermossaeyewear.com\/tr\/wp-json\/wp\/v2\/media\/11141"}],"wp:attachment":[{"href":"https:\/\/hermossaeyewear.com\/tr\/wp-json\/wp\/v2\/media?parent=12273"}],"wp:term":[{"taxonomy":"product_cat","embeddable":true,"href":"https:\/\/hermossaeyewear.com\/tr\/wp-json\/wp\/v2\/product_cat?post=12273"},{"taxonomy":"product_tag","embeddable":true,"href":"https:\/\/hermossaeyewear.com\/tr\/wp-json\/wp\/v2\/product_tag?post=12273"}],"curies":[{"name":"wp","href":"https:\/\/api.w.org\/{rel}","templated":true}]}}