{"id":12347,"date":"2022-02-14T10:34:18","date_gmt":"2022-02-14T07:34:18","guid":{"rendered":"https:\/\/hermossaeyewear.com\/product\/mr-blonde\/"},"modified":"2022-04-19T17:08:30","modified_gmt":"2022-04-19T14:08:30","slug":"mr-blonde","status":"publish","type":"product","link":"https:\/\/hermossaeyewear.com\/tr\/product\/mr-blonde\/","title":{"rendered":"MR. BLONDE"},"content":{"rendered":"<table width=\"948\">\n<tbody>\n<tr>\n<td width=\"180\">HERMOSSA HM 1498 C 1 G\u00dcNE\u015e<\/td>\n<td width=\"88\">Mr. Blonde<\/td>\n<td width=\"68\">49<\/td>\n<td width=\"68\">25<\/td>\n<td width=\"68\">145<\/td>\n<td width=\"68\">Oval<\/td>\n<td width=\"68\">Asetat<\/td>\n<td width=\"68\">Siyah<\/td>\n<td width=\"68\">Plastik<\/td>\n<td width=\"68\">Hafif Aynal\u0131<\/td>\n<td width=\"68\">F\u00fcme Degrade<\/td>\n<td width=\"68\">Unisex<\/td>\n<\/tr>\n<tr>\n<td>HERMOSSA HM 1498 C 2 G\u00dcNE\u015e<\/td>\n<td>Mr. Blonde<\/td>\n<td>49<\/td>\n<td>25<\/td>\n<td>145<\/td>\n<td>Oval<\/td>\n<td>Asetat<\/td>\n<td>Havana<\/td>\n<td>Plastik<\/td>\n<td>Hafif Aynal\u0131<\/td>\n<td>Kahverengi Degrade<\/td>\n<td>Unisex<\/td>\n<\/tr>\n<tr>\n<td>HERMOSSA HM 1498 C 3 G\u00dcNE\u015e<\/td>\n<td>Mr. Blonde<\/td>\n<td>#YOK<\/td>\n<td>#YOK<\/td>\n<td>#YOK<\/td>\n<td>#YOK<\/td>\n<td>#YOK<\/td>\n<td>#YOK<\/td>\n<td><\/td>\n<td>#YOK<\/td>\n<td>#YOK<\/td>\n<td>Unisex<\/td>\n<\/tr>\n<tr>\n<td>HERMOSSA HM 1498 C 4 G\u00dcNE\u015e<\/td>\n<td>Mr. Blonde<\/td>\n<td>#YOK<\/td>\n<td>#YOK<\/td>\n<td>#YOK<\/td>\n<td>#YOK<\/td>\n<td>#YOK<\/td>\n<td>#YOK<\/td>\n<td><\/td>\n<td>#YOK<\/td>\n<td>#YOK<\/td>\n<td>Unisex<\/td>\n<\/tr>\n<tr>\n<td>HERMOSSA HM 1498 C 5 G\u00dcNE\u015e<\/td>\n<td>Mr. Blonde<\/td>\n<td>#YOK<\/td>\n<td>#YOK<\/td>\n<td>#YOK<\/td>\n<td>#YOK<\/td>\n<td>#YOK<\/td>\n<td>#YOK<\/td>\n<td><\/td>\n<td>#YOK<\/td>\n<td>#YOK<\/td>\n<td>Unisex<\/td>\n<\/tr>\n<\/tbody>\n<\/table>\n","protected":false},"excerpt":{"rendered":"<div class=\"brandeyes\"><a href=\"https:\/\/www.brandeyes.com.tr\/urun\/hermossa-hm-1498\" target=\"_blank\" rel=\"noopener\"><button>Sat\u0131n Al!<\/button><\/a><\/div>\n<p>Hermossa g\u00fcne\u015f g\u00f6zl\u00fc\u011f\u00fc koleksiyonu, kurallar\u0131 y\u0131karak \u00e7\u0131kaca\u011f\u0131n\u0131z her yeni macerada stilizi tamamlayacak modelleri ile sizi yeni d\u00fcnyalar\u0131 ke\u015ffetmeye, farkl\u0131 k\u00fclt\u00fcrlerin par\u00e7as\u0131 olmaya davet ediyor.<\/p>\n","protected":false},"featured_media":10843,"template":"","meta":[],"product_cat":[1562,1094,1099,1100],"product_tag":[],"class_list":["post-12347","product","type-product","status-publish","has-post-thumbnail","hentry","product_cat-optikler","product_cat-kolleksiyonlar","product_cat-unisex-tr","product_cat-optik-unisex"],"yoast_head":"<!-- This site is optimized with the Yoast SEO plugin v18.5.1 - https:\/\/yoast.com\/wordpress\/plugins\/seo\/ -->\n<title>MR. BLONDE - Hermossa Eyewear<\/title>\n<meta name=\"robots\" content=\"index, follow, max-snippet:-1, max-image-preview:large, max-video-preview:-1\" \/>\n<link rel=\"canonical\" href=\"https:\/\/hermossaeyewear.com\/tr\/urun\/mr-blonde\/\" \/>\n<meta property=\"og:locale\" content=\"tr_TR\" \/>\n<meta property=\"og:type\" content=\"article\" \/>\n<meta property=\"og:title\" content=\"MR. BLONDE - Hermossa Eyewear\" \/>\n<meta property=\"og:description\" content=\"Sat\u0131n Al!Hermossa g\u00fcne\u015f g\u00f6zl\u00fc\u011f\u00fc koleksiyonu, kurallar\u0131 y\u0131karak \u00e7\u0131kaca\u011f\u0131n\u0131z her yeni macerada stilizi tamamlayacak modelleri ile sizi yeni d\u00fcnyalar\u0131 ke\u015ffetmeye, farkl\u0131 k\u00fclt\u00fcrlerin par\u00e7as\u0131 olmaya davet ediyor.\" \/>\n<meta property=\"og:url\" content=\"https:\/\/hermossaeyewear.com\/tr\/urun\/mr-blonde\/\" \/>\n<meta property=\"og:site_name\" content=\"Hermossa Eyewear\" \/>\n<meta property=\"article:modified_time\" content=\"2022-04-19T14:08:30+00:00\" \/>\n<meta property=\"og:image\" content=\"https:\/\/hermossaeyewear.com\/wp-content\/uploads\/2022\/02\/HM-1498-04-Mr.Blonde-01.jpg\" \/>\n\t<meta property=\"og:image:width\" content=\"1800\" \/>\n\t<meta property=\"og:image:height\" content=\"1800\" \/>\n\t<meta property=\"og:image:type\" content=\"image\/jpeg\" \/>\n<meta name=\"twitter:card\" content=\"summary_large_image\" \/>\n<script type=\"application\/ld+json\" class=\"yoast-schema-graph\">{\"@context\":\"https:\/\/schema.org\",\"@graph\":[{\"@type\":\"Organization\",\"@id\":\"https:\/\/hermossaeyewear.com\/#organization\",\"name\":\"HERMOSSA EYEWEAR\",\"url\":\"https:\/\/hermossaeyewear.com\/\",\"sameAs\":[],\"logo\":{\"@type\":\"ImageObject\",\"@id\":\"https:\/\/hermossaeyewear.com\/#logo\",\"inLanguage\":\"tr\",\"url\":\"https:\/\/hermossaeyewear.com\/wp-content\/uploads\/2022\/01\/logo.svg\",\"contentUrl\":\"https:\/\/hermossaeyewear.com\/wp-content\/uploads\/2022\/01\/logo.svg\",\"width\":288,\"height\":70,\"caption\":\"HERMOSSA EYEWEAR\"},\"image\":{\"@id\":\"https:\/\/hermossaeyewear.com\/#logo\"}},{\"@type\":\"WebSite\",\"@id\":\"https:\/\/hermossaeyewear.com\/#website\",\"url\":\"https:\/\/hermossaeyewear.com\/\",\"name\":\"Hermossa Eyewear\",\"description\":\"\",\"publisher\":{\"@id\":\"https:\/\/hermossaeyewear.com\/#organization\"},\"potentialAction\":[{\"@type\":\"SearchAction\",\"target\":{\"@type\":\"EntryPoint\",\"urlTemplate\":\"https:\/\/hermossaeyewear.com\/?s={search_term_string}\"},\"query-input\":\"required name=search_term_string\"}],\"inLanguage\":\"tr\"},{\"@type\":\"ImageObject\",\"@id\":\"https:\/\/hermossaeyewear.com\/tr\/urun\/mr-blonde\/#primaryimage\",\"inLanguage\":\"tr\",\"url\":\"https:\/\/hermossaeyewear.com\/wp-content\/uploads\/2022\/02\/HM-1498-04-Mr.Blonde-01.jpg\",\"contentUrl\":\"https:\/\/hermossaeyewear.com\/wp-content\/uploads\/2022\/02\/HM-1498-04-Mr.Blonde-01.jpg\",\"width\":1800,\"height\":1800},{\"@type\":\"WebPage\",\"@id\":\"https:\/\/hermossaeyewear.com\/tr\/urun\/mr-blonde\/#webpage\",\"url\":\"https:\/\/hermossaeyewear.com\/tr\/urun\/mr-blonde\/\",\"name\":\"MR. BLONDE - Hermossa Eyewear\",\"isPartOf\":{\"@id\":\"https:\/\/hermossaeyewear.com\/#website\"},\"primaryImageOfPage\":{\"@id\":\"https:\/\/hermossaeyewear.com\/tr\/urun\/mr-blonde\/#primaryimage\"},\"datePublished\":\"2022-02-14T07:34:18+00:00\",\"dateModified\":\"2022-04-19T14:08:30+00:00\",\"breadcrumb\":{\"@id\":\"https:\/\/hermossaeyewear.com\/tr\/urun\/mr-blonde\/#breadcrumb\"},\"inLanguage\":\"tr\",\"potentialAction\":[{\"@type\":\"ReadAction\",\"target\":[\"https:\/\/hermossaeyewear.com\/tr\/urun\/mr-blonde\/\"]}]},{\"@type\":\"BreadcrumbList\",\"@id\":\"https:\/\/hermossaeyewear.com\/tr\/urun\/mr-blonde\/#breadcrumb\",\"itemListElement\":[{\"@type\":\"ListItem\",\"position\":1,\"name\":\"Home\",\"item\":\"https:\/\/hermossaeyewear.com\/\"},{\"@type\":\"ListItem\",\"position\":2,\"name\":\"Colections\",\"item\":\"https:\/\/hermossaeyewear.com\/shop\/\"},{\"@type\":\"ListItem\",\"position\":3,\"name\":\"MR. BLONDE\"}]}]}<\/script>\n<!-- \/ Yoast SEO plugin. -->","yoast_head_json":{"title":"MR. BLONDE - Hermossa Eyewear","robots":{"index":"index","follow":"follow","max-snippet":"max-snippet:-1","max-image-preview":"max-image-preview:large","max-video-preview":"max-video-preview:-1"},"canonical":"https:\/\/hermossaeyewear.com\/tr\/urun\/mr-blonde\/","og_locale":"tr_TR","og_type":"article","og_title":"MR. BLONDE - Hermossa Eyewear","og_description":"Sat\u0131n Al!Hermossa g\u00fcne\u015f g\u00f6zl\u00fc\u011f\u00fc koleksiyonu, kurallar\u0131 y\u0131karak \u00e7\u0131kaca\u011f\u0131n\u0131z her yeni macerada stilizi tamamlayacak modelleri ile sizi yeni d\u00fcnyalar\u0131 ke\u015ffetmeye, farkl\u0131 k\u00fclt\u00fcrlerin par\u00e7as\u0131 olmaya davet ediyor.","og_url":"https:\/\/hermossaeyewear.com\/tr\/urun\/mr-blonde\/","og_site_name":"Hermossa Eyewear","article_modified_time":"2022-04-19T14:08:30+00:00","og_image":[{"width":1800,"height":1800,"url":"https:\/\/hermossaeyewear.com\/wp-content\/uploads\/2022\/02\/HM-1498-04-Mr.Blonde-01.jpg","type":"image\/jpeg"}],"twitter_card":"summary_large_image","schema":{"@context":"https:\/\/schema.org","@graph":[{"@type":"Organization","@id":"https:\/\/hermossaeyewear.com\/#organization","name":"HERMOSSA EYEWEAR","url":"https:\/\/hermossaeyewear.com\/","sameAs":[],"logo":{"@type":"ImageObject","@id":"https:\/\/hermossaeyewear.com\/#logo","inLanguage":"tr","url":"https:\/\/hermossaeyewear.com\/wp-content\/uploads\/2022\/01\/logo.svg","contentUrl":"https:\/\/hermossaeyewear.com\/wp-content\/uploads\/2022\/01\/logo.svg","width":288,"height":70,"caption":"HERMOSSA EYEWEAR"},"image":{"@id":"https:\/\/hermossaeyewear.com\/#logo"}},{"@type":"WebSite","@id":"https:\/\/hermossaeyewear.com\/#website","url":"https:\/\/hermossaeyewear.com\/","name":"Hermossa Eyewear","description":"","publisher":{"@id":"https:\/\/hermossaeyewear.com\/#organization"},"potentialAction":[{"@type":"SearchAction","target":{"@type":"EntryPoint","urlTemplate":"https:\/\/hermossaeyewear.com\/?s={search_term_string}"},"query-input":"required name=search_term_string"}],"inLanguage":"tr"},{"@type":"ImageObject","@id":"https:\/\/hermossaeyewear.com\/tr\/urun\/mr-blonde\/#primaryimage","inLanguage":"tr","url":"https:\/\/hermossaeyewear.com\/wp-content\/uploads\/2022\/02\/HM-1498-04-Mr.Blonde-01.jpg","contentUrl":"https:\/\/hermossaeyewear.com\/wp-content\/uploads\/2022\/02\/HM-1498-04-Mr.Blonde-01.jpg","width":1800,"height":1800},{"@type":"WebPage","@id":"https:\/\/hermossaeyewear.com\/tr\/urun\/mr-blonde\/#webpage","url":"https:\/\/hermossaeyewear.com\/tr\/urun\/mr-blonde\/","name":"MR. BLONDE - Hermossa Eyewear","isPartOf":{"@id":"https:\/\/hermossaeyewear.com\/#website"},"primaryImageOfPage":{"@id":"https:\/\/hermossaeyewear.com\/tr\/urun\/mr-blonde\/#primaryimage"},"datePublished":"2022-02-14T07:34:18+00:00","dateModified":"2022-04-19T14:08:30+00:00","breadcrumb":{"@id":"https:\/\/hermossaeyewear.com\/tr\/urun\/mr-blonde\/#breadcrumb"},"inLanguage":"tr","potentialAction":[{"@type":"ReadAction","target":["https:\/\/hermossaeyewear.com\/tr\/urun\/mr-blonde\/"]}]},{"@type":"BreadcrumbList","@id":"https:\/\/hermossaeyewear.com\/tr\/urun\/mr-blonde\/#breadcrumb","itemListElement":[{"@type":"ListItem","position":1,"name":"Home","item":"https:\/\/hermossaeyewear.com\/"},{"@type":"ListItem","position":2,"name":"Colections","item":"https:\/\/hermossaeyewear.com\/shop\/"},{"@type":"ListItem","position":3,"name":"MR. BLONDE"}]}]}},"_links":{"self":[{"href":"https:\/\/hermossaeyewear.com\/tr\/wp-json\/wp\/v2\/product\/12347","targetHints":{"allow":["GET"]}}],"collection":[{"href":"https:\/\/hermossaeyewear.com\/tr\/wp-json\/wp\/v2\/product"}],"about":[{"href":"https:\/\/hermossaeyewear.com\/tr\/wp-json\/wp\/v2\/types\/product"}],"version-history":[{"count":4,"href":"https:\/\/hermossaeyewear.com\/tr\/wp-json\/wp\/v2\/product\/12347\/revisions"}],"predecessor-version":[{"id":15739,"href":"https:\/\/hermossaeyewear.com\/tr\/wp-json\/wp\/v2\/product\/12347\/revisions\/15739"}],"wp:featuredmedia":[{"embeddable":true,"href":"https:\/\/hermossaeyewear.com\/tr\/wp-json\/wp\/v2\/media\/10843"}],"wp:attachment":[{"href":"https:\/\/hermossaeyewear.com\/tr\/wp-json\/wp\/v2\/media?parent=12347"}],"wp:term":[{"taxonomy":"product_cat","embeddable":true,"href":"https:\/\/hermossaeyewear.com\/tr\/wp-json\/wp\/v2\/product_cat?post=12347"},{"taxonomy":"product_tag","embeddable":true,"href":"https:\/\/hermossaeyewear.com\/tr\/wp-json\/wp\/v2\/product_tag?post=12347"}],"curies":[{"name":"wp","href":"https:\/\/api.w.org\/{rel}","templated":true}]}}