{"id":12567,"date":"2022-02-08T09:53:04","date_gmt":"2022-02-08T06:53:04","guid":{"rendered":"https:\/\/hermossaeyewear.com\/product\/hermann\/"},"modified":"2022-04-18T10:10:21","modified_gmt":"2022-04-18T07:10:21","slug":"hermann","status":"publish","type":"product","link":"https:\/\/hermossaeyewear.com\/tr\/product\/hermann\/","title":{"rendered":"HERMANN"},"content":{"rendered":"<table width=\"1012\">\n<tbody>\n<tr>\n<td width=\"72\">Malzeme A\u00e7\u0131klamas\u0131<\/td>\n<td width=\"72\">Model \u0130smi<\/td>\n<td width=\"72\">Lens \u00d6l\u00e7\u00fcs\u00fc<\/td>\n<td width=\"72\">K\u00f6pr\u00fc<\/td>\n<td width=\"72\">Sap Boyu<\/td>\n<td width=\"72\">\u00c7er\u00e7eve \u015eekli<\/td>\n<td width=\"72\">G\u00f6vde Materyali<\/td>\n<td width=\"148\">G\u00f6vde Rengi<\/td>\n<td width=\"72\">Lens Materyali<\/td>\n<td width=\"72\">Lens \u00d6zelli\u011fi<\/td>\n<td width=\"72\">Lens Rengi<\/td>\n<td width=\"72\">\u00c7er\u00e7eve T\u00fcr\u00fc<\/td>\n<td width=\"72\">Cinsiyet<\/td>\n<\/tr>\n<tr>\n<td>HERMOSSA HMO 340 C 1 49-21 OPT\u0130K<\/td>\n<td>Hermann<\/td>\n<td>49<\/td>\n<td>21<\/td>\n<td>146<\/td>\n<td>Oval<\/td>\n<td>Titanyum<\/td>\n<td>Alt\u0131n Sar\u0131s\u0131 \/ Siyah<\/td>\n<td><\/td>\n<td><\/td>\n<td><\/td>\n<td>Tam \u00c7er\u00e7eveli<\/td>\n<td>Erkek<\/td>\n<\/tr>\n<tr>\n<td>HERMOSSA HMO 340 C 2 49-21 OPT\u0130K<\/td>\n<td>Hermann<\/td>\n<td>49<\/td>\n<td>21<\/td>\n<td>146<\/td>\n<td>Oval<\/td>\n<td>Titanyum<\/td>\n<td>Alt\u0131n Sar\u0131s\u0131 \/ Havana<\/td>\n<td><\/td>\n<td><\/td>\n<td><\/td>\n<td>Tam \u00c7er\u00e7eveli<\/td>\n<td>Erkek<\/td>\n<\/tr>\n<tr>\n<td>HERMOSSA HMO 340 C 3 49-21 OPT\u0130K<\/td>\n<td>Hermann<\/td>\n<td>49<\/td>\n<td>21<\/td>\n<td>146<\/td>\n<td>Oval<\/td>\n<td>Titanyum<\/td>\n<td>G\u00fcm\u00fc\u015f Rengi \/ Siyah<\/td>\n<td><\/td>\n<td><\/td>\n<td><\/td>\n<td>Tam \u00c7er\u00e7eveli<\/td>\n<td>Erkek<\/td>\n<\/tr>\n<tr>\n<td>HERMOSSA HMO 340 C 4 49-21 OPT\u0130K<\/td>\n<td>Hermann<\/td>\n<td>49<\/td>\n<td>21<\/td>\n<td>146<\/td>\n<td>Oval<\/td>\n<td>Titanyum<\/td>\n<td>Mat G\u00fcm\u00fc\u015f Rengi \/ Mat Mavi<\/td>\n<td><\/td>\n<td><\/td>\n<td><\/td>\n<td>Tam \u00c7er\u00e7eveli<\/td>\n<td>Erkek<\/td>\n<\/tr>\n<\/tbody>\n<\/table>\n","protected":false},"excerpt":{"rendered":"<div class=\"brandeyes\"><a href=\"https:\/\/www.brandeyes.com.tr\/kategori\/hermossa\" target=\"_blank\" rel=\"noopener\"><button>Sat\u0131n Al!<\/button><\/a><\/div>\n<p>Yeni 2022 sezonu moda hikayesi \u201cModa benim d\u00fcnyam\u201d ile g\u00f6steri\u015fli modelleri seven \u015fehirliler i\u00e7in son moda trendlerinden ilham alan ve canl\u0131 renk paleti ile tezat olu\u015fturan geni\u015f kelebek \u00e7er\u00e7eveleri ve \u015f\u0131k tasar\u0131mlar\u0131yla \u0131\u015f\u0131lt\u0131l\u0131 bir hikaye sunuyor.<\/p>\n<p>Kelimenin tam anlam\u0131yla kusursuz g\u00fczellik anlam\u0131na gelen Hermossa markas\u0131n\u0131n kimli\u011fini, g\u00f6z kama\u015ft\u0131ran yenilik\u00e7i tasar\u0131mlar, hafiflik, kar\u015f\u0131 konulmaz konfor ve trend renk kontrastlar\u0131n\u0131n birle\u015fiminden ortaya \u00e7\u0131kan g\u00fcne\u015f ve optik \u00e7er\u00e7eve olu\u015fturuyor.<\/p>\n","protected":false},"featured_media":10466,"template":"","meta":[],"product_cat":[1562,1094,1096,1097],"product_tag":[],"class_list":["post-12567","product","type-product","status-publish","has-post-thumbnail","hentry","product_cat-optikler","product_cat-kolleksiyonlar","product_cat-erkek-sonbahar-kis-22","product_cat-optik-erkek-sonbahar-kis-22"],"yoast_head":"<!-- This site is optimized with the Yoast SEO plugin v18.5.1 - https:\/\/yoast.com\/wordpress\/plugins\/seo\/ -->\n<title>HERMANN - Hermossa Eyewear<\/title>\n<meta name=\"robots\" content=\"index, follow, max-snippet:-1, max-image-preview:large, max-video-preview:-1\" \/>\n<link rel=\"canonical\" href=\"https:\/\/hermossaeyewear.com\/tr\/urun\/hermann\/\" \/>\n<meta property=\"og:locale\" content=\"tr_TR\" \/>\n<meta property=\"og:type\" content=\"article\" \/>\n<meta property=\"og:title\" content=\"HERMANN - Hermossa Eyewear\" \/>\n<meta property=\"og:description\" content=\"Sat\u0131n Al!  Yeni 2022 sezonu moda hikayesi \u201cModa benim d\u00fcnyam\u201d ile g\u00f6steri\u015fli modelleri seven \u015fehirliler i\u00e7in son moda trendlerinden ilham alan ve canl\u0131 renk paleti ile tezat olu\u015fturan geni\u015f kelebek \u00e7er\u00e7eveleri ve \u015f\u0131k tasar\u0131mlar\u0131yla \u0131\u015f\u0131lt\u0131l\u0131 bir hikaye sunuyor.  Kelimenin tam anlam\u0131yla kusursuz g\u00fczellik anlam\u0131na gelen Hermossa markas\u0131n\u0131n kimli\u011fini, g\u00f6z kama\u015ft\u0131ran yenilik\u00e7i tasar\u0131mlar, hafiflik, kar\u015f\u0131 konulmaz konfor ve trend renk kontrastlar\u0131n\u0131n birle\u015fiminden ortaya \u00e7\u0131kan g\u00fcne\u015f ve optik \u00e7er\u00e7eve olu\u015fturuyor.\" \/>\n<meta property=\"og:url\" content=\"https:\/\/hermossaeyewear.com\/tr\/urun\/hermann\/\" \/>\n<meta property=\"og:site_name\" content=\"Hermossa Eyewear\" \/>\n<meta property=\"article:modified_time\" content=\"2022-04-18T07:10:21+00:00\" \/>\n<meta property=\"og:image\" content=\"https:\/\/hermossaeyewear.com\/wp-content\/uploads\/2022\/02\/HMO340-01-Hermann.jpg\" \/>\n\t<meta property=\"og:image:width\" content=\"1800\" \/>\n\t<meta property=\"og:image:height\" content=\"1800\" \/>\n\t<meta property=\"og:image:type\" content=\"image\/jpeg\" \/>\n<meta name=\"twitter:card\" content=\"summary_large_image\" \/>\n<script type=\"application\/ld+json\" class=\"yoast-schema-graph\">{\"@context\":\"https:\/\/schema.org\",\"@graph\":[{\"@type\":\"Organization\",\"@id\":\"https:\/\/hermossaeyewear.com\/#organization\",\"name\":\"HERMOSSA EYEWEAR\",\"url\":\"https:\/\/hermossaeyewear.com\/\",\"sameAs\":[],\"logo\":{\"@type\":\"ImageObject\",\"@id\":\"https:\/\/hermossaeyewear.com\/#logo\",\"inLanguage\":\"tr\",\"url\":\"https:\/\/hermossaeyewear.com\/wp-content\/uploads\/2022\/01\/logo.svg\",\"contentUrl\":\"https:\/\/hermossaeyewear.com\/wp-content\/uploads\/2022\/01\/logo.svg\",\"width\":288,\"height\":70,\"caption\":\"HERMOSSA EYEWEAR\"},\"image\":{\"@id\":\"https:\/\/hermossaeyewear.com\/#logo\"}},{\"@type\":\"WebSite\",\"@id\":\"https:\/\/hermossaeyewear.com\/#website\",\"url\":\"https:\/\/hermossaeyewear.com\/\",\"name\":\"Hermossa Eyewear\",\"description\":\"\",\"publisher\":{\"@id\":\"https:\/\/hermossaeyewear.com\/#organization\"},\"potentialAction\":[{\"@type\":\"SearchAction\",\"target\":{\"@type\":\"EntryPoint\",\"urlTemplate\":\"https:\/\/hermossaeyewear.com\/?s={search_term_string}\"},\"query-input\":\"required name=search_term_string\"}],\"inLanguage\":\"tr\"},{\"@type\":\"ImageObject\",\"@id\":\"https:\/\/hermossaeyewear.com\/tr\/urun\/hermann\/#primaryimage\",\"inLanguage\":\"tr\",\"url\":\"https:\/\/hermossaeyewear.com\/wp-content\/uploads\/2022\/02\/HMO340-01-Hermann.jpg\",\"contentUrl\":\"https:\/\/hermossaeyewear.com\/wp-content\/uploads\/2022\/02\/HMO340-01-Hermann.jpg\",\"width\":1800,\"height\":1800},{\"@type\":\"WebPage\",\"@id\":\"https:\/\/hermossaeyewear.com\/tr\/urun\/hermann\/#webpage\",\"url\":\"https:\/\/hermossaeyewear.com\/tr\/urun\/hermann\/\",\"name\":\"HERMANN - Hermossa Eyewear\",\"isPartOf\":{\"@id\":\"https:\/\/hermossaeyewear.com\/#website\"},\"primaryImageOfPage\":{\"@id\":\"https:\/\/hermossaeyewear.com\/tr\/urun\/hermann\/#primaryimage\"},\"datePublished\":\"2022-02-08T06:53:04+00:00\",\"dateModified\":\"2022-04-18T07:10:21+00:00\",\"breadcrumb\":{\"@id\":\"https:\/\/hermossaeyewear.com\/tr\/urun\/hermann\/#breadcrumb\"},\"inLanguage\":\"tr\",\"potentialAction\":[{\"@type\":\"ReadAction\",\"target\":[\"https:\/\/hermossaeyewear.com\/tr\/urun\/hermann\/\"]}]},{\"@type\":\"BreadcrumbList\",\"@id\":\"https:\/\/hermossaeyewear.com\/tr\/urun\/hermann\/#breadcrumb\",\"itemListElement\":[{\"@type\":\"ListItem\",\"position\":1,\"name\":\"Home\",\"item\":\"https:\/\/hermossaeyewear.com\/\"},{\"@type\":\"ListItem\",\"position\":2,\"name\":\"Colections\",\"item\":\"https:\/\/hermossaeyewear.com\/shop\/\"},{\"@type\":\"ListItem\",\"position\":3,\"name\":\"HERMANN\"}]}]}<\/script>\n<!-- \/ Yoast SEO plugin. -->","yoast_head_json":{"title":"HERMANN - Hermossa Eyewear","robots":{"index":"index","follow":"follow","max-snippet":"max-snippet:-1","max-image-preview":"max-image-preview:large","max-video-preview":"max-video-preview:-1"},"canonical":"https:\/\/hermossaeyewear.com\/tr\/urun\/hermann\/","og_locale":"tr_TR","og_type":"article","og_title":"HERMANN - Hermossa Eyewear","og_description":"Sat\u0131n Al!  Yeni 2022 sezonu moda hikayesi \u201cModa benim d\u00fcnyam\u201d ile g\u00f6steri\u015fli modelleri seven \u015fehirliler i\u00e7in son moda trendlerinden ilham alan ve canl\u0131 renk paleti ile tezat olu\u015fturan geni\u015f kelebek \u00e7er\u00e7eveleri ve \u015f\u0131k tasar\u0131mlar\u0131yla \u0131\u015f\u0131lt\u0131l\u0131 bir hikaye sunuyor.  Kelimenin tam anlam\u0131yla kusursuz g\u00fczellik anlam\u0131na gelen Hermossa markas\u0131n\u0131n kimli\u011fini, g\u00f6z kama\u015ft\u0131ran yenilik\u00e7i tasar\u0131mlar, hafiflik, kar\u015f\u0131 konulmaz konfor ve trend renk kontrastlar\u0131n\u0131n birle\u015fiminden ortaya \u00e7\u0131kan g\u00fcne\u015f ve optik \u00e7er\u00e7eve olu\u015fturuyor.","og_url":"https:\/\/hermossaeyewear.com\/tr\/urun\/hermann\/","og_site_name":"Hermossa Eyewear","article_modified_time":"2022-04-18T07:10:21+00:00","og_image":[{"width":1800,"height":1800,"url":"https:\/\/hermossaeyewear.com\/wp-content\/uploads\/2022\/02\/HMO340-01-Hermann.jpg","type":"image\/jpeg"}],"twitter_card":"summary_large_image","schema":{"@context":"https:\/\/schema.org","@graph":[{"@type":"Organization","@id":"https:\/\/hermossaeyewear.com\/#organization","name":"HERMOSSA EYEWEAR","url":"https:\/\/hermossaeyewear.com\/","sameAs":[],"logo":{"@type":"ImageObject","@id":"https:\/\/hermossaeyewear.com\/#logo","inLanguage":"tr","url":"https:\/\/hermossaeyewear.com\/wp-content\/uploads\/2022\/01\/logo.svg","contentUrl":"https:\/\/hermossaeyewear.com\/wp-content\/uploads\/2022\/01\/logo.svg","width":288,"height":70,"caption":"HERMOSSA EYEWEAR"},"image":{"@id":"https:\/\/hermossaeyewear.com\/#logo"}},{"@type":"WebSite","@id":"https:\/\/hermossaeyewear.com\/#website","url":"https:\/\/hermossaeyewear.com\/","name":"Hermossa Eyewear","description":"","publisher":{"@id":"https:\/\/hermossaeyewear.com\/#organization"},"potentialAction":[{"@type":"SearchAction","target":{"@type":"EntryPoint","urlTemplate":"https:\/\/hermossaeyewear.com\/?s={search_term_string}"},"query-input":"required name=search_term_string"}],"inLanguage":"tr"},{"@type":"ImageObject","@id":"https:\/\/hermossaeyewear.com\/tr\/urun\/hermann\/#primaryimage","inLanguage":"tr","url":"https:\/\/hermossaeyewear.com\/wp-content\/uploads\/2022\/02\/HMO340-01-Hermann.jpg","contentUrl":"https:\/\/hermossaeyewear.com\/wp-content\/uploads\/2022\/02\/HMO340-01-Hermann.jpg","width":1800,"height":1800},{"@type":"WebPage","@id":"https:\/\/hermossaeyewear.com\/tr\/urun\/hermann\/#webpage","url":"https:\/\/hermossaeyewear.com\/tr\/urun\/hermann\/","name":"HERMANN - Hermossa Eyewear","isPartOf":{"@id":"https:\/\/hermossaeyewear.com\/#website"},"primaryImageOfPage":{"@id":"https:\/\/hermossaeyewear.com\/tr\/urun\/hermann\/#primaryimage"},"datePublished":"2022-02-08T06:53:04+00:00","dateModified":"2022-04-18T07:10:21+00:00","breadcrumb":{"@id":"https:\/\/hermossaeyewear.com\/tr\/urun\/hermann\/#breadcrumb"},"inLanguage":"tr","potentialAction":[{"@type":"ReadAction","target":["https:\/\/hermossaeyewear.com\/tr\/urun\/hermann\/"]}]},{"@type":"BreadcrumbList","@id":"https:\/\/hermossaeyewear.com\/tr\/urun\/hermann\/#breadcrumb","itemListElement":[{"@type":"ListItem","position":1,"name":"Home","item":"https:\/\/hermossaeyewear.com\/"},{"@type":"ListItem","position":2,"name":"Colections","item":"https:\/\/hermossaeyewear.com\/shop\/"},{"@type":"ListItem","position":3,"name":"HERMANN"}]}]}},"_links":{"self":[{"href":"https:\/\/hermossaeyewear.com\/tr\/wp-json\/wp\/v2\/product\/12567","targetHints":{"allow":["GET"]}}],"collection":[{"href":"https:\/\/hermossaeyewear.com\/tr\/wp-json\/wp\/v2\/product"}],"about":[{"href":"https:\/\/hermossaeyewear.com\/tr\/wp-json\/wp\/v2\/types\/product"}],"version-history":[{"count":8,"href":"https:\/\/hermossaeyewear.com\/tr\/wp-json\/wp\/v2\/product\/12567\/revisions"}],"predecessor-version":[{"id":15456,"href":"https:\/\/hermossaeyewear.com\/tr\/wp-json\/wp\/v2\/product\/12567\/revisions\/15456"}],"wp:featuredmedia":[{"embeddable":true,"href":"https:\/\/hermossaeyewear.com\/tr\/wp-json\/wp\/v2\/media\/10466"}],"wp:attachment":[{"href":"https:\/\/hermossaeyewear.com\/tr\/wp-json\/wp\/v2\/media?parent=12567"}],"wp:term":[{"taxonomy":"product_cat","embeddable":true,"href":"https:\/\/hermossaeyewear.com\/tr\/wp-json\/wp\/v2\/product_cat?post=12567"},{"taxonomy":"product_tag","embeddable":true,"href":"https:\/\/hermossaeyewear.com\/tr\/wp-json\/wp\/v2\/product_tag?post=12567"}],"curies":[{"name":"wp","href":"https:\/\/api.w.org\/{rel}","templated":true}]}}