{"id":13106,"date":"2022-03-09T01:00:32","date_gmt":"2022-03-08T22:00:32","guid":{"rendered":"https:\/\/hermossaeyewear.com\/product\/1515\/"},"modified":"2022-04-19T12:24:37","modified_gmt":"2022-04-19T09:24:37","slug":"1515","status":"publish","type":"product","link":"https:\/\/hermossaeyewear.com\/tr\/product\/1515\/","title":{"rendered":"BURCU ESMERSOY X HERMOSSA HM 1515"},"content":{"rendered":"<div class=\"brandeyes\"><a href=\"https:\/\/www.brandeyes.com.tr\/urun\/hermossa-hm-1515\" target=\"_parent\" rel=\"noopener\"><button>Sat\u0131n Al<\/button><\/a><\/div>\n<p>With its new 2022 season fashion story \u201cFashion is my world\u201d, it offers a shimmering story with wide butterfly frames and stylish designs, inspired by the latest fashion trends and contrasting with the vibrant color palette, for the city dwellers who love flashy models.<\/p>\n<p>In the identity of the Hermossa brand, which literally means perfect beauty, it is the sun and optical frame brand that emerges from the combination of dazzling innovative designs, lightness, irresistible comfort, and trendy color contrasts.<\/p>\n<p>.<\/p>\n","protected":false},"excerpt":{"rendered":"<div class=\"brandeyes\"><a href=\"https:\/\/www.brandeyes.com.tr\/urun\/hermossa-hm-1515\" target=\"_blank\" rel=\"noopener\"><button>Sat\u0131n Al<\/button><\/a><\/div>\n<p>Burcu Esmersoy&#8217;un dokunu\u015fu ve HERMOSSA&#8217;n\u0131n yarat\u0131c\u0131l\u0131\u011f\u0131n\u0131n bir araya geldi\u011fi Burcu Esmersoy X HERMOSSA koleksiyonu \u201cSadece g\u00fczel olma, Hermossa ile \u0131\u015f\u0131\u011f\u0131n\u0131 yans\u0131t\u201d mesaj\u0131n\u0131 veriyor. B\u00fcy\u00fck ve kare \u00e7er\u00e7eve trendini birle\u015ftiren HM1515 modeli, havana desenin kullan\u0131ld\u0131\u011f\u0131 farkl\u0131 renk uygulamalar\u0131 ile kar\u015f\u0131m\u0131za \u00e7\u0131k\u0131yor. Koleksiyonun en \u00e7arp\u0131c\u0131 modellerinden biri olan HM1515 iddial\u0131 bak\u0131\u015flar\u0131 \u00fczerine toplayacak bir tasar\u0131ma sahip.<\/p>\n","protected":false},"featured_media":15242,"template":"","meta":[],"product_cat":[1563,1094,1541,1103,1104],"product_tag":[],"class_list":["post-13106","product","type-product","status-publish","has-post-thumbnail","hentry","product_cat-gunesler","product_cat-kolleksiyonlar","product_cat-burcu-esmersoy-x-hermossa-tr","product_cat-kadin-sonbahar-kis-22","product_cat-gunes-gozlugu-kadin-sonbahar-kis-22"],"yoast_head":"<!-- This site is optimized with the Yoast SEO plugin v18.5.1 - https:\/\/yoast.com\/wordpress\/plugins\/seo\/ -->\n<title>BURCU ESMERSOY X HERMOSSA HM 1515 - Hermossa Eyewear<\/title>\n<meta name=\"robots\" content=\"index, follow, max-snippet:-1, max-image-preview:large, max-video-preview:-1\" \/>\n<link rel=\"canonical\" href=\"https:\/\/hermossaeyewear.com\/tr\/urun\/1515\/\" \/>\n<meta property=\"og:locale\" content=\"tr_TR\" \/>\n<meta property=\"og:type\" content=\"article\" \/>\n<meta property=\"og:title\" content=\"BURCU ESMERSOY X HERMOSSA HM 1515 - Hermossa Eyewear\" \/>\n<meta property=\"og:description\" content=\"Sat\u0131n AlBurcu Esmersoy&#039;un dokunu\u015fu ve HERMOSSA&#039;n\u0131n yarat\u0131c\u0131l\u0131\u011f\u0131n\u0131n bir araya geldi\u011fi Burcu Esmersoy X HERMOSSA koleksiyonu \u201cSadece g\u00fczel olma, Hermossa ile \u0131\u015f\u0131\u011f\u0131n\u0131 yans\u0131t\u201d mesaj\u0131n\u0131 veriyor. B\u00fcy\u00fck ve kare \u00e7er\u00e7eve trendini birle\u015ftiren HM1515 modeli, havana desenin kullan\u0131ld\u0131\u011f\u0131 farkl\u0131 renk uygulamalar\u0131 ile kar\u015f\u0131m\u0131za \u00e7\u0131k\u0131yor. Koleksiyonun en \u00e7arp\u0131c\u0131 modellerinden biri olan HM1515 iddial\u0131 bak\u0131\u015flar\u0131 \u00fczerine toplayacak bir tasar\u0131ma sahip.\" \/>\n<meta property=\"og:url\" content=\"https:\/\/hermossaeyewear.com\/tr\/urun\/1515\/\" \/>\n<meta property=\"og:site_name\" content=\"Hermossa Eyewear\" \/>\n<meta property=\"article:modified_time\" content=\"2022-04-19T09:24:37+00:00\" \/>\n<meta property=\"og:image\" content=\"https:\/\/hermossaeyewear.com\/wp-content\/uploads\/2022\/04\/BURCU-ESMERSOY-X-HERMOSSA-0.jpg\" \/>\n\t<meta property=\"og:image:width\" content=\"1600\" \/>\n\t<meta property=\"og:image:height\" content=\"1600\" \/>\n\t<meta property=\"og:image:type\" content=\"image\/jpeg\" \/>\n<meta name=\"twitter:card\" content=\"summary_large_image\" \/>\n<script type=\"application\/ld+json\" class=\"yoast-schema-graph\">{\"@context\":\"https:\/\/schema.org\",\"@graph\":[{\"@type\":\"Organization\",\"@id\":\"https:\/\/hermossaeyewear.com\/#organization\",\"name\":\"HERMOSSA EYEWEAR\",\"url\":\"https:\/\/hermossaeyewear.com\/\",\"sameAs\":[],\"logo\":{\"@type\":\"ImageObject\",\"@id\":\"https:\/\/hermossaeyewear.com\/#logo\",\"inLanguage\":\"tr\",\"url\":\"https:\/\/hermossaeyewear.com\/wp-content\/uploads\/2022\/01\/logo.svg\",\"contentUrl\":\"https:\/\/hermossaeyewear.com\/wp-content\/uploads\/2022\/01\/logo.svg\",\"width\":288,\"height\":70,\"caption\":\"HERMOSSA EYEWEAR\"},\"image\":{\"@id\":\"https:\/\/hermossaeyewear.com\/#logo\"}},{\"@type\":\"WebSite\",\"@id\":\"https:\/\/hermossaeyewear.com\/#website\",\"url\":\"https:\/\/hermossaeyewear.com\/\",\"name\":\"Hermossa Eyewear\",\"description\":\"\",\"publisher\":{\"@id\":\"https:\/\/hermossaeyewear.com\/#organization\"},\"potentialAction\":[{\"@type\":\"SearchAction\",\"target\":{\"@type\":\"EntryPoint\",\"urlTemplate\":\"https:\/\/hermossaeyewear.com\/?s={search_term_string}\"},\"query-input\":\"required name=search_term_string\"}],\"inLanguage\":\"tr\"},{\"@type\":\"ImageObject\",\"@id\":\"https:\/\/hermossaeyewear.com\/tr\/urun\/1515\/#primaryimage\",\"inLanguage\":\"tr\",\"url\":\"https:\/\/hermossaeyewear.com\/wp-content\/uploads\/2022\/04\/BURCU-ESMERSOY-X-HERMOSSA-0.jpg\",\"contentUrl\":\"https:\/\/hermossaeyewear.com\/wp-content\/uploads\/2022\/04\/BURCU-ESMERSOY-X-HERMOSSA-0.jpg\",\"width\":1600,\"height\":1600},{\"@type\":\"WebPage\",\"@id\":\"https:\/\/hermossaeyewear.com\/tr\/urun\/1515\/#webpage\",\"url\":\"https:\/\/hermossaeyewear.com\/tr\/urun\/1515\/\",\"name\":\"BURCU ESMERSOY X HERMOSSA HM 1515 - Hermossa Eyewear\",\"isPartOf\":{\"@id\":\"https:\/\/hermossaeyewear.com\/#website\"},\"primaryImageOfPage\":{\"@id\":\"https:\/\/hermossaeyewear.com\/tr\/urun\/1515\/#primaryimage\"},\"datePublished\":\"2022-03-08T22:00:32+00:00\",\"dateModified\":\"2022-04-19T09:24:37+00:00\",\"breadcrumb\":{\"@id\":\"https:\/\/hermossaeyewear.com\/tr\/urun\/1515\/#breadcrumb\"},\"inLanguage\":\"tr\",\"potentialAction\":[{\"@type\":\"ReadAction\",\"target\":[\"https:\/\/hermossaeyewear.com\/tr\/urun\/1515\/\"]}]},{\"@type\":\"BreadcrumbList\",\"@id\":\"https:\/\/hermossaeyewear.com\/tr\/urun\/1515\/#breadcrumb\",\"itemListElement\":[{\"@type\":\"ListItem\",\"position\":1,\"name\":\"Home\",\"item\":\"https:\/\/hermossaeyewear.com\/\"},{\"@type\":\"ListItem\",\"position\":2,\"name\":\"Colections\",\"item\":\"https:\/\/hermossaeyewear.com\/shop\/\"},{\"@type\":\"ListItem\",\"position\":3,\"name\":\"BURCU ESMERSOY X HERMOSSA HM 1515\"}]}]}<\/script>\n<!-- \/ Yoast SEO plugin. -->","yoast_head_json":{"title":"BURCU ESMERSOY X HERMOSSA HM 1515 - Hermossa Eyewear","robots":{"index":"index","follow":"follow","max-snippet":"max-snippet:-1","max-image-preview":"max-image-preview:large","max-video-preview":"max-video-preview:-1"},"canonical":"https:\/\/hermossaeyewear.com\/tr\/urun\/1515\/","og_locale":"tr_TR","og_type":"article","og_title":"BURCU ESMERSOY X HERMOSSA HM 1515 - Hermossa Eyewear","og_description":"Sat\u0131n AlBurcu Esmersoy'un dokunu\u015fu ve HERMOSSA'n\u0131n yarat\u0131c\u0131l\u0131\u011f\u0131n\u0131n bir araya geldi\u011fi Burcu Esmersoy X HERMOSSA koleksiyonu \u201cSadece g\u00fczel olma, Hermossa ile \u0131\u015f\u0131\u011f\u0131n\u0131 yans\u0131t\u201d mesaj\u0131n\u0131 veriyor. B\u00fcy\u00fck ve kare \u00e7er\u00e7eve trendini birle\u015ftiren HM1515 modeli, havana desenin kullan\u0131ld\u0131\u011f\u0131 farkl\u0131 renk uygulamalar\u0131 ile kar\u015f\u0131m\u0131za \u00e7\u0131k\u0131yor. Koleksiyonun en \u00e7arp\u0131c\u0131 modellerinden biri olan HM1515 iddial\u0131 bak\u0131\u015flar\u0131 \u00fczerine toplayacak bir tasar\u0131ma sahip.","og_url":"https:\/\/hermossaeyewear.com\/tr\/urun\/1515\/","og_site_name":"Hermossa Eyewear","article_modified_time":"2022-04-19T09:24:37+00:00","og_image":[{"width":1600,"height":1600,"url":"https:\/\/hermossaeyewear.com\/wp-content\/uploads\/2022\/04\/BURCU-ESMERSOY-X-HERMOSSA-0.jpg","type":"image\/jpeg"}],"twitter_card":"summary_large_image","schema":{"@context":"https:\/\/schema.org","@graph":[{"@type":"Organization","@id":"https:\/\/hermossaeyewear.com\/#organization","name":"HERMOSSA EYEWEAR","url":"https:\/\/hermossaeyewear.com\/","sameAs":[],"logo":{"@type":"ImageObject","@id":"https:\/\/hermossaeyewear.com\/#logo","inLanguage":"tr","url":"https:\/\/hermossaeyewear.com\/wp-content\/uploads\/2022\/01\/logo.svg","contentUrl":"https:\/\/hermossaeyewear.com\/wp-content\/uploads\/2022\/01\/logo.svg","width":288,"height":70,"caption":"HERMOSSA EYEWEAR"},"image":{"@id":"https:\/\/hermossaeyewear.com\/#logo"}},{"@type":"WebSite","@id":"https:\/\/hermossaeyewear.com\/#website","url":"https:\/\/hermossaeyewear.com\/","name":"Hermossa Eyewear","description":"","publisher":{"@id":"https:\/\/hermossaeyewear.com\/#organization"},"potentialAction":[{"@type":"SearchAction","target":{"@type":"EntryPoint","urlTemplate":"https:\/\/hermossaeyewear.com\/?s={search_term_string}"},"query-input":"required name=search_term_string"}],"inLanguage":"tr"},{"@type":"ImageObject","@id":"https:\/\/hermossaeyewear.com\/tr\/urun\/1515\/#primaryimage","inLanguage":"tr","url":"https:\/\/hermossaeyewear.com\/wp-content\/uploads\/2022\/04\/BURCU-ESMERSOY-X-HERMOSSA-0.jpg","contentUrl":"https:\/\/hermossaeyewear.com\/wp-content\/uploads\/2022\/04\/BURCU-ESMERSOY-X-HERMOSSA-0.jpg","width":1600,"height":1600},{"@type":"WebPage","@id":"https:\/\/hermossaeyewear.com\/tr\/urun\/1515\/#webpage","url":"https:\/\/hermossaeyewear.com\/tr\/urun\/1515\/","name":"BURCU ESMERSOY X HERMOSSA HM 1515 - Hermossa Eyewear","isPartOf":{"@id":"https:\/\/hermossaeyewear.com\/#website"},"primaryImageOfPage":{"@id":"https:\/\/hermossaeyewear.com\/tr\/urun\/1515\/#primaryimage"},"datePublished":"2022-03-08T22:00:32+00:00","dateModified":"2022-04-19T09:24:37+00:00","breadcrumb":{"@id":"https:\/\/hermossaeyewear.com\/tr\/urun\/1515\/#breadcrumb"},"inLanguage":"tr","potentialAction":[{"@type":"ReadAction","target":["https:\/\/hermossaeyewear.com\/tr\/urun\/1515\/"]}]},{"@type":"BreadcrumbList","@id":"https:\/\/hermossaeyewear.com\/tr\/urun\/1515\/#breadcrumb","itemListElement":[{"@type":"ListItem","position":1,"name":"Home","item":"https:\/\/hermossaeyewear.com\/"},{"@type":"ListItem","position":2,"name":"Colections","item":"https:\/\/hermossaeyewear.com\/shop\/"},{"@type":"ListItem","position":3,"name":"BURCU ESMERSOY X HERMOSSA HM 1515"}]}]}},"_links":{"self":[{"href":"https:\/\/hermossaeyewear.com\/tr\/wp-json\/wp\/v2\/product\/13106","targetHints":{"allow":["GET"]}}],"collection":[{"href":"https:\/\/hermossaeyewear.com\/tr\/wp-json\/wp\/v2\/product"}],"about":[{"href":"https:\/\/hermossaeyewear.com\/tr\/wp-json\/wp\/v2\/types\/product"}],"version-history":[{"count":4,"href":"https:\/\/hermossaeyewear.com\/tr\/wp-json\/wp\/v2\/product\/13106\/revisions"}],"predecessor-version":[{"id":15603,"href":"https:\/\/hermossaeyewear.com\/tr\/wp-json\/wp\/v2\/product\/13106\/revisions\/15603"}],"wp:featuredmedia":[{"embeddable":true,"href":"https:\/\/hermossaeyewear.com\/tr\/wp-json\/wp\/v2\/media\/15242"}],"wp:attachment":[{"href":"https:\/\/hermossaeyewear.com\/tr\/wp-json\/wp\/v2\/media?parent=13106"}],"wp:term":[{"taxonomy":"product_cat","embeddable":true,"href":"https:\/\/hermossaeyewear.com\/tr\/wp-json\/wp\/v2\/product_cat?post=13106"},{"taxonomy":"product_tag","embeddable":true,"href":"https:\/\/hermossaeyewear.com\/tr\/wp-json\/wp\/v2\/product_tag?post=13106"}],"curies":[{"name":"wp","href":"https:\/\/api.w.org\/{rel}","templated":true}]}}