{"id":13154,"date":"2022-03-09T01:20:07","date_gmt":"2022-03-08T22:20:07","guid":{"rendered":"https:\/\/hermossaeyewear.com\/product\/1516\/"},"modified":"2022-04-19T12:24:46","modified_gmt":"2022-04-19T09:24:46","slug":"1516","status":"publish","type":"product","link":"https:\/\/hermossaeyewear.com\/tr\/product\/1516\/","title":{"rendered":"BURCU ESMERSOY X HERMOSSA HM 1516"},"content":{"rendered":"","protected":false},"excerpt":{"rendered":"<div class=\"brandeyes\"><a href=\"https:\/\/www.brandeyes.com.tr\/urun\/hermossa-hm-1516\" target=\"_blank\" rel=\"noopener\"><button>Sat\u0131n Al<\/button><\/a><\/div>\n<p>Burcu Esmersoy X Hermossa&#8217;n\u0131n HM1516 modelinin zarif, dikd\u00f6rtgen g\u00f6vdesi koleksiyonun sofistike esteti\u011fini vurguluyor. Koyu renkli ve &#8220;Antirefle Kaplamal\u0131&#8221; lenslerin yerle\u015ftirildi\u011fi parlak asetat g\u00f6vdenin kenarlar\u0131ndaki alt\u0131n tonlu \u015feritler g\u00f6zl\u00fc\u011fe retro bir g\u00f6r\u00fcn\u00fcm veriyor.<\/p>\n","protected":false},"featured_media":12879,"template":"","meta":[],"product_cat":[1563,1094,1541,1103,1104],"product_tag":[],"class_list":["post-13154","product","type-product","status-publish","has-post-thumbnail","hentry","product_cat-gunesler","product_cat-kolleksiyonlar","product_cat-burcu-esmersoy-x-hermossa-tr","product_cat-kadin-sonbahar-kis-22","product_cat-gunes-gozlugu-kadin-sonbahar-kis-22"],"yoast_head":"<!-- This site is optimized with the Yoast SEO plugin v18.5.1 - https:\/\/yoast.com\/wordpress\/plugins\/seo\/ -->\n<title>BURCU ESMERSOY X HERMOSSA HM 1516 - Hermossa Eyewear<\/title>\n<meta name=\"robots\" content=\"index, follow, max-snippet:-1, max-image-preview:large, max-video-preview:-1\" \/>\n<link rel=\"canonical\" href=\"https:\/\/hermossaeyewear.com\/tr\/urun\/1516\/\" \/>\n<meta property=\"og:locale\" content=\"tr_TR\" \/>\n<meta property=\"og:type\" content=\"article\" \/>\n<meta property=\"og:title\" content=\"BURCU ESMERSOY X HERMOSSA HM 1516 - Hermossa Eyewear\" \/>\n<meta property=\"og:description\" content=\"Sat\u0131n AlBurcu Esmersoy X Hermossa&#039;n\u0131n HM1516 modelinin zarif, dikd\u00f6rtgen g\u00f6vdesi koleksiyonun sofistike esteti\u011fini vurguluyor. Koyu renkli ve &quot;Antirefle Kaplamal\u0131&quot; lenslerin yerle\u015ftirildi\u011fi parlak asetat g\u00f6vdenin kenarlar\u0131ndaki alt\u0131n tonlu \u015feritler g\u00f6zl\u00fc\u011fe retro bir g\u00f6r\u00fcn\u00fcm veriyor.\" \/>\n<meta property=\"og:url\" content=\"https:\/\/hermossaeyewear.com\/tr\/urun\/1516\/\" \/>\n<meta property=\"og:site_name\" content=\"Hermossa Eyewear\" \/>\n<meta property=\"article:modified_time\" content=\"2022-04-19T09:24:46+00:00\" \/>\n<meta property=\"og:image\" content=\"https:\/\/hermossaeyewear.com\/wp-content\/uploads\/2022\/03\/HERMOSSA-HM-1516-C-4-01.jpg\" \/>\n\t<meta property=\"og:image:width\" content=\"1600\" \/>\n\t<meta property=\"og:image:height\" content=\"1600\" \/>\n\t<meta property=\"og:image:type\" content=\"image\/jpeg\" \/>\n<meta name=\"twitter:card\" content=\"summary_large_image\" \/>\n<script type=\"application\/ld+json\" class=\"yoast-schema-graph\">{\"@context\":\"https:\/\/schema.org\",\"@graph\":[{\"@type\":\"Organization\",\"@id\":\"https:\/\/hermossaeyewear.com\/#organization\",\"name\":\"HERMOSSA EYEWEAR\",\"url\":\"https:\/\/hermossaeyewear.com\/\",\"sameAs\":[],\"logo\":{\"@type\":\"ImageObject\",\"@id\":\"https:\/\/hermossaeyewear.com\/#logo\",\"inLanguage\":\"tr\",\"url\":\"https:\/\/hermossaeyewear.com\/wp-content\/uploads\/2022\/01\/logo.svg\",\"contentUrl\":\"https:\/\/hermossaeyewear.com\/wp-content\/uploads\/2022\/01\/logo.svg\",\"width\":288,\"height\":70,\"caption\":\"HERMOSSA EYEWEAR\"},\"image\":{\"@id\":\"https:\/\/hermossaeyewear.com\/#logo\"}},{\"@type\":\"WebSite\",\"@id\":\"https:\/\/hermossaeyewear.com\/#website\",\"url\":\"https:\/\/hermossaeyewear.com\/\",\"name\":\"Hermossa Eyewear\",\"description\":\"\",\"publisher\":{\"@id\":\"https:\/\/hermossaeyewear.com\/#organization\"},\"potentialAction\":[{\"@type\":\"SearchAction\",\"target\":{\"@type\":\"EntryPoint\",\"urlTemplate\":\"https:\/\/hermossaeyewear.com\/?s={search_term_string}\"},\"query-input\":\"required name=search_term_string\"}],\"inLanguage\":\"tr\"},{\"@type\":\"ImageObject\",\"@id\":\"https:\/\/hermossaeyewear.com\/tr\/urun\/1516\/#primaryimage\",\"inLanguage\":\"tr\",\"url\":\"https:\/\/hermossaeyewear.com\/wp-content\/uploads\/2022\/03\/HERMOSSA-HM-1516-C-4-01.jpg\",\"contentUrl\":\"https:\/\/hermossaeyewear.com\/wp-content\/uploads\/2022\/03\/HERMOSSA-HM-1516-C-4-01.jpg\",\"width\":1600,\"height\":1600},{\"@type\":\"WebPage\",\"@id\":\"https:\/\/hermossaeyewear.com\/tr\/urun\/1516\/#webpage\",\"url\":\"https:\/\/hermossaeyewear.com\/tr\/urun\/1516\/\",\"name\":\"BURCU ESMERSOY X HERMOSSA HM 1516 - Hermossa Eyewear\",\"isPartOf\":{\"@id\":\"https:\/\/hermossaeyewear.com\/#website\"},\"primaryImageOfPage\":{\"@id\":\"https:\/\/hermossaeyewear.com\/tr\/urun\/1516\/#primaryimage\"},\"datePublished\":\"2022-03-08T22:20:07+00:00\",\"dateModified\":\"2022-04-19T09:24:46+00:00\",\"breadcrumb\":{\"@id\":\"https:\/\/hermossaeyewear.com\/tr\/urun\/1516\/#breadcrumb\"},\"inLanguage\":\"tr\",\"potentialAction\":[{\"@type\":\"ReadAction\",\"target\":[\"https:\/\/hermossaeyewear.com\/tr\/urun\/1516\/\"]}]},{\"@type\":\"BreadcrumbList\",\"@id\":\"https:\/\/hermossaeyewear.com\/tr\/urun\/1516\/#breadcrumb\",\"itemListElement\":[{\"@type\":\"ListItem\",\"position\":1,\"name\":\"Home\",\"item\":\"https:\/\/hermossaeyewear.com\/\"},{\"@type\":\"ListItem\",\"position\":2,\"name\":\"Colections\",\"item\":\"https:\/\/hermossaeyewear.com\/shop\/\"},{\"@type\":\"ListItem\",\"position\":3,\"name\":\"BURCU ESMERSOY X HERMOSSA HM 1516\"}]}]}<\/script>\n<!-- \/ Yoast SEO plugin. -->","yoast_head_json":{"title":"BURCU ESMERSOY X HERMOSSA HM 1516 - Hermossa Eyewear","robots":{"index":"index","follow":"follow","max-snippet":"max-snippet:-1","max-image-preview":"max-image-preview:large","max-video-preview":"max-video-preview:-1"},"canonical":"https:\/\/hermossaeyewear.com\/tr\/urun\/1516\/","og_locale":"tr_TR","og_type":"article","og_title":"BURCU ESMERSOY X HERMOSSA HM 1516 - Hermossa Eyewear","og_description":"Sat\u0131n AlBurcu Esmersoy X Hermossa'n\u0131n HM1516 modelinin zarif, dikd\u00f6rtgen g\u00f6vdesi koleksiyonun sofistike esteti\u011fini vurguluyor. Koyu renkli ve \"Antirefle Kaplamal\u0131\" lenslerin yerle\u015ftirildi\u011fi parlak asetat g\u00f6vdenin kenarlar\u0131ndaki alt\u0131n tonlu \u015feritler g\u00f6zl\u00fc\u011fe retro bir g\u00f6r\u00fcn\u00fcm veriyor.","og_url":"https:\/\/hermossaeyewear.com\/tr\/urun\/1516\/","og_site_name":"Hermossa Eyewear","article_modified_time":"2022-04-19T09:24:46+00:00","og_image":[{"width":1600,"height":1600,"url":"https:\/\/hermossaeyewear.com\/wp-content\/uploads\/2022\/03\/HERMOSSA-HM-1516-C-4-01.jpg","type":"image\/jpeg"}],"twitter_card":"summary_large_image","schema":{"@context":"https:\/\/schema.org","@graph":[{"@type":"Organization","@id":"https:\/\/hermossaeyewear.com\/#organization","name":"HERMOSSA EYEWEAR","url":"https:\/\/hermossaeyewear.com\/","sameAs":[],"logo":{"@type":"ImageObject","@id":"https:\/\/hermossaeyewear.com\/#logo","inLanguage":"tr","url":"https:\/\/hermossaeyewear.com\/wp-content\/uploads\/2022\/01\/logo.svg","contentUrl":"https:\/\/hermossaeyewear.com\/wp-content\/uploads\/2022\/01\/logo.svg","width":288,"height":70,"caption":"HERMOSSA EYEWEAR"},"image":{"@id":"https:\/\/hermossaeyewear.com\/#logo"}},{"@type":"WebSite","@id":"https:\/\/hermossaeyewear.com\/#website","url":"https:\/\/hermossaeyewear.com\/","name":"Hermossa Eyewear","description":"","publisher":{"@id":"https:\/\/hermossaeyewear.com\/#organization"},"potentialAction":[{"@type":"SearchAction","target":{"@type":"EntryPoint","urlTemplate":"https:\/\/hermossaeyewear.com\/?s={search_term_string}"},"query-input":"required name=search_term_string"}],"inLanguage":"tr"},{"@type":"ImageObject","@id":"https:\/\/hermossaeyewear.com\/tr\/urun\/1516\/#primaryimage","inLanguage":"tr","url":"https:\/\/hermossaeyewear.com\/wp-content\/uploads\/2022\/03\/HERMOSSA-HM-1516-C-4-01.jpg","contentUrl":"https:\/\/hermossaeyewear.com\/wp-content\/uploads\/2022\/03\/HERMOSSA-HM-1516-C-4-01.jpg","width":1600,"height":1600},{"@type":"WebPage","@id":"https:\/\/hermossaeyewear.com\/tr\/urun\/1516\/#webpage","url":"https:\/\/hermossaeyewear.com\/tr\/urun\/1516\/","name":"BURCU ESMERSOY X HERMOSSA HM 1516 - Hermossa Eyewear","isPartOf":{"@id":"https:\/\/hermossaeyewear.com\/#website"},"primaryImageOfPage":{"@id":"https:\/\/hermossaeyewear.com\/tr\/urun\/1516\/#primaryimage"},"datePublished":"2022-03-08T22:20:07+00:00","dateModified":"2022-04-19T09:24:46+00:00","breadcrumb":{"@id":"https:\/\/hermossaeyewear.com\/tr\/urun\/1516\/#breadcrumb"},"inLanguage":"tr","potentialAction":[{"@type":"ReadAction","target":["https:\/\/hermossaeyewear.com\/tr\/urun\/1516\/"]}]},{"@type":"BreadcrumbList","@id":"https:\/\/hermossaeyewear.com\/tr\/urun\/1516\/#breadcrumb","itemListElement":[{"@type":"ListItem","position":1,"name":"Home","item":"https:\/\/hermossaeyewear.com\/"},{"@type":"ListItem","position":2,"name":"Colections","item":"https:\/\/hermossaeyewear.com\/shop\/"},{"@type":"ListItem","position":3,"name":"BURCU ESMERSOY X HERMOSSA HM 1516"}]}]}},"_links":{"self":[{"href":"https:\/\/hermossaeyewear.com\/tr\/wp-json\/wp\/v2\/product\/13154","targetHints":{"allow":["GET"]}}],"collection":[{"href":"https:\/\/hermossaeyewear.com\/tr\/wp-json\/wp\/v2\/product"}],"about":[{"href":"https:\/\/hermossaeyewear.com\/tr\/wp-json\/wp\/v2\/types\/product"}],"version-history":[{"count":4,"href":"https:\/\/hermossaeyewear.com\/tr\/wp-json\/wp\/v2\/product\/13154\/revisions"}],"predecessor-version":[{"id":15604,"href":"https:\/\/hermossaeyewear.com\/tr\/wp-json\/wp\/v2\/product\/13154\/revisions\/15604"}],"wp:featuredmedia":[{"embeddable":true,"href":"https:\/\/hermossaeyewear.com\/tr\/wp-json\/wp\/v2\/media\/12879"}],"wp:attachment":[{"href":"https:\/\/hermossaeyewear.com\/tr\/wp-json\/wp\/v2\/media?parent=13154"}],"wp:term":[{"taxonomy":"product_cat","embeddable":true,"href":"https:\/\/hermossaeyewear.com\/tr\/wp-json\/wp\/v2\/product_cat?post=13154"},{"taxonomy":"product_tag","embeddable":true,"href":"https:\/\/hermossaeyewear.com\/tr\/wp-json\/wp\/v2\/product_tag?post=13154"}],"curies":[{"name":"wp","href":"https:\/\/api.w.org\/{rel}","templated":true}]}}