{"id":13299,"date":"2022-03-09T02:08:03","date_gmt":"2022-03-08T23:08:03","guid":{"rendered":"https:\/\/hermossaeyewear.com\/product\/hermossa-hm-1520\/"},"modified":"2022-04-19T12:25:49","modified_gmt":"2022-04-19T09:25:49","slug":"hermossa-hm-1520","status":"publish","type":"product","link":"https:\/\/hermossaeyewear.com\/tr\/product\/hermossa-hm-1520\/","title":{"rendered":"BURCU ESMERSOY X HERMOSSA HM 1520"},"content":{"rendered":"","protected":false},"excerpt":{"rendered":"<div class=\"brandeyes\"><a href=\"https:\/\/www.brandeyes.com.tr\/urun\/hermossa-hm-1520\" target=\"_blank\" rel=\"noopener\"><button>Sat\u0131n Al<\/button><\/a><\/div>\n<p>Degrade cam ile geometrik kesim tasar\u0131m\u0131n birle\u015fiminden ortaya \u00e7\u0131kan HM1520 modeli yenilik\u00e7i, farkl\u0131 bir stile sahip. Trendleri yak\u0131ndan takip eden moda severler i\u00e7in harika bir se\u00e7enek olan HM1520 Burcu Esmersoy X Hermossa&#8217;n\u0131n s\u0131rad\u0131\u015f\u0131 tasar\u0131mlar\u0131ndan biri.<\/p>\n","protected":false},"featured_media":12925,"template":"","meta":[],"product_cat":[1563,1094,1541,1103,1104],"product_tag":[],"class_list":["post-13299","product","type-product","status-publish","has-post-thumbnail","hentry","product_cat-gunesler","product_cat-kolleksiyonlar","product_cat-burcu-esmersoy-x-hermossa-tr","product_cat-kadin-sonbahar-kis-22","product_cat-gunes-gozlugu-kadin-sonbahar-kis-22"],"yoast_head":"<!-- This site is optimized with the Yoast SEO plugin v18.5.1 - https:\/\/yoast.com\/wordpress\/plugins\/seo\/ -->\n<title>BURCU ESMERSOY X HERMOSSA HM 1520 - Hermossa Eyewear<\/title>\n<meta name=\"robots\" content=\"index, follow, max-snippet:-1, max-image-preview:large, max-video-preview:-1\" \/>\n<link rel=\"canonical\" href=\"https:\/\/hermossaeyewear.com\/tr\/urun\/hermossa-hm-1520\/\" \/>\n<meta property=\"og:locale\" content=\"tr_TR\" \/>\n<meta property=\"og:type\" content=\"article\" \/>\n<meta property=\"og:title\" content=\"BURCU ESMERSOY X HERMOSSA HM 1520 - Hermossa Eyewear\" \/>\n<meta property=\"og:description\" content=\"Sat\u0131n AlDegrade cam ile geometrik kesim tasar\u0131m\u0131n birle\u015fiminden ortaya \u00e7\u0131kan HM1520 modeli yenilik\u00e7i, farkl\u0131 bir stile sahip. Trendleri yak\u0131ndan takip eden moda severler i\u00e7in harika bir se\u00e7enek olan HM1520 Burcu Esmersoy X Hermossa&#039;n\u0131n s\u0131rad\u0131\u015f\u0131 tasar\u0131mlar\u0131ndan biri.\" \/>\n<meta property=\"og:url\" content=\"https:\/\/hermossaeyewear.com\/tr\/urun\/hermossa-hm-1520\/\" \/>\n<meta property=\"og:site_name\" content=\"Hermossa Eyewear\" \/>\n<meta property=\"article:modified_time\" content=\"2022-04-19T09:25:49+00:00\" \/>\n<meta property=\"og:image\" content=\"https:\/\/hermossaeyewear.com\/wp-content\/uploads\/2022\/03\/HERMOSSA-HM-1520-C-5-01.jpg\" \/>\n\t<meta property=\"og:image:width\" content=\"1600\" \/>\n\t<meta property=\"og:image:height\" content=\"1600\" \/>\n\t<meta property=\"og:image:type\" content=\"image\/jpeg\" \/>\n<meta name=\"twitter:card\" content=\"summary_large_image\" \/>\n<script type=\"application\/ld+json\" class=\"yoast-schema-graph\">{\"@context\":\"https:\/\/schema.org\",\"@graph\":[{\"@type\":\"Organization\",\"@id\":\"https:\/\/hermossaeyewear.com\/#organization\",\"name\":\"HERMOSSA EYEWEAR\",\"url\":\"https:\/\/hermossaeyewear.com\/\",\"sameAs\":[],\"logo\":{\"@type\":\"ImageObject\",\"@id\":\"https:\/\/hermossaeyewear.com\/#logo\",\"inLanguage\":\"tr\",\"url\":\"https:\/\/hermossaeyewear.com\/wp-content\/uploads\/2022\/01\/logo.svg\",\"contentUrl\":\"https:\/\/hermossaeyewear.com\/wp-content\/uploads\/2022\/01\/logo.svg\",\"width\":288,\"height\":70,\"caption\":\"HERMOSSA EYEWEAR\"},\"image\":{\"@id\":\"https:\/\/hermossaeyewear.com\/#logo\"}},{\"@type\":\"WebSite\",\"@id\":\"https:\/\/hermossaeyewear.com\/#website\",\"url\":\"https:\/\/hermossaeyewear.com\/\",\"name\":\"Hermossa Eyewear\",\"description\":\"\",\"publisher\":{\"@id\":\"https:\/\/hermossaeyewear.com\/#organization\"},\"potentialAction\":[{\"@type\":\"SearchAction\",\"target\":{\"@type\":\"EntryPoint\",\"urlTemplate\":\"https:\/\/hermossaeyewear.com\/?s={search_term_string}\"},\"query-input\":\"required name=search_term_string\"}],\"inLanguage\":\"tr\"},{\"@type\":\"ImageObject\",\"@id\":\"https:\/\/hermossaeyewear.com\/tr\/urun\/hermossa-hm-1520\/#primaryimage\",\"inLanguage\":\"tr\",\"url\":\"https:\/\/hermossaeyewear.com\/wp-content\/uploads\/2022\/03\/HERMOSSA-HM-1520-C-5-01.jpg\",\"contentUrl\":\"https:\/\/hermossaeyewear.com\/wp-content\/uploads\/2022\/03\/HERMOSSA-HM-1520-C-5-01.jpg\",\"width\":1600,\"height\":1600},{\"@type\":\"WebPage\",\"@id\":\"https:\/\/hermossaeyewear.com\/tr\/urun\/hermossa-hm-1520\/#webpage\",\"url\":\"https:\/\/hermossaeyewear.com\/tr\/urun\/hermossa-hm-1520\/\",\"name\":\"BURCU ESMERSOY X HERMOSSA HM 1520 - Hermossa Eyewear\",\"isPartOf\":{\"@id\":\"https:\/\/hermossaeyewear.com\/#website\"},\"primaryImageOfPage\":{\"@id\":\"https:\/\/hermossaeyewear.com\/tr\/urun\/hermossa-hm-1520\/#primaryimage\"},\"datePublished\":\"2022-03-08T23:08:03+00:00\",\"dateModified\":\"2022-04-19T09:25:49+00:00\",\"breadcrumb\":{\"@id\":\"https:\/\/hermossaeyewear.com\/tr\/urun\/hermossa-hm-1520\/#breadcrumb\"},\"inLanguage\":\"tr\",\"potentialAction\":[{\"@type\":\"ReadAction\",\"target\":[\"https:\/\/hermossaeyewear.com\/tr\/urun\/hermossa-hm-1520\/\"]}]},{\"@type\":\"BreadcrumbList\",\"@id\":\"https:\/\/hermossaeyewear.com\/tr\/urun\/hermossa-hm-1520\/#breadcrumb\",\"itemListElement\":[{\"@type\":\"ListItem\",\"position\":1,\"name\":\"Home\",\"item\":\"https:\/\/hermossaeyewear.com\/\"},{\"@type\":\"ListItem\",\"position\":2,\"name\":\"Colections\",\"item\":\"https:\/\/hermossaeyewear.com\/shop\/\"},{\"@type\":\"ListItem\",\"position\":3,\"name\":\"BURCU ESMERSOY X HERMOSSA HM 1520\"}]}]}<\/script>\n<!-- \/ Yoast SEO plugin. -->","yoast_head_json":{"title":"BURCU ESMERSOY X HERMOSSA HM 1520 - Hermossa Eyewear","robots":{"index":"index","follow":"follow","max-snippet":"max-snippet:-1","max-image-preview":"max-image-preview:large","max-video-preview":"max-video-preview:-1"},"canonical":"https:\/\/hermossaeyewear.com\/tr\/urun\/hermossa-hm-1520\/","og_locale":"tr_TR","og_type":"article","og_title":"BURCU ESMERSOY X HERMOSSA HM 1520 - Hermossa Eyewear","og_description":"Sat\u0131n AlDegrade cam ile geometrik kesim tasar\u0131m\u0131n birle\u015fiminden ortaya \u00e7\u0131kan HM1520 modeli yenilik\u00e7i, farkl\u0131 bir stile sahip. Trendleri yak\u0131ndan takip eden moda severler i\u00e7in harika bir se\u00e7enek olan HM1520 Burcu Esmersoy X Hermossa'n\u0131n s\u0131rad\u0131\u015f\u0131 tasar\u0131mlar\u0131ndan biri.","og_url":"https:\/\/hermossaeyewear.com\/tr\/urun\/hermossa-hm-1520\/","og_site_name":"Hermossa Eyewear","article_modified_time":"2022-04-19T09:25:49+00:00","og_image":[{"width":1600,"height":1600,"url":"https:\/\/hermossaeyewear.com\/wp-content\/uploads\/2022\/03\/HERMOSSA-HM-1520-C-5-01.jpg","type":"image\/jpeg"}],"twitter_card":"summary_large_image","schema":{"@context":"https:\/\/schema.org","@graph":[{"@type":"Organization","@id":"https:\/\/hermossaeyewear.com\/#organization","name":"HERMOSSA EYEWEAR","url":"https:\/\/hermossaeyewear.com\/","sameAs":[],"logo":{"@type":"ImageObject","@id":"https:\/\/hermossaeyewear.com\/#logo","inLanguage":"tr","url":"https:\/\/hermossaeyewear.com\/wp-content\/uploads\/2022\/01\/logo.svg","contentUrl":"https:\/\/hermossaeyewear.com\/wp-content\/uploads\/2022\/01\/logo.svg","width":288,"height":70,"caption":"HERMOSSA EYEWEAR"},"image":{"@id":"https:\/\/hermossaeyewear.com\/#logo"}},{"@type":"WebSite","@id":"https:\/\/hermossaeyewear.com\/#website","url":"https:\/\/hermossaeyewear.com\/","name":"Hermossa Eyewear","description":"","publisher":{"@id":"https:\/\/hermossaeyewear.com\/#organization"},"potentialAction":[{"@type":"SearchAction","target":{"@type":"EntryPoint","urlTemplate":"https:\/\/hermossaeyewear.com\/?s={search_term_string}"},"query-input":"required name=search_term_string"}],"inLanguage":"tr"},{"@type":"ImageObject","@id":"https:\/\/hermossaeyewear.com\/tr\/urun\/hermossa-hm-1520\/#primaryimage","inLanguage":"tr","url":"https:\/\/hermossaeyewear.com\/wp-content\/uploads\/2022\/03\/HERMOSSA-HM-1520-C-5-01.jpg","contentUrl":"https:\/\/hermossaeyewear.com\/wp-content\/uploads\/2022\/03\/HERMOSSA-HM-1520-C-5-01.jpg","width":1600,"height":1600},{"@type":"WebPage","@id":"https:\/\/hermossaeyewear.com\/tr\/urun\/hermossa-hm-1520\/#webpage","url":"https:\/\/hermossaeyewear.com\/tr\/urun\/hermossa-hm-1520\/","name":"BURCU ESMERSOY X HERMOSSA HM 1520 - Hermossa Eyewear","isPartOf":{"@id":"https:\/\/hermossaeyewear.com\/#website"},"primaryImageOfPage":{"@id":"https:\/\/hermossaeyewear.com\/tr\/urun\/hermossa-hm-1520\/#primaryimage"},"datePublished":"2022-03-08T23:08:03+00:00","dateModified":"2022-04-19T09:25:49+00:00","breadcrumb":{"@id":"https:\/\/hermossaeyewear.com\/tr\/urun\/hermossa-hm-1520\/#breadcrumb"},"inLanguage":"tr","potentialAction":[{"@type":"ReadAction","target":["https:\/\/hermossaeyewear.com\/tr\/urun\/hermossa-hm-1520\/"]}]},{"@type":"BreadcrumbList","@id":"https:\/\/hermossaeyewear.com\/tr\/urun\/hermossa-hm-1520\/#breadcrumb","itemListElement":[{"@type":"ListItem","position":1,"name":"Home","item":"https:\/\/hermossaeyewear.com\/"},{"@type":"ListItem","position":2,"name":"Colections","item":"https:\/\/hermossaeyewear.com\/shop\/"},{"@type":"ListItem","position":3,"name":"BURCU ESMERSOY X HERMOSSA HM 1520"}]}]}},"_links":{"self":[{"href":"https:\/\/hermossaeyewear.com\/tr\/wp-json\/wp\/v2\/product\/13299","targetHints":{"allow":["GET"]}}],"collection":[{"href":"https:\/\/hermossaeyewear.com\/tr\/wp-json\/wp\/v2\/product"}],"about":[{"href":"https:\/\/hermossaeyewear.com\/tr\/wp-json\/wp\/v2\/types\/product"}],"version-history":[{"count":4,"href":"https:\/\/hermossaeyewear.com\/tr\/wp-json\/wp\/v2\/product\/13299\/revisions"}],"predecessor-version":[{"id":15608,"href":"https:\/\/hermossaeyewear.com\/tr\/wp-json\/wp\/v2\/product\/13299\/revisions\/15608"}],"wp:featuredmedia":[{"embeddable":true,"href":"https:\/\/hermossaeyewear.com\/tr\/wp-json\/wp\/v2\/media\/12925"}],"wp:attachment":[{"href":"https:\/\/hermossaeyewear.com\/tr\/wp-json\/wp\/v2\/media?parent=13299"}],"wp:term":[{"taxonomy":"product_cat","embeddable":true,"href":"https:\/\/hermossaeyewear.com\/tr\/wp-json\/wp\/v2\/product_cat?post=13299"},{"taxonomy":"product_tag","embeddable":true,"href":"https:\/\/hermossaeyewear.com\/tr\/wp-json\/wp\/v2\/product_tag?post=13299"}],"curies":[{"name":"wp","href":"https:\/\/api.w.org\/{rel}","templated":true}]}}