{"id":13436,"date":"2022-03-09T02:53:22","date_gmt":"2022-03-08T23:53:22","guid":{"rendered":"https:\/\/hermossaeyewear.com\/product\/1524\/"},"modified":"2022-04-19T12:26:28","modified_gmt":"2022-04-19T09:26:28","slug":"1524","status":"publish","type":"product","link":"https:\/\/hermossaeyewear.com\/tr\/product\/1524\/","title":{"rendered":"BURCU ESMERSOY X HERMOSSA HM 1524"},"content":{"rendered":"","protected":false},"excerpt":{"rendered":"<div class=\"brandeyes\"><a href=\"https:\/\/www.brandeyes.com.tr\/urun\/hermossa-hm-1524\" target=\"_blank\" rel=\"noopener\"><button>Sat\u0131n Al<\/button><\/a><\/div>\n<p>Burcu Esmersoy&#8217;un dokunu\u015fu ve HERMOSSA&#8217;n\u0131n yarat\u0131c\u0131l\u0131\u011f\u0131n\u0131n bir araya geldi\u011fi Burcu Esmersoy X HERMOSSA koleksiyonu \u201cSadece g\u00fczel olma, Hermossa ile \u0131\u015f\u0131\u011f\u0131n\u0131 yans\u0131t\u201d mesaj\u0131n\u0131 veriyor. HM1524 modeli 1950&#8217;lerin ihti\u015fam\u0131yla e\u015f anlaml\u0131 olan kedi g\u00f6z\u00fc formuna modern bir yorum getiriyor. Parlak asetat\u0131n, degrade renkli lensler ile iddial\u0131 bir g\u00f6r\u00fcn\u00fcm kazand\u0131rd\u0131\u011f\u0131 g\u00f6zl\u00fc\u011f\u00fcn alt\u0131n rengi metallerle vurgulanan geni\u015f kollar\u0131nda alt\u0131n tonlu &#8220;H&#8221; logo bulunur.<\/p>\n","protected":false},"featured_media":12981,"template":"","meta":[],"product_cat":[1563,1094,1541,1103,1104],"product_tag":[],"class_list":["post-13436","product","type-product","status-publish","has-post-thumbnail","hentry","product_cat-gunesler","product_cat-kolleksiyonlar","product_cat-burcu-esmersoy-x-hermossa-tr","product_cat-kadin-sonbahar-kis-22","product_cat-gunes-gozlugu-kadin-sonbahar-kis-22"],"yoast_head":"<!-- This site is optimized with the Yoast SEO plugin v18.5.1 - https:\/\/yoast.com\/wordpress\/plugins\/seo\/ -->\n<title>BURCU ESMERSOY X HERMOSSA HM 1524 - Hermossa Eyewear<\/title>\n<meta name=\"robots\" content=\"index, follow, max-snippet:-1, max-image-preview:large, max-video-preview:-1\" \/>\n<link rel=\"canonical\" href=\"https:\/\/hermossaeyewear.com\/tr\/urun\/1524\/\" \/>\n<meta property=\"og:locale\" content=\"tr_TR\" \/>\n<meta property=\"og:type\" content=\"article\" \/>\n<meta property=\"og:title\" content=\"BURCU ESMERSOY X HERMOSSA HM 1524 - Hermossa Eyewear\" \/>\n<meta property=\"og:description\" content=\"Sat\u0131n AlBurcu Esmersoy&#039;un dokunu\u015fu ve HERMOSSA&#039;n\u0131n yarat\u0131c\u0131l\u0131\u011f\u0131n\u0131n bir araya geldi\u011fi Burcu Esmersoy X HERMOSSA koleksiyonu \u201cSadece g\u00fczel olma, Hermossa ile \u0131\u015f\u0131\u011f\u0131n\u0131 yans\u0131t\u201d mesaj\u0131n\u0131 veriyor. HM1524 modeli 1950&#039;lerin ihti\u015fam\u0131yla e\u015f anlaml\u0131 olan kedi g\u00f6z\u00fc formuna modern bir yorum getiriyor. Parlak asetat\u0131n, degrade renkli lensler ile iddial\u0131 bir g\u00f6r\u00fcn\u00fcm kazand\u0131rd\u0131\u011f\u0131 g\u00f6zl\u00fc\u011f\u00fcn alt\u0131n rengi metallerle vurgulanan geni\u015f kollar\u0131nda alt\u0131n tonlu &quot;H&quot; logo bulunur.\" \/>\n<meta property=\"og:url\" content=\"https:\/\/hermossaeyewear.com\/tr\/urun\/1524\/\" \/>\n<meta property=\"og:site_name\" content=\"Hermossa Eyewear\" \/>\n<meta property=\"article:modified_time\" content=\"2022-04-19T09:26:28+00:00\" \/>\n<meta property=\"og:image\" content=\"https:\/\/hermossaeyewear.com\/wp-content\/uploads\/2022\/03\/HERMOSSA-HM-1524-C-6-01.jpg\" \/>\n\t<meta property=\"og:image:width\" content=\"1600\" \/>\n\t<meta property=\"og:image:height\" content=\"1600\" \/>\n\t<meta property=\"og:image:type\" content=\"image\/jpeg\" \/>\n<meta name=\"twitter:card\" content=\"summary_large_image\" \/>\n<script type=\"application\/ld+json\" class=\"yoast-schema-graph\">{\"@context\":\"https:\/\/schema.org\",\"@graph\":[{\"@type\":\"Organization\",\"@id\":\"https:\/\/hermossaeyewear.com\/#organization\",\"name\":\"HERMOSSA EYEWEAR\",\"url\":\"https:\/\/hermossaeyewear.com\/\",\"sameAs\":[],\"logo\":{\"@type\":\"ImageObject\",\"@id\":\"https:\/\/hermossaeyewear.com\/#logo\",\"inLanguage\":\"tr\",\"url\":\"https:\/\/hermossaeyewear.com\/wp-content\/uploads\/2022\/01\/logo.svg\",\"contentUrl\":\"https:\/\/hermossaeyewear.com\/wp-content\/uploads\/2022\/01\/logo.svg\",\"width\":288,\"height\":70,\"caption\":\"HERMOSSA EYEWEAR\"},\"image\":{\"@id\":\"https:\/\/hermossaeyewear.com\/#logo\"}},{\"@type\":\"WebSite\",\"@id\":\"https:\/\/hermossaeyewear.com\/#website\",\"url\":\"https:\/\/hermossaeyewear.com\/\",\"name\":\"Hermossa Eyewear\",\"description\":\"\",\"publisher\":{\"@id\":\"https:\/\/hermossaeyewear.com\/#organization\"},\"potentialAction\":[{\"@type\":\"SearchAction\",\"target\":{\"@type\":\"EntryPoint\",\"urlTemplate\":\"https:\/\/hermossaeyewear.com\/?s={search_term_string}\"},\"query-input\":\"required name=search_term_string\"}],\"inLanguage\":\"tr\"},{\"@type\":\"ImageObject\",\"@id\":\"https:\/\/hermossaeyewear.com\/tr\/urun\/1524\/#primaryimage\",\"inLanguage\":\"tr\",\"url\":\"https:\/\/hermossaeyewear.com\/wp-content\/uploads\/2022\/03\/HERMOSSA-HM-1524-C-6-01.jpg\",\"contentUrl\":\"https:\/\/hermossaeyewear.com\/wp-content\/uploads\/2022\/03\/HERMOSSA-HM-1524-C-6-01.jpg\",\"width\":1600,\"height\":1600},{\"@type\":\"WebPage\",\"@id\":\"https:\/\/hermossaeyewear.com\/tr\/urun\/1524\/#webpage\",\"url\":\"https:\/\/hermossaeyewear.com\/tr\/urun\/1524\/\",\"name\":\"BURCU ESMERSOY X HERMOSSA HM 1524 - Hermossa Eyewear\",\"isPartOf\":{\"@id\":\"https:\/\/hermossaeyewear.com\/#website\"},\"primaryImageOfPage\":{\"@id\":\"https:\/\/hermossaeyewear.com\/tr\/urun\/1524\/#primaryimage\"},\"datePublished\":\"2022-03-08T23:53:22+00:00\",\"dateModified\":\"2022-04-19T09:26:28+00:00\",\"breadcrumb\":{\"@id\":\"https:\/\/hermossaeyewear.com\/tr\/urun\/1524\/#breadcrumb\"},\"inLanguage\":\"tr\",\"potentialAction\":[{\"@type\":\"ReadAction\",\"target\":[\"https:\/\/hermossaeyewear.com\/tr\/urun\/1524\/\"]}]},{\"@type\":\"BreadcrumbList\",\"@id\":\"https:\/\/hermossaeyewear.com\/tr\/urun\/1524\/#breadcrumb\",\"itemListElement\":[{\"@type\":\"ListItem\",\"position\":1,\"name\":\"Home\",\"item\":\"https:\/\/hermossaeyewear.com\/\"},{\"@type\":\"ListItem\",\"position\":2,\"name\":\"Colections\",\"item\":\"https:\/\/hermossaeyewear.com\/shop\/\"},{\"@type\":\"ListItem\",\"position\":3,\"name\":\"BURCU ESMERSOY X HERMOSSA HM 1524\"}]}]}<\/script>\n<!-- \/ Yoast SEO plugin. -->","yoast_head_json":{"title":"BURCU ESMERSOY X HERMOSSA HM 1524 - Hermossa Eyewear","robots":{"index":"index","follow":"follow","max-snippet":"max-snippet:-1","max-image-preview":"max-image-preview:large","max-video-preview":"max-video-preview:-1"},"canonical":"https:\/\/hermossaeyewear.com\/tr\/urun\/1524\/","og_locale":"tr_TR","og_type":"article","og_title":"BURCU ESMERSOY X HERMOSSA HM 1524 - Hermossa Eyewear","og_description":"Sat\u0131n AlBurcu Esmersoy'un dokunu\u015fu ve HERMOSSA'n\u0131n yarat\u0131c\u0131l\u0131\u011f\u0131n\u0131n bir araya geldi\u011fi Burcu Esmersoy X HERMOSSA koleksiyonu \u201cSadece g\u00fczel olma, Hermossa ile \u0131\u015f\u0131\u011f\u0131n\u0131 yans\u0131t\u201d mesaj\u0131n\u0131 veriyor. HM1524 modeli 1950'lerin ihti\u015fam\u0131yla e\u015f anlaml\u0131 olan kedi g\u00f6z\u00fc formuna modern bir yorum getiriyor. Parlak asetat\u0131n, degrade renkli lensler ile iddial\u0131 bir g\u00f6r\u00fcn\u00fcm kazand\u0131rd\u0131\u011f\u0131 g\u00f6zl\u00fc\u011f\u00fcn alt\u0131n rengi metallerle vurgulanan geni\u015f kollar\u0131nda alt\u0131n tonlu \"H\" logo bulunur.","og_url":"https:\/\/hermossaeyewear.com\/tr\/urun\/1524\/","og_site_name":"Hermossa Eyewear","article_modified_time":"2022-04-19T09:26:28+00:00","og_image":[{"width":1600,"height":1600,"url":"https:\/\/hermossaeyewear.com\/wp-content\/uploads\/2022\/03\/HERMOSSA-HM-1524-C-6-01.jpg","type":"image\/jpeg"}],"twitter_card":"summary_large_image","schema":{"@context":"https:\/\/schema.org","@graph":[{"@type":"Organization","@id":"https:\/\/hermossaeyewear.com\/#organization","name":"HERMOSSA EYEWEAR","url":"https:\/\/hermossaeyewear.com\/","sameAs":[],"logo":{"@type":"ImageObject","@id":"https:\/\/hermossaeyewear.com\/#logo","inLanguage":"tr","url":"https:\/\/hermossaeyewear.com\/wp-content\/uploads\/2022\/01\/logo.svg","contentUrl":"https:\/\/hermossaeyewear.com\/wp-content\/uploads\/2022\/01\/logo.svg","width":288,"height":70,"caption":"HERMOSSA EYEWEAR"},"image":{"@id":"https:\/\/hermossaeyewear.com\/#logo"}},{"@type":"WebSite","@id":"https:\/\/hermossaeyewear.com\/#website","url":"https:\/\/hermossaeyewear.com\/","name":"Hermossa Eyewear","description":"","publisher":{"@id":"https:\/\/hermossaeyewear.com\/#organization"},"potentialAction":[{"@type":"SearchAction","target":{"@type":"EntryPoint","urlTemplate":"https:\/\/hermossaeyewear.com\/?s={search_term_string}"},"query-input":"required name=search_term_string"}],"inLanguage":"tr"},{"@type":"ImageObject","@id":"https:\/\/hermossaeyewear.com\/tr\/urun\/1524\/#primaryimage","inLanguage":"tr","url":"https:\/\/hermossaeyewear.com\/wp-content\/uploads\/2022\/03\/HERMOSSA-HM-1524-C-6-01.jpg","contentUrl":"https:\/\/hermossaeyewear.com\/wp-content\/uploads\/2022\/03\/HERMOSSA-HM-1524-C-6-01.jpg","width":1600,"height":1600},{"@type":"WebPage","@id":"https:\/\/hermossaeyewear.com\/tr\/urun\/1524\/#webpage","url":"https:\/\/hermossaeyewear.com\/tr\/urun\/1524\/","name":"BURCU ESMERSOY X HERMOSSA HM 1524 - Hermossa Eyewear","isPartOf":{"@id":"https:\/\/hermossaeyewear.com\/#website"},"primaryImageOfPage":{"@id":"https:\/\/hermossaeyewear.com\/tr\/urun\/1524\/#primaryimage"},"datePublished":"2022-03-08T23:53:22+00:00","dateModified":"2022-04-19T09:26:28+00:00","breadcrumb":{"@id":"https:\/\/hermossaeyewear.com\/tr\/urun\/1524\/#breadcrumb"},"inLanguage":"tr","potentialAction":[{"@type":"ReadAction","target":["https:\/\/hermossaeyewear.com\/tr\/urun\/1524\/"]}]},{"@type":"BreadcrumbList","@id":"https:\/\/hermossaeyewear.com\/tr\/urun\/1524\/#breadcrumb","itemListElement":[{"@type":"ListItem","position":1,"name":"Home","item":"https:\/\/hermossaeyewear.com\/"},{"@type":"ListItem","position":2,"name":"Colections","item":"https:\/\/hermossaeyewear.com\/shop\/"},{"@type":"ListItem","position":3,"name":"BURCU ESMERSOY X HERMOSSA HM 1524"}]}]}},"_links":{"self":[{"href":"https:\/\/hermossaeyewear.com\/tr\/wp-json\/wp\/v2\/product\/13436","targetHints":{"allow":["GET"]}}],"collection":[{"href":"https:\/\/hermossaeyewear.com\/tr\/wp-json\/wp\/v2\/product"}],"about":[{"href":"https:\/\/hermossaeyewear.com\/tr\/wp-json\/wp\/v2\/types\/product"}],"version-history":[{"count":4,"href":"https:\/\/hermossaeyewear.com\/tr\/wp-json\/wp\/v2\/product\/13436\/revisions"}],"predecessor-version":[{"id":15612,"href":"https:\/\/hermossaeyewear.com\/tr\/wp-json\/wp\/v2\/product\/13436\/revisions\/15612"}],"wp:featuredmedia":[{"embeddable":true,"href":"https:\/\/hermossaeyewear.com\/tr\/wp-json\/wp\/v2\/media\/12981"}],"wp:attachment":[{"href":"https:\/\/hermossaeyewear.com\/tr\/wp-json\/wp\/v2\/media?parent=13436"}],"wp:term":[{"taxonomy":"product_cat","embeddable":true,"href":"https:\/\/hermossaeyewear.com\/tr\/wp-json\/wp\/v2\/product_cat?post=13436"},{"taxonomy":"product_tag","embeddable":true,"href":"https:\/\/hermossaeyewear.com\/tr\/wp-json\/wp\/v2\/product_tag?post=13436"}],"curies":[{"name":"wp","href":"https:\/\/api.w.org\/{rel}","templated":true}]}}