{"id":13485,"date":"2022-03-09T03:15:22","date_gmt":"2022-03-09T00:15:22","guid":{"rendered":"https:\/\/hermossaeyewear.com\/product\/1526\/"},"modified":"2022-04-06T17:41:32","modified_gmt":"2022-04-06T14:41:32","slug":"1526","status":"publish","type":"product","link":"https:\/\/hermossaeyewear.com\/tr\/product\/1526\/","title":{"rendered":"BURCU ESMERSOY X HERMOSSA HM 1526"},"content":{"rendered":"","protected":false},"excerpt":{"rendered":"<div class=\"brandeyes\"><a href=\"https:\/\/www.brandeyes.com.tr\/urun\/hermossa-hm-1526\" target=\"_blank\" rel=\"noopener\"><button>Sat\u0131n Al<\/button><\/a><\/div>\n<p>Hermossa, &#8220;Burcu Esmersoy X Hermossa&#8221; g\u00fcne\u015f g\u00f6zl\u00fc\u011f\u00fc koleksiyonunu gururla sunar! \u00dczerinde ta\u015f\u0131d\u0131\u011f\u0131 her par\u00e7ay\u0131 bir moda ak\u0131m\u0131 haline getirerek kitlelere ilham veren \u00fcnl\u00fc isim Burcu Esmersoy, Hermossa ile ger\u00e7ekle\u015ftirdi\u011fi i\u015f birli\u011fi ile t\u00fcm bak\u0131\u015flar\u0131 yine \u00fczerine topluyor!<\/p>\n<p>Hermossa, \u015fehrin farkl\u0131 k\u00fclt\u00fcrler ve e\u011flenceyi seven atmosferinin yarat\u0131c\u0131, enerjik ruhuna dayanan stil ve modaya y\u00f6n veren g\u00fcne\u015f g\u00f6zl\u00fc\u011f\u00fc markas\u0131 haline gelmi\u015ftir. D\u00fcnya \u00e7ap\u0131nda t\u00fcm kad\u0131n ve erkeklere yarat\u0131c\u0131 taraflar\u0131n\u0131 a\u00e7\u0131\u011fa \u00e7\u0131karacak stil sahibi g\u00fcne\u015f g\u00f6zl\u00fckleri koleksiyonu sunan Hermossa markas\u0131n\u0131n imza niteli\u011finde f\u00fct\u00fcristik kesimli \u00e7er\u00e7eveleri en \u00e7ok \u00f6ne \u00e7\u0131kan tasar\u0131mlar aras\u0131nda yer al\u0131r.<\/p>\n<p>.<\/p>\n","protected":false},"featured_media":15258,"template":"","meta":[],"product_cat":[1563,1094,1541,1103,1104],"product_tag":[],"class_list":["post-13485","product","type-product","status-publish","has-post-thumbnail","hentry","product_cat-gunesler","product_cat-kolleksiyonlar","product_cat-burcu-esmersoy-x-hermossa-tr","product_cat-kadin-sonbahar-kis-22","product_cat-gunes-gozlugu-kadin-sonbahar-kis-22"],"yoast_head":"<!-- This site is optimized with the Yoast SEO plugin v18.5.1 - https:\/\/yoast.com\/wordpress\/plugins\/seo\/ -->\n<title>BURCU ESMERSOY X HERMOSSA HM 1526 - Hermossa Eyewear<\/title>\n<meta name=\"robots\" content=\"index, follow, max-snippet:-1, max-image-preview:large, max-video-preview:-1\" \/>\n<link rel=\"canonical\" href=\"https:\/\/hermossaeyewear.com\/tr\/urun\/1526\/\" \/>\n<meta property=\"og:locale\" content=\"tr_TR\" \/>\n<meta property=\"og:type\" content=\"article\" \/>\n<meta property=\"og:title\" content=\"BURCU ESMERSOY X HERMOSSA HM 1526 - Hermossa Eyewear\" \/>\n<meta property=\"og:description\" content=\"Sat\u0131n Al Hermossa, &quot;Burcu Esmersoy X Hermossa&quot; g\u00fcne\u015f g\u00f6zl\u00fc\u011f\u00fc koleksiyonunu gururla sunar! \u00dczerinde ta\u015f\u0131d\u0131\u011f\u0131 her par\u00e7ay\u0131 bir moda ak\u0131m\u0131 haline getirerek kitlelere ilham veren \u00fcnl\u00fc isim Burcu Esmersoy, Hermossa ile ger\u00e7ekle\u015ftirdi\u011fi i\u015f birli\u011fi ile t\u00fcm bak\u0131\u015flar\u0131 yine \u00fczerine topluyor! Hermossa, \u015fehrin farkl\u0131 k\u00fclt\u00fcrler ve e\u011flenceyi seven atmosferinin yarat\u0131c\u0131, enerjik ruhuna dayanan stil ve modaya y\u00f6n veren g\u00fcne\u015f g\u00f6zl\u00fc\u011f\u00fc markas\u0131 haline gelmi\u015ftir. D\u00fcnya \u00e7ap\u0131nda t\u00fcm kad\u0131n ve erkeklere yarat\u0131c\u0131 taraflar\u0131n\u0131 a\u00e7\u0131\u011fa \u00e7\u0131karacak stil sahibi g\u00fcne\u015f g\u00f6zl\u00fckleri koleksiyonu sunan Hermossa markas\u0131n\u0131n imza niteli\u011finde f\u00fct\u00fcristik kesimli \u00e7er\u00e7eveleri en \u00e7ok \u00f6ne \u00e7\u0131kan tasar\u0131mlar aras\u0131nda yer al\u0131r. .\" \/>\n<meta property=\"og:url\" content=\"https:\/\/hermossaeyewear.com\/tr\/urun\/1526\/\" \/>\n<meta property=\"og:site_name\" content=\"Hermossa Eyewear\" \/>\n<meta property=\"article:modified_time\" content=\"2022-04-06T14:41:32+00:00\" \/>\n<meta property=\"og:image\" content=\"https:\/\/hermossaeyewear.com\/wp-content\/uploads\/2022\/03\/HERMOSSA-HM-1526-C-2-01.jpg\" \/>\n\t<meta property=\"og:image:width\" content=\"1600\" \/>\n\t<meta property=\"og:image:height\" content=\"1600\" \/>\n\t<meta property=\"og:image:type\" content=\"image\/jpeg\" \/>\n<meta name=\"twitter:card\" content=\"summary_large_image\" \/>\n<script type=\"application\/ld+json\" class=\"yoast-schema-graph\">{\"@context\":\"https:\/\/schema.org\",\"@graph\":[{\"@type\":\"Organization\",\"@id\":\"https:\/\/hermossaeyewear.com\/#organization\",\"name\":\"HERMOSSA EYEWEAR\",\"url\":\"https:\/\/hermossaeyewear.com\/\",\"sameAs\":[],\"logo\":{\"@type\":\"ImageObject\",\"@id\":\"https:\/\/hermossaeyewear.com\/#logo\",\"inLanguage\":\"tr\",\"url\":\"https:\/\/hermossaeyewear.com\/wp-content\/uploads\/2022\/01\/logo.svg\",\"contentUrl\":\"https:\/\/hermossaeyewear.com\/wp-content\/uploads\/2022\/01\/logo.svg\",\"width\":288,\"height\":70,\"caption\":\"HERMOSSA EYEWEAR\"},\"image\":{\"@id\":\"https:\/\/hermossaeyewear.com\/#logo\"}},{\"@type\":\"WebSite\",\"@id\":\"https:\/\/hermossaeyewear.com\/#website\",\"url\":\"https:\/\/hermossaeyewear.com\/\",\"name\":\"Hermossa Eyewear\",\"description\":\"\",\"publisher\":{\"@id\":\"https:\/\/hermossaeyewear.com\/#organization\"},\"potentialAction\":[{\"@type\":\"SearchAction\",\"target\":{\"@type\":\"EntryPoint\",\"urlTemplate\":\"https:\/\/hermossaeyewear.com\/?s={search_term_string}\"},\"query-input\":\"required name=search_term_string\"}],\"inLanguage\":\"tr\"},{\"@type\":\"ImageObject\",\"@id\":\"https:\/\/hermossaeyewear.com\/tr\/urun\/1526\/#primaryimage\",\"inLanguage\":\"tr\",\"url\":\"https:\/\/hermossaeyewear.com\/wp-content\/uploads\/2022\/04\/BURCU-ESMERSOY-X-HERMOSSA-8-1.jpg\",\"contentUrl\":\"https:\/\/hermossaeyewear.com\/wp-content\/uploads\/2022\/04\/BURCU-ESMERSOY-X-HERMOSSA-8-1.jpg\",\"width\":1600,\"height\":1600},{\"@type\":\"WebPage\",\"@id\":\"https:\/\/hermossaeyewear.com\/tr\/urun\/1526\/#webpage\",\"url\":\"https:\/\/hermossaeyewear.com\/tr\/urun\/1526\/\",\"name\":\"BURCU ESMERSOY X HERMOSSA HM 1526 - Hermossa Eyewear\",\"isPartOf\":{\"@id\":\"https:\/\/hermossaeyewear.com\/#website\"},\"primaryImageOfPage\":{\"@id\":\"https:\/\/hermossaeyewear.com\/tr\/urun\/1526\/#primaryimage\"},\"datePublished\":\"2022-03-09T00:15:22+00:00\",\"dateModified\":\"2022-04-06T14:41:32+00:00\",\"breadcrumb\":{\"@id\":\"https:\/\/hermossaeyewear.com\/tr\/urun\/1526\/#breadcrumb\"},\"inLanguage\":\"tr\",\"potentialAction\":[{\"@type\":\"ReadAction\",\"target\":[\"https:\/\/hermossaeyewear.com\/tr\/urun\/1526\/\"]}]},{\"@type\":\"BreadcrumbList\",\"@id\":\"https:\/\/hermossaeyewear.com\/tr\/urun\/1526\/#breadcrumb\",\"itemListElement\":[{\"@type\":\"ListItem\",\"position\":1,\"name\":\"Home\",\"item\":\"https:\/\/hermossaeyewear.com\/\"},{\"@type\":\"ListItem\",\"position\":2,\"name\":\"Colections\",\"item\":\"https:\/\/hermossaeyewear.com\/shop\/\"},{\"@type\":\"ListItem\",\"position\":3,\"name\":\"BURCU ESMERSOY X HERMOSSA HM 1526\"}]}]}<\/script>\n<!-- \/ Yoast SEO plugin. -->","yoast_head_json":{"title":"BURCU ESMERSOY X HERMOSSA HM 1526 - Hermossa Eyewear","robots":{"index":"index","follow":"follow","max-snippet":"max-snippet:-1","max-image-preview":"max-image-preview:large","max-video-preview":"max-video-preview:-1"},"canonical":"https:\/\/hermossaeyewear.com\/tr\/urun\/1526\/","og_locale":"tr_TR","og_type":"article","og_title":"BURCU ESMERSOY X HERMOSSA HM 1526 - Hermossa Eyewear","og_description":"Sat\u0131n Al Hermossa, \"Burcu Esmersoy X Hermossa\" g\u00fcne\u015f g\u00f6zl\u00fc\u011f\u00fc koleksiyonunu gururla sunar! \u00dczerinde ta\u015f\u0131d\u0131\u011f\u0131 her par\u00e7ay\u0131 bir moda ak\u0131m\u0131 haline getirerek kitlelere ilham veren \u00fcnl\u00fc isim Burcu Esmersoy, Hermossa ile ger\u00e7ekle\u015ftirdi\u011fi i\u015f birli\u011fi ile t\u00fcm bak\u0131\u015flar\u0131 yine \u00fczerine topluyor! Hermossa, \u015fehrin farkl\u0131 k\u00fclt\u00fcrler ve e\u011flenceyi seven atmosferinin yarat\u0131c\u0131, enerjik ruhuna dayanan stil ve modaya y\u00f6n veren g\u00fcne\u015f g\u00f6zl\u00fc\u011f\u00fc markas\u0131 haline gelmi\u015ftir. D\u00fcnya \u00e7ap\u0131nda t\u00fcm kad\u0131n ve erkeklere yarat\u0131c\u0131 taraflar\u0131n\u0131 a\u00e7\u0131\u011fa \u00e7\u0131karacak stil sahibi g\u00fcne\u015f g\u00f6zl\u00fckleri koleksiyonu sunan Hermossa markas\u0131n\u0131n imza niteli\u011finde f\u00fct\u00fcristik kesimli \u00e7er\u00e7eveleri en \u00e7ok \u00f6ne \u00e7\u0131kan tasar\u0131mlar aras\u0131nda yer al\u0131r. .","og_url":"https:\/\/hermossaeyewear.com\/tr\/urun\/1526\/","og_site_name":"Hermossa Eyewear","article_modified_time":"2022-04-06T14:41:32+00:00","og_image":[{"width":1600,"height":1600,"url":"https:\/\/hermossaeyewear.com\/wp-content\/uploads\/2022\/03\/HERMOSSA-HM-1526-C-2-01.jpg","type":"image\/jpeg"}],"twitter_card":"summary_large_image","schema":{"@context":"https:\/\/schema.org","@graph":[{"@type":"Organization","@id":"https:\/\/hermossaeyewear.com\/#organization","name":"HERMOSSA EYEWEAR","url":"https:\/\/hermossaeyewear.com\/","sameAs":[],"logo":{"@type":"ImageObject","@id":"https:\/\/hermossaeyewear.com\/#logo","inLanguage":"tr","url":"https:\/\/hermossaeyewear.com\/wp-content\/uploads\/2022\/01\/logo.svg","contentUrl":"https:\/\/hermossaeyewear.com\/wp-content\/uploads\/2022\/01\/logo.svg","width":288,"height":70,"caption":"HERMOSSA EYEWEAR"},"image":{"@id":"https:\/\/hermossaeyewear.com\/#logo"}},{"@type":"WebSite","@id":"https:\/\/hermossaeyewear.com\/#website","url":"https:\/\/hermossaeyewear.com\/","name":"Hermossa Eyewear","description":"","publisher":{"@id":"https:\/\/hermossaeyewear.com\/#organization"},"potentialAction":[{"@type":"SearchAction","target":{"@type":"EntryPoint","urlTemplate":"https:\/\/hermossaeyewear.com\/?s={search_term_string}"},"query-input":"required name=search_term_string"}],"inLanguage":"tr"},{"@type":"ImageObject","@id":"https:\/\/hermossaeyewear.com\/tr\/urun\/1526\/#primaryimage","inLanguage":"tr","url":"https:\/\/hermossaeyewear.com\/wp-content\/uploads\/2022\/04\/BURCU-ESMERSOY-X-HERMOSSA-8-1.jpg","contentUrl":"https:\/\/hermossaeyewear.com\/wp-content\/uploads\/2022\/04\/BURCU-ESMERSOY-X-HERMOSSA-8-1.jpg","width":1600,"height":1600},{"@type":"WebPage","@id":"https:\/\/hermossaeyewear.com\/tr\/urun\/1526\/#webpage","url":"https:\/\/hermossaeyewear.com\/tr\/urun\/1526\/","name":"BURCU ESMERSOY X HERMOSSA HM 1526 - Hermossa Eyewear","isPartOf":{"@id":"https:\/\/hermossaeyewear.com\/#website"},"primaryImageOfPage":{"@id":"https:\/\/hermossaeyewear.com\/tr\/urun\/1526\/#primaryimage"},"datePublished":"2022-03-09T00:15:22+00:00","dateModified":"2022-04-06T14:41:32+00:00","breadcrumb":{"@id":"https:\/\/hermossaeyewear.com\/tr\/urun\/1526\/#breadcrumb"},"inLanguage":"tr","potentialAction":[{"@type":"ReadAction","target":["https:\/\/hermossaeyewear.com\/tr\/urun\/1526\/"]}]},{"@type":"BreadcrumbList","@id":"https:\/\/hermossaeyewear.com\/tr\/urun\/1526\/#breadcrumb","itemListElement":[{"@type":"ListItem","position":1,"name":"Home","item":"https:\/\/hermossaeyewear.com\/"},{"@type":"ListItem","position":2,"name":"Colections","item":"https:\/\/hermossaeyewear.com\/shop\/"},{"@type":"ListItem","position":3,"name":"BURCU ESMERSOY X HERMOSSA HM 1526"}]}]}},"_links":{"self":[{"href":"https:\/\/hermossaeyewear.com\/tr\/wp-json\/wp\/v2\/product\/13485","targetHints":{"allow":["GET"]}}],"collection":[{"href":"https:\/\/hermossaeyewear.com\/tr\/wp-json\/wp\/v2\/product"}],"about":[{"href":"https:\/\/hermossaeyewear.com\/tr\/wp-json\/wp\/v2\/types\/product"}],"version-history":[{"count":3,"href":"https:\/\/hermossaeyewear.com\/tr\/wp-json\/wp\/v2\/product\/13485\/revisions"}],"predecessor-version":[{"id":14908,"href":"https:\/\/hermossaeyewear.com\/tr\/wp-json\/wp\/v2\/product\/13485\/revisions\/14908"}],"wp:featuredmedia":[{"embeddable":true,"href":"https:\/\/hermossaeyewear.com\/tr\/wp-json\/wp\/v2\/media\/15258"}],"wp:attachment":[{"href":"https:\/\/hermossaeyewear.com\/tr\/wp-json\/wp\/v2\/media?parent=13485"}],"wp:term":[{"taxonomy":"product_cat","embeddable":true,"href":"https:\/\/hermossaeyewear.com\/tr\/wp-json\/wp\/v2\/product_cat?post=13485"},{"taxonomy":"product_tag","embeddable":true,"href":"https:\/\/hermossaeyewear.com\/tr\/wp-json\/wp\/v2\/product_tag?post=13485"}],"curies":[{"name":"wp","href":"https:\/\/api.w.org\/{rel}","templated":true}]}}