{"id":13527,"date":"2022-03-09T03:24:55","date_gmt":"2022-03-09T00:24:55","guid":{"rendered":"https:\/\/hermossaeyewear.com\/product\/1527\/"},"modified":"2022-04-19T12:26:55","modified_gmt":"2022-04-19T09:26:55","slug":"1527","status":"publish","type":"product","link":"https:\/\/hermossaeyewear.com\/tr\/product\/1527\/","title":{"rendered":"BURCU ESMERSOY X HERMOSSA HM 1527"},"content":{"rendered":"","protected":false},"excerpt":{"rendered":"<div class=\"brandeyes\"><a href=\"https:\/\/www.brandeyes.com.tr\/urun\/hermossa-hm-1527\" target=\"_blank\" rel=\"noopener\"><button>Sat\u0131n Al<\/button><\/a><\/div>\n<p>Keskin hatlar, koyu renkler ve mask\u00fclen bir g\u00f6r\u00fcn\u00fcm\u00fcn tamamlay\u0131c\u0131s\u0131 olabilecek HM1527 modeli kendini g\u00f6stermeyi, iddial\u0131 olmay\u0131 seven stillerin \u00f6ne \u00e7\u0131kan aksesuar\u0131 olmaya aday. Saplar\u0131nda kaz\u0131nm\u0131\u015f &#8220;H&#8221; logolar \u015f\u0131kl\u0131\u011f\u0131n son dokunu\u015flar\u0131n\u0131 olu\u015fturuyor. Yekpare lens k\u0131r\u0131lmalara dayan\u0131kl\u0131 ve &#8220;Antirefle Kaplamal\u0131&#8221; i\u00e7 y\u00fczeyiyle 100 % UV korumas\u0131 sunuyor.<\/p>\n","protected":false},"featured_media":15254,"template":"","meta":[],"product_cat":[1563,1094,1541,1103,1104],"product_tag":[],"class_list":["post-13527","product","type-product","status-publish","has-post-thumbnail","hentry","product_cat-gunesler","product_cat-kolleksiyonlar","product_cat-burcu-esmersoy-x-hermossa-tr","product_cat-kadin-sonbahar-kis-22","product_cat-gunes-gozlugu-kadin-sonbahar-kis-22"],"yoast_head":"<!-- This site is optimized with the Yoast SEO plugin v18.5.1 - https:\/\/yoast.com\/wordpress\/plugins\/seo\/ -->\n<title>BURCU ESMERSOY X HERMOSSA HM 1527 - Hermossa Eyewear<\/title>\n<meta name=\"robots\" content=\"index, follow, max-snippet:-1, max-image-preview:large, max-video-preview:-1\" \/>\n<link rel=\"canonical\" href=\"https:\/\/hermossaeyewear.com\/tr\/urun\/1527\/\" \/>\n<meta property=\"og:locale\" content=\"tr_TR\" \/>\n<meta property=\"og:type\" content=\"article\" \/>\n<meta property=\"og:title\" content=\"BURCU ESMERSOY X HERMOSSA HM 1527 - Hermossa Eyewear\" \/>\n<meta property=\"og:description\" content=\"Sat\u0131n AlKeskin hatlar, koyu renkler ve mask\u00fclen bir g\u00f6r\u00fcn\u00fcm\u00fcn tamamlay\u0131c\u0131s\u0131 olabilecek HM1527 modeli kendini g\u00f6stermeyi, iddial\u0131 olmay\u0131 seven stillerin \u00f6ne \u00e7\u0131kan aksesuar\u0131 olmaya aday. Saplar\u0131nda kaz\u0131nm\u0131\u015f &quot;H&quot; logolar \u015f\u0131kl\u0131\u011f\u0131n son dokunu\u015flar\u0131n\u0131 olu\u015fturuyor. Yekpare lens k\u0131r\u0131lmalara dayan\u0131kl\u0131 ve &quot;Antirefle Kaplamal\u0131&quot; i\u00e7 y\u00fczeyiyle 100 % UV korumas\u0131 sunuyor.\" \/>\n<meta property=\"og:url\" content=\"https:\/\/hermossaeyewear.com\/tr\/urun\/1527\/\" \/>\n<meta property=\"og:site_name\" content=\"Hermossa Eyewear\" \/>\n<meta property=\"article:modified_time\" content=\"2022-04-19T09:26:55+00:00\" \/>\n<meta property=\"og:image\" content=\"https:\/\/hermossaeyewear.com\/wp-content\/uploads\/2022\/04\/BURCU-ESMERSOY-X-HERMOSSA-6-1.jpg\" \/>\n\t<meta property=\"og:image:width\" content=\"1600\" \/>\n\t<meta property=\"og:image:height\" content=\"1600\" \/>\n\t<meta property=\"og:image:type\" content=\"image\/jpeg\" \/>\n<meta name=\"twitter:card\" content=\"summary_large_image\" \/>\n<script type=\"application\/ld+json\" class=\"yoast-schema-graph\">{\"@context\":\"https:\/\/schema.org\",\"@graph\":[{\"@type\":\"Organization\",\"@id\":\"https:\/\/hermossaeyewear.com\/#organization\",\"name\":\"HERMOSSA EYEWEAR\",\"url\":\"https:\/\/hermossaeyewear.com\/\",\"sameAs\":[],\"logo\":{\"@type\":\"ImageObject\",\"@id\":\"https:\/\/hermossaeyewear.com\/#logo\",\"inLanguage\":\"tr\",\"url\":\"https:\/\/hermossaeyewear.com\/wp-content\/uploads\/2022\/01\/logo.svg\",\"contentUrl\":\"https:\/\/hermossaeyewear.com\/wp-content\/uploads\/2022\/01\/logo.svg\",\"width\":288,\"height\":70,\"caption\":\"HERMOSSA EYEWEAR\"},\"image\":{\"@id\":\"https:\/\/hermossaeyewear.com\/#logo\"}},{\"@type\":\"WebSite\",\"@id\":\"https:\/\/hermossaeyewear.com\/#website\",\"url\":\"https:\/\/hermossaeyewear.com\/\",\"name\":\"Hermossa Eyewear\",\"description\":\"\",\"publisher\":{\"@id\":\"https:\/\/hermossaeyewear.com\/#organization\"},\"potentialAction\":[{\"@type\":\"SearchAction\",\"target\":{\"@type\":\"EntryPoint\",\"urlTemplate\":\"https:\/\/hermossaeyewear.com\/?s={search_term_string}\"},\"query-input\":\"required name=search_term_string\"}],\"inLanguage\":\"tr\"},{\"@type\":\"ImageObject\",\"@id\":\"https:\/\/hermossaeyewear.com\/tr\/urun\/1527\/#primaryimage\",\"inLanguage\":\"tr\",\"url\":\"https:\/\/hermossaeyewear.com\/wp-content\/uploads\/2022\/04\/BURCU-ESMERSOY-X-HERMOSSA-6-1.jpg\",\"contentUrl\":\"https:\/\/hermossaeyewear.com\/wp-content\/uploads\/2022\/04\/BURCU-ESMERSOY-X-HERMOSSA-6-1.jpg\",\"width\":1600,\"height\":1600},{\"@type\":\"WebPage\",\"@id\":\"https:\/\/hermossaeyewear.com\/tr\/urun\/1527\/#webpage\",\"url\":\"https:\/\/hermossaeyewear.com\/tr\/urun\/1527\/\",\"name\":\"BURCU ESMERSOY X HERMOSSA HM 1527 - Hermossa Eyewear\",\"isPartOf\":{\"@id\":\"https:\/\/hermossaeyewear.com\/#website\"},\"primaryImageOfPage\":{\"@id\":\"https:\/\/hermossaeyewear.com\/tr\/urun\/1527\/#primaryimage\"},\"datePublished\":\"2022-03-09T00:24:55+00:00\",\"dateModified\":\"2022-04-19T09:26:55+00:00\",\"breadcrumb\":{\"@id\":\"https:\/\/hermossaeyewear.com\/tr\/urun\/1527\/#breadcrumb\"},\"inLanguage\":\"tr\",\"potentialAction\":[{\"@type\":\"ReadAction\",\"target\":[\"https:\/\/hermossaeyewear.com\/tr\/urun\/1527\/\"]}]},{\"@type\":\"BreadcrumbList\",\"@id\":\"https:\/\/hermossaeyewear.com\/tr\/urun\/1527\/#breadcrumb\",\"itemListElement\":[{\"@type\":\"ListItem\",\"position\":1,\"name\":\"Home\",\"item\":\"https:\/\/hermossaeyewear.com\/\"},{\"@type\":\"ListItem\",\"position\":2,\"name\":\"Colections\",\"item\":\"https:\/\/hermossaeyewear.com\/shop\/\"},{\"@type\":\"ListItem\",\"position\":3,\"name\":\"BURCU ESMERSOY X HERMOSSA HM 1527\"}]}]}<\/script>\n<!-- \/ Yoast SEO plugin. -->","yoast_head_json":{"title":"BURCU ESMERSOY X HERMOSSA HM 1527 - Hermossa Eyewear","robots":{"index":"index","follow":"follow","max-snippet":"max-snippet:-1","max-image-preview":"max-image-preview:large","max-video-preview":"max-video-preview:-1"},"canonical":"https:\/\/hermossaeyewear.com\/tr\/urun\/1527\/","og_locale":"tr_TR","og_type":"article","og_title":"BURCU ESMERSOY X HERMOSSA HM 1527 - Hermossa Eyewear","og_description":"Sat\u0131n AlKeskin hatlar, koyu renkler ve mask\u00fclen bir g\u00f6r\u00fcn\u00fcm\u00fcn tamamlay\u0131c\u0131s\u0131 olabilecek HM1527 modeli kendini g\u00f6stermeyi, iddial\u0131 olmay\u0131 seven stillerin \u00f6ne \u00e7\u0131kan aksesuar\u0131 olmaya aday. Saplar\u0131nda kaz\u0131nm\u0131\u015f \"H\" logolar \u015f\u0131kl\u0131\u011f\u0131n son dokunu\u015flar\u0131n\u0131 olu\u015fturuyor. Yekpare lens k\u0131r\u0131lmalara dayan\u0131kl\u0131 ve \"Antirefle Kaplamal\u0131\" i\u00e7 y\u00fczeyiyle 100 % UV korumas\u0131 sunuyor.","og_url":"https:\/\/hermossaeyewear.com\/tr\/urun\/1527\/","og_site_name":"Hermossa Eyewear","article_modified_time":"2022-04-19T09:26:55+00:00","og_image":[{"width":1600,"height":1600,"url":"https:\/\/hermossaeyewear.com\/wp-content\/uploads\/2022\/04\/BURCU-ESMERSOY-X-HERMOSSA-6-1.jpg","type":"image\/jpeg"}],"twitter_card":"summary_large_image","schema":{"@context":"https:\/\/schema.org","@graph":[{"@type":"Organization","@id":"https:\/\/hermossaeyewear.com\/#organization","name":"HERMOSSA EYEWEAR","url":"https:\/\/hermossaeyewear.com\/","sameAs":[],"logo":{"@type":"ImageObject","@id":"https:\/\/hermossaeyewear.com\/#logo","inLanguage":"tr","url":"https:\/\/hermossaeyewear.com\/wp-content\/uploads\/2022\/01\/logo.svg","contentUrl":"https:\/\/hermossaeyewear.com\/wp-content\/uploads\/2022\/01\/logo.svg","width":288,"height":70,"caption":"HERMOSSA EYEWEAR"},"image":{"@id":"https:\/\/hermossaeyewear.com\/#logo"}},{"@type":"WebSite","@id":"https:\/\/hermossaeyewear.com\/#website","url":"https:\/\/hermossaeyewear.com\/","name":"Hermossa Eyewear","description":"","publisher":{"@id":"https:\/\/hermossaeyewear.com\/#organization"},"potentialAction":[{"@type":"SearchAction","target":{"@type":"EntryPoint","urlTemplate":"https:\/\/hermossaeyewear.com\/?s={search_term_string}"},"query-input":"required name=search_term_string"}],"inLanguage":"tr"},{"@type":"ImageObject","@id":"https:\/\/hermossaeyewear.com\/tr\/urun\/1527\/#primaryimage","inLanguage":"tr","url":"https:\/\/hermossaeyewear.com\/wp-content\/uploads\/2022\/04\/BURCU-ESMERSOY-X-HERMOSSA-6-1.jpg","contentUrl":"https:\/\/hermossaeyewear.com\/wp-content\/uploads\/2022\/04\/BURCU-ESMERSOY-X-HERMOSSA-6-1.jpg","width":1600,"height":1600},{"@type":"WebPage","@id":"https:\/\/hermossaeyewear.com\/tr\/urun\/1527\/#webpage","url":"https:\/\/hermossaeyewear.com\/tr\/urun\/1527\/","name":"BURCU ESMERSOY X HERMOSSA HM 1527 - Hermossa Eyewear","isPartOf":{"@id":"https:\/\/hermossaeyewear.com\/#website"},"primaryImageOfPage":{"@id":"https:\/\/hermossaeyewear.com\/tr\/urun\/1527\/#primaryimage"},"datePublished":"2022-03-09T00:24:55+00:00","dateModified":"2022-04-19T09:26:55+00:00","breadcrumb":{"@id":"https:\/\/hermossaeyewear.com\/tr\/urun\/1527\/#breadcrumb"},"inLanguage":"tr","potentialAction":[{"@type":"ReadAction","target":["https:\/\/hermossaeyewear.com\/tr\/urun\/1527\/"]}]},{"@type":"BreadcrumbList","@id":"https:\/\/hermossaeyewear.com\/tr\/urun\/1527\/#breadcrumb","itemListElement":[{"@type":"ListItem","position":1,"name":"Home","item":"https:\/\/hermossaeyewear.com\/"},{"@type":"ListItem","position":2,"name":"Colections","item":"https:\/\/hermossaeyewear.com\/shop\/"},{"@type":"ListItem","position":3,"name":"BURCU ESMERSOY X HERMOSSA HM 1527"}]}]}},"_links":{"self":[{"href":"https:\/\/hermossaeyewear.com\/tr\/wp-json\/wp\/v2\/product\/13527","targetHints":{"allow":["GET"]}}],"collection":[{"href":"https:\/\/hermossaeyewear.com\/tr\/wp-json\/wp\/v2\/product"}],"about":[{"href":"https:\/\/hermossaeyewear.com\/tr\/wp-json\/wp\/v2\/types\/product"}],"version-history":[{"count":6,"href":"https:\/\/hermossaeyewear.com\/tr\/wp-json\/wp\/v2\/product\/13527\/revisions"}],"predecessor-version":[{"id":15614,"href":"https:\/\/hermossaeyewear.com\/tr\/wp-json\/wp\/v2\/product\/13527\/revisions\/15614"}],"wp:featuredmedia":[{"embeddable":true,"href":"https:\/\/hermossaeyewear.com\/tr\/wp-json\/wp\/v2\/media\/15254"}],"wp:attachment":[{"href":"https:\/\/hermossaeyewear.com\/tr\/wp-json\/wp\/v2\/media?parent=13527"}],"wp:term":[{"taxonomy":"product_cat","embeddable":true,"href":"https:\/\/hermossaeyewear.com\/tr\/wp-json\/wp\/v2\/product_cat?post=13527"},{"taxonomy":"product_tag","embeddable":true,"href":"https:\/\/hermossaeyewear.com\/tr\/wp-json\/wp\/v2\/product_tag?post=13527"}],"curies":[{"name":"wp","href":"https:\/\/api.w.org\/{rel}","templated":true}]}}