{"id":13625,"date":"2022-03-09T03:45:18","date_gmt":"2022-03-09T00:45:18","guid":{"rendered":"https:\/\/hermossaeyewear.com\/product\/1529\/"},"modified":"2022-04-19T12:27:32","modified_gmt":"2022-04-19T09:27:32","slug":"1529","status":"publish","type":"product","link":"https:\/\/hermossaeyewear.com\/tr\/product\/1529\/","title":{"rendered":"BURCU ESMERSOY X HERMOSSA HM 1529"},"content":{"rendered":"","protected":false},"excerpt":{"rendered":"<div class=\"brandeyes\"><a href=\"https:\/\/www.brandeyes.com.tr\/urun\/hermossa-hm-1529\" target=\"_blank\" rel=\"noopener\"><button>Sat\u0131n Al<\/button><\/a><\/div>\n<p>Burcu Esmersoy X HERMOSSA&#8217;n\u0131n HM1529 asetat Cat Eye g\u00fcne\u015f g\u00f6zl\u00fckleri, 1950&#8217;lerde pop\u00fcler olan retro kedi g\u00f6z\u00fc tarz\u0131n\u0131n modern bir yorumudur. Y\u00fcksek d\u00fczeyde g\u00fcne\u015f korumas\u0131 sunan renkli camlar\u0131 \u00e7er\u00e7eve ile bir b\u00fct\u00fcn g\u00f6r\u00fcn\u00fcm\u00fc i\u00e7in detayl\u0131 bir i\u015f\u00e7ilikle \u015fekillendirilmi\u015ftir. Koleksiyonun en dikkat \u00e7ekici modellerinden biri olan kedi g\u00f6z\u00fc asetat tasar\u0131m\u0131n bebek mavi, \u015feffaf pembe, fil di\u015fi gibi renkleri farkl\u0131 olmay\u0131 sevenler i\u00e7in g\u00fc\u00e7l\u00fc bir alternatif sunuyor.<\/p>\n","protected":false},"featured_media":15244,"template":"","meta":[],"product_cat":[1563,1094,1541,1103,1104],"product_tag":[1672],"class_list":["post-13625","product","type-product","status-publish","has-post-thumbnail","hentry","product_cat-gunesler","product_cat-kolleksiyonlar","product_cat-burcu-esmersoy-x-hermossa-tr","product_cat-kadin-sonbahar-kis-22","product_cat-gunes-gozlugu-kadin-sonbahar-kis-22","product_tag-burcu-esmersoy-x-hermossa-tr"],"yoast_head":"<!-- This site is optimized with the Yoast SEO plugin v18.5.1 - https:\/\/yoast.com\/wordpress\/plugins\/seo\/ -->\n<title>BURCU ESMERSOY X HERMOSSA HM 1529 - Hermossa Eyewear<\/title>\n<meta name=\"robots\" content=\"index, follow, max-snippet:-1, max-image-preview:large, max-video-preview:-1\" \/>\n<link rel=\"canonical\" href=\"https:\/\/hermossaeyewear.com\/tr\/urun\/1529\/\" \/>\n<meta property=\"og:locale\" content=\"tr_TR\" \/>\n<meta property=\"og:type\" content=\"article\" \/>\n<meta property=\"og:title\" content=\"BURCU ESMERSOY X HERMOSSA HM 1529 - Hermossa Eyewear\" \/>\n<meta property=\"og:description\" content=\"Sat\u0131n AlBurcu Esmersoy X HERMOSSA&#039;n\u0131n HM1529 asetat Cat Eye g\u00fcne\u015f g\u00f6zl\u00fckleri, 1950&#039;lerde pop\u00fcler olan retro kedi g\u00f6z\u00fc tarz\u0131n\u0131n modern bir yorumudur. Y\u00fcksek d\u00fczeyde g\u00fcne\u015f korumas\u0131 sunan renkli camlar\u0131 \u00e7er\u00e7eve ile bir b\u00fct\u00fcn g\u00f6r\u00fcn\u00fcm\u00fc i\u00e7in detayl\u0131 bir i\u015f\u00e7ilikle \u015fekillendirilmi\u015ftir. Koleksiyonun en dikkat \u00e7ekici modellerinden biri olan kedi g\u00f6z\u00fc asetat tasar\u0131m\u0131n bebek mavi, \u015feffaf pembe, fil di\u015fi gibi renkleri farkl\u0131 olmay\u0131 sevenler i\u00e7in g\u00fc\u00e7l\u00fc bir alternatif sunuyor.\" \/>\n<meta property=\"og:url\" content=\"https:\/\/hermossaeyewear.com\/tr\/urun\/1529\/\" \/>\n<meta property=\"og:site_name\" content=\"Hermossa Eyewear\" \/>\n<meta property=\"article:modified_time\" content=\"2022-04-19T09:27:32+00:00\" \/>\n<meta property=\"og:image\" content=\"https:\/\/hermossaeyewear.com\/wp-content\/uploads\/2022\/04\/BURCU-ESMERSOY-X-HERMOSSA-1-1.jpg\" \/>\n\t<meta property=\"og:image:width\" content=\"1600\" \/>\n\t<meta property=\"og:image:height\" content=\"1600\" \/>\n\t<meta property=\"og:image:type\" content=\"image\/jpeg\" \/>\n<meta name=\"twitter:card\" content=\"summary_large_image\" \/>\n<script type=\"application\/ld+json\" class=\"yoast-schema-graph\">{\"@context\":\"https:\/\/schema.org\",\"@graph\":[{\"@type\":\"Organization\",\"@id\":\"https:\/\/hermossaeyewear.com\/#organization\",\"name\":\"HERMOSSA EYEWEAR\",\"url\":\"https:\/\/hermossaeyewear.com\/\",\"sameAs\":[],\"logo\":{\"@type\":\"ImageObject\",\"@id\":\"https:\/\/hermossaeyewear.com\/#logo\",\"inLanguage\":\"tr\",\"url\":\"https:\/\/hermossaeyewear.com\/wp-content\/uploads\/2022\/01\/logo.svg\",\"contentUrl\":\"https:\/\/hermossaeyewear.com\/wp-content\/uploads\/2022\/01\/logo.svg\",\"width\":288,\"height\":70,\"caption\":\"HERMOSSA EYEWEAR\"},\"image\":{\"@id\":\"https:\/\/hermossaeyewear.com\/#logo\"}},{\"@type\":\"WebSite\",\"@id\":\"https:\/\/hermossaeyewear.com\/#website\",\"url\":\"https:\/\/hermossaeyewear.com\/\",\"name\":\"Hermossa Eyewear\",\"description\":\"\",\"publisher\":{\"@id\":\"https:\/\/hermossaeyewear.com\/#organization\"},\"potentialAction\":[{\"@type\":\"SearchAction\",\"target\":{\"@type\":\"EntryPoint\",\"urlTemplate\":\"https:\/\/hermossaeyewear.com\/?s={search_term_string}\"},\"query-input\":\"required name=search_term_string\"}],\"inLanguage\":\"tr\"},{\"@type\":\"ImageObject\",\"@id\":\"https:\/\/hermossaeyewear.com\/tr\/urun\/1529\/#primaryimage\",\"inLanguage\":\"tr\",\"url\":\"https:\/\/hermossaeyewear.com\/wp-content\/uploads\/2022\/04\/BURCU-ESMERSOY-X-HERMOSSA-1-1.jpg\",\"contentUrl\":\"https:\/\/hermossaeyewear.com\/wp-content\/uploads\/2022\/04\/BURCU-ESMERSOY-X-HERMOSSA-1-1.jpg\",\"width\":1600,\"height\":1600},{\"@type\":\"WebPage\",\"@id\":\"https:\/\/hermossaeyewear.com\/tr\/urun\/1529\/#webpage\",\"url\":\"https:\/\/hermossaeyewear.com\/tr\/urun\/1529\/\",\"name\":\"BURCU ESMERSOY X HERMOSSA HM 1529 - Hermossa Eyewear\",\"isPartOf\":{\"@id\":\"https:\/\/hermossaeyewear.com\/#website\"},\"primaryImageOfPage\":{\"@id\":\"https:\/\/hermossaeyewear.com\/tr\/urun\/1529\/#primaryimage\"},\"datePublished\":\"2022-03-09T00:45:18+00:00\",\"dateModified\":\"2022-04-19T09:27:32+00:00\",\"breadcrumb\":{\"@id\":\"https:\/\/hermossaeyewear.com\/tr\/urun\/1529\/#breadcrumb\"},\"inLanguage\":\"tr\",\"potentialAction\":[{\"@type\":\"ReadAction\",\"target\":[\"https:\/\/hermossaeyewear.com\/tr\/urun\/1529\/\"]}]},{\"@type\":\"BreadcrumbList\",\"@id\":\"https:\/\/hermossaeyewear.com\/tr\/urun\/1529\/#breadcrumb\",\"itemListElement\":[{\"@type\":\"ListItem\",\"position\":1,\"name\":\"Home\",\"item\":\"https:\/\/hermossaeyewear.com\/\"},{\"@type\":\"ListItem\",\"position\":2,\"name\":\"Colections\",\"item\":\"https:\/\/hermossaeyewear.com\/shop\/\"},{\"@type\":\"ListItem\",\"position\":3,\"name\":\"BURCU ESMERSOY X HERMOSSA HM 1529\"}]}]}<\/script>\n<!-- \/ Yoast SEO plugin. -->","yoast_head_json":{"title":"BURCU ESMERSOY X HERMOSSA HM 1529 - Hermossa Eyewear","robots":{"index":"index","follow":"follow","max-snippet":"max-snippet:-1","max-image-preview":"max-image-preview:large","max-video-preview":"max-video-preview:-1"},"canonical":"https:\/\/hermossaeyewear.com\/tr\/urun\/1529\/","og_locale":"tr_TR","og_type":"article","og_title":"BURCU ESMERSOY X HERMOSSA HM 1529 - Hermossa Eyewear","og_description":"Sat\u0131n AlBurcu Esmersoy X HERMOSSA'n\u0131n HM1529 asetat Cat Eye g\u00fcne\u015f g\u00f6zl\u00fckleri, 1950'lerde pop\u00fcler olan retro kedi g\u00f6z\u00fc tarz\u0131n\u0131n modern bir yorumudur. Y\u00fcksek d\u00fczeyde g\u00fcne\u015f korumas\u0131 sunan renkli camlar\u0131 \u00e7er\u00e7eve ile bir b\u00fct\u00fcn g\u00f6r\u00fcn\u00fcm\u00fc i\u00e7in detayl\u0131 bir i\u015f\u00e7ilikle \u015fekillendirilmi\u015ftir. Koleksiyonun en dikkat \u00e7ekici modellerinden biri olan kedi g\u00f6z\u00fc asetat tasar\u0131m\u0131n bebek mavi, \u015feffaf pembe, fil di\u015fi gibi renkleri farkl\u0131 olmay\u0131 sevenler i\u00e7in g\u00fc\u00e7l\u00fc bir alternatif sunuyor.","og_url":"https:\/\/hermossaeyewear.com\/tr\/urun\/1529\/","og_site_name":"Hermossa Eyewear","article_modified_time":"2022-04-19T09:27:32+00:00","og_image":[{"width":1600,"height":1600,"url":"https:\/\/hermossaeyewear.com\/wp-content\/uploads\/2022\/04\/BURCU-ESMERSOY-X-HERMOSSA-1-1.jpg","type":"image\/jpeg"}],"twitter_card":"summary_large_image","schema":{"@context":"https:\/\/schema.org","@graph":[{"@type":"Organization","@id":"https:\/\/hermossaeyewear.com\/#organization","name":"HERMOSSA EYEWEAR","url":"https:\/\/hermossaeyewear.com\/","sameAs":[],"logo":{"@type":"ImageObject","@id":"https:\/\/hermossaeyewear.com\/#logo","inLanguage":"tr","url":"https:\/\/hermossaeyewear.com\/wp-content\/uploads\/2022\/01\/logo.svg","contentUrl":"https:\/\/hermossaeyewear.com\/wp-content\/uploads\/2022\/01\/logo.svg","width":288,"height":70,"caption":"HERMOSSA EYEWEAR"},"image":{"@id":"https:\/\/hermossaeyewear.com\/#logo"}},{"@type":"WebSite","@id":"https:\/\/hermossaeyewear.com\/#website","url":"https:\/\/hermossaeyewear.com\/","name":"Hermossa Eyewear","description":"","publisher":{"@id":"https:\/\/hermossaeyewear.com\/#organization"},"potentialAction":[{"@type":"SearchAction","target":{"@type":"EntryPoint","urlTemplate":"https:\/\/hermossaeyewear.com\/?s={search_term_string}"},"query-input":"required name=search_term_string"}],"inLanguage":"tr"},{"@type":"ImageObject","@id":"https:\/\/hermossaeyewear.com\/tr\/urun\/1529\/#primaryimage","inLanguage":"tr","url":"https:\/\/hermossaeyewear.com\/wp-content\/uploads\/2022\/04\/BURCU-ESMERSOY-X-HERMOSSA-1-1.jpg","contentUrl":"https:\/\/hermossaeyewear.com\/wp-content\/uploads\/2022\/04\/BURCU-ESMERSOY-X-HERMOSSA-1-1.jpg","width":1600,"height":1600},{"@type":"WebPage","@id":"https:\/\/hermossaeyewear.com\/tr\/urun\/1529\/#webpage","url":"https:\/\/hermossaeyewear.com\/tr\/urun\/1529\/","name":"BURCU ESMERSOY X HERMOSSA HM 1529 - Hermossa Eyewear","isPartOf":{"@id":"https:\/\/hermossaeyewear.com\/#website"},"primaryImageOfPage":{"@id":"https:\/\/hermossaeyewear.com\/tr\/urun\/1529\/#primaryimage"},"datePublished":"2022-03-09T00:45:18+00:00","dateModified":"2022-04-19T09:27:32+00:00","breadcrumb":{"@id":"https:\/\/hermossaeyewear.com\/tr\/urun\/1529\/#breadcrumb"},"inLanguage":"tr","potentialAction":[{"@type":"ReadAction","target":["https:\/\/hermossaeyewear.com\/tr\/urun\/1529\/"]}]},{"@type":"BreadcrumbList","@id":"https:\/\/hermossaeyewear.com\/tr\/urun\/1529\/#breadcrumb","itemListElement":[{"@type":"ListItem","position":1,"name":"Home","item":"https:\/\/hermossaeyewear.com\/"},{"@type":"ListItem","position":2,"name":"Colections","item":"https:\/\/hermossaeyewear.com\/shop\/"},{"@type":"ListItem","position":3,"name":"BURCU ESMERSOY X HERMOSSA HM 1529"}]}]}},"_links":{"self":[{"href":"https:\/\/hermossaeyewear.com\/tr\/wp-json\/wp\/v2\/product\/13625","targetHints":{"allow":["GET"]}}],"collection":[{"href":"https:\/\/hermossaeyewear.com\/tr\/wp-json\/wp\/v2\/product"}],"about":[{"href":"https:\/\/hermossaeyewear.com\/tr\/wp-json\/wp\/v2\/types\/product"}],"version-history":[{"count":6,"href":"https:\/\/hermossaeyewear.com\/tr\/wp-json\/wp\/v2\/product\/13625\/revisions"}],"predecessor-version":[{"id":15616,"href":"https:\/\/hermossaeyewear.com\/tr\/wp-json\/wp\/v2\/product\/13625\/revisions\/15616"}],"wp:featuredmedia":[{"embeddable":true,"href":"https:\/\/hermossaeyewear.com\/tr\/wp-json\/wp\/v2\/media\/15244"}],"wp:attachment":[{"href":"https:\/\/hermossaeyewear.com\/tr\/wp-json\/wp\/v2\/media?parent=13625"}],"wp:term":[{"taxonomy":"product_cat","embeddable":true,"href":"https:\/\/hermossaeyewear.com\/tr\/wp-json\/wp\/v2\/product_cat?post=13625"},{"taxonomy":"product_tag","embeddable":true,"href":"https:\/\/hermossaeyewear.com\/tr\/wp-json\/wp\/v2\/product_tag?post=13625"}],"curies":[{"name":"wp","href":"https:\/\/api.w.org\/{rel}","templated":true}]}}