{"id":14450,"date":"2022-02-08T10:12:39","date_gmt":"2022-02-08T07:12:39","guid":{"rendered":"https:\/\/hermossaeyewear.com\/product\/jamal\/"},"modified":"2022-04-20T08:38:08","modified_gmt":"2022-04-20T05:38:08","slug":"jamal","status":"publish","type":"product","link":"https:\/\/hermossaeyewear.com\/tr\/product\/jamal\/","title":{"rendered":"JAMAL"},"content":{"rendered":"<table width=\"1012\">\n<tbody>\n<tr>\n<td width=\"72\">Malzeme A\u00e7\u0131klamas\u0131<\/td>\n<td width=\"72\">Model \u0130smi<\/td>\n<td width=\"72\">Lens \u00d6l\u00e7\u00fcs\u00fc<\/td>\n<td width=\"72\">K\u00f6pr\u00fc<\/td>\n<td width=\"72\">Sap Boyu<\/td>\n<td width=\"72\">\u00c7er\u00e7eve \u015eekli<\/td>\n<td width=\"72\">G\u00f6vde Materyali<\/td>\n<td width=\"148\">G\u00f6vde Rengi<\/td>\n<td width=\"72\">Lens Materyali<\/td>\n<td width=\"72\">Lens \u00d6zelli\u011fi<\/td>\n<td width=\"72\">Lens Rengi<\/td>\n<td width=\"72\">\u00c7er\u00e7eve T\u00fcr\u00fc<\/td>\n<td width=\"72\">Cinsiyet<\/td>\n<\/tr>\n<tr>\n<td>HERMOSSA HMO 359 C 1 50-22 OPT\u0130K<\/td>\n<td>Jamal<\/td>\n<td>50<\/td>\n<td>22<\/td>\n<td>145<\/td>\n<td>Oval<\/td>\n<td>Asetat<\/td>\n<td>Siyah<\/td>\n<td><\/td>\n<td><\/td>\n<td><\/td>\n<td>Tam \u00c7er\u00e7eveli<\/td>\n<td>Kad\u0131n<\/td>\n<\/tr>\n<tr>\n<td>HERMOSSA HMO 359 C 2 50-22 OPT\u0130K<\/td>\n<td>Jamal<\/td>\n<td>50<\/td>\n<td>22<\/td>\n<td>145<\/td>\n<td>Oval<\/td>\n<td>Asetat<\/td>\n<td>Havana<\/td>\n<td><\/td>\n<td><\/td>\n<td><\/td>\n<td>Tam \u00c7er\u00e7eveli<\/td>\n<td>Kad\u0131n<\/td>\n<\/tr>\n<tr>\n<td>HERMOSSA HMO 359 C 3 50-22 OPT\u0130K<\/td>\n<td>Jamal<\/td>\n<td>50<\/td>\n<td>22<\/td>\n<td>145<\/td>\n<td>Oval<\/td>\n<td>Asetat<\/td>\n<td>Kahverengi<\/td>\n<td><\/td>\n<td><\/td>\n<td><\/td>\n<td>Tam \u00c7er\u00e7eveli<\/td>\n<td>Kad\u0131n<\/td>\n<\/tr>\n<tr>\n<td>HERMOSSA HMO 359 C 4 50-22 OPT\u0130K<\/td>\n<td>Jamal<\/td>\n<td>50<\/td>\n<td>22<\/td>\n<td>145<\/td>\n<td>Oval<\/td>\n<td>Asetat<\/td>\n<td>Bordo<\/td>\n<td><\/td>\n<td><\/td>\n<td><\/td>\n<td>Tam \u00c7er\u00e7eveli<\/td>\n<td>Kad\u0131n<\/td>\n<\/tr>\n<\/tbody>\n<\/table>\n","protected":false},"excerpt":{"rendered":"<div class=\"brandeyes\"><a href=\"https:\/\/www.brandeyes.com.tr\/kategori\/hermossa\" target=\"_blank\" rel=\"noopener\"><button>Sat\u0131n Al!<\/button><\/a><\/div>\n<p>Hermossa optik \u00e7er\u00e7eveler, \u015fehrin farkl\u0131 k\u00fclt\u00fcrler ve e\u011flenceyi seven atmosferinin; yarat\u0131c\u0131, enerjik ruhunu ke\u015ffetmeye ve bu dinamizmin bir par\u00e7as\u0131 olmaya davet ediyor.<\/p>\n","protected":false},"featured_media":10486,"template":"","meta":[],"product_cat":[1562,1094,1103,1102],"product_tag":[],"class_list":["post-14450","product","type-product","status-publish","has-post-thumbnail","hentry","product_cat-optikler","product_cat-kolleksiyonlar","product_cat-kadin-sonbahar-kis-22","product_cat-optical-kadin-sonbahar-kis-22"],"yoast_head":"<!-- This site is optimized with the Yoast SEO plugin v18.5.1 - https:\/\/yoast.com\/wordpress\/plugins\/seo\/ -->\n<title>JAMAL - Hermossa Eyewear<\/title>\n<meta name=\"robots\" content=\"index, follow, max-snippet:-1, max-image-preview:large, max-video-preview:-1\" \/>\n<link rel=\"canonical\" href=\"https:\/\/hermossaeyewear.com\/tr\/urun\/jamal\/\" \/>\n<meta property=\"og:locale\" content=\"tr_TR\" \/>\n<meta property=\"og:type\" content=\"article\" \/>\n<meta property=\"og:title\" content=\"JAMAL - Hermossa Eyewear\" \/>\n<meta property=\"og:description\" content=\"Sat\u0131n Al!Hermossa optik \u00e7er\u00e7eveler, \u015fehrin farkl\u0131 k\u00fclt\u00fcrler ve e\u011flenceyi seven atmosferinin; yarat\u0131c\u0131, enerjik ruhunu ke\u015ffetmeye ve bu dinamizmin bir par\u00e7as\u0131 olmaya davet ediyor.\" \/>\n<meta property=\"og:url\" content=\"https:\/\/hermossaeyewear.com\/tr\/urun\/jamal\/\" \/>\n<meta property=\"og:site_name\" content=\"Hermossa Eyewear\" \/>\n<meta property=\"article:modified_time\" content=\"2022-04-20T05:38:08+00:00\" \/>\n<meta property=\"og:image\" content=\"https:\/\/hermossaeyewear.com\/wp-content\/uploads\/2022\/02\/HMO359-03-Jamal.jpg\" \/>\n\t<meta property=\"og:image:width\" content=\"1800\" \/>\n\t<meta property=\"og:image:height\" content=\"1800\" \/>\n\t<meta property=\"og:image:type\" content=\"image\/jpeg\" \/>\n<meta name=\"twitter:card\" content=\"summary_large_image\" \/>\n<script type=\"application\/ld+json\" class=\"yoast-schema-graph\">{\"@context\":\"https:\/\/schema.org\",\"@graph\":[{\"@type\":\"Organization\",\"@id\":\"https:\/\/hermossaeyewear.com\/#organization\",\"name\":\"HERMOSSA EYEWEAR\",\"url\":\"https:\/\/hermossaeyewear.com\/\",\"sameAs\":[],\"logo\":{\"@type\":\"ImageObject\",\"@id\":\"https:\/\/hermossaeyewear.com\/#logo\",\"inLanguage\":\"tr\",\"url\":\"https:\/\/hermossaeyewear.com\/wp-content\/uploads\/2022\/01\/logo.svg\",\"contentUrl\":\"https:\/\/hermossaeyewear.com\/wp-content\/uploads\/2022\/01\/logo.svg\",\"width\":288,\"height\":70,\"caption\":\"HERMOSSA EYEWEAR\"},\"image\":{\"@id\":\"https:\/\/hermossaeyewear.com\/#logo\"}},{\"@type\":\"WebSite\",\"@id\":\"https:\/\/hermossaeyewear.com\/#website\",\"url\":\"https:\/\/hermossaeyewear.com\/\",\"name\":\"Hermossa Eyewear\",\"description\":\"\",\"publisher\":{\"@id\":\"https:\/\/hermossaeyewear.com\/#organization\"},\"potentialAction\":[{\"@type\":\"SearchAction\",\"target\":{\"@type\":\"EntryPoint\",\"urlTemplate\":\"https:\/\/hermossaeyewear.com\/?s={search_term_string}\"},\"query-input\":\"required name=search_term_string\"}],\"inLanguage\":\"tr\"},{\"@type\":\"ImageObject\",\"@id\":\"https:\/\/hermossaeyewear.com\/tr\/urun\/jamal\/#primaryimage\",\"inLanguage\":\"tr\",\"url\":\"https:\/\/hermossaeyewear.com\/wp-content\/uploads\/2022\/02\/HMO359-03-Jamal.jpg\",\"contentUrl\":\"https:\/\/hermossaeyewear.com\/wp-content\/uploads\/2022\/02\/HMO359-03-Jamal.jpg\",\"width\":1800,\"height\":1800},{\"@type\":\"WebPage\",\"@id\":\"https:\/\/hermossaeyewear.com\/tr\/urun\/jamal\/#webpage\",\"url\":\"https:\/\/hermossaeyewear.com\/tr\/urun\/jamal\/\",\"name\":\"JAMAL - Hermossa Eyewear\",\"isPartOf\":{\"@id\":\"https:\/\/hermossaeyewear.com\/#website\"},\"primaryImageOfPage\":{\"@id\":\"https:\/\/hermossaeyewear.com\/tr\/urun\/jamal\/#primaryimage\"},\"datePublished\":\"2022-02-08T07:12:39+00:00\",\"dateModified\":\"2022-04-20T05:38:08+00:00\",\"breadcrumb\":{\"@id\":\"https:\/\/hermossaeyewear.com\/tr\/urun\/jamal\/#breadcrumb\"},\"inLanguage\":\"tr\",\"potentialAction\":[{\"@type\":\"ReadAction\",\"target\":[\"https:\/\/hermossaeyewear.com\/tr\/urun\/jamal\/\"]}]},{\"@type\":\"BreadcrumbList\",\"@id\":\"https:\/\/hermossaeyewear.com\/tr\/urun\/jamal\/#breadcrumb\",\"itemListElement\":[{\"@type\":\"ListItem\",\"position\":1,\"name\":\"Home\",\"item\":\"https:\/\/hermossaeyewear.com\/\"},{\"@type\":\"ListItem\",\"position\":2,\"name\":\"Colections\",\"item\":\"https:\/\/hermossaeyewear.com\/shop\/\"},{\"@type\":\"ListItem\",\"position\":3,\"name\":\"JAMAL\"}]}]}<\/script>\n<!-- \/ Yoast SEO plugin. -->","yoast_head_json":{"title":"JAMAL - Hermossa Eyewear","robots":{"index":"index","follow":"follow","max-snippet":"max-snippet:-1","max-image-preview":"max-image-preview:large","max-video-preview":"max-video-preview:-1"},"canonical":"https:\/\/hermossaeyewear.com\/tr\/urun\/jamal\/","og_locale":"tr_TR","og_type":"article","og_title":"JAMAL - Hermossa Eyewear","og_description":"Sat\u0131n Al!Hermossa optik \u00e7er\u00e7eveler, \u015fehrin farkl\u0131 k\u00fclt\u00fcrler ve e\u011flenceyi seven atmosferinin; yarat\u0131c\u0131, enerjik ruhunu ke\u015ffetmeye ve bu dinamizmin bir par\u00e7as\u0131 olmaya davet ediyor.","og_url":"https:\/\/hermossaeyewear.com\/tr\/urun\/jamal\/","og_site_name":"Hermossa Eyewear","article_modified_time":"2022-04-20T05:38:08+00:00","og_image":[{"width":1800,"height":1800,"url":"https:\/\/hermossaeyewear.com\/wp-content\/uploads\/2022\/02\/HMO359-03-Jamal.jpg","type":"image\/jpeg"}],"twitter_card":"summary_large_image","schema":{"@context":"https:\/\/schema.org","@graph":[{"@type":"Organization","@id":"https:\/\/hermossaeyewear.com\/#organization","name":"HERMOSSA EYEWEAR","url":"https:\/\/hermossaeyewear.com\/","sameAs":[],"logo":{"@type":"ImageObject","@id":"https:\/\/hermossaeyewear.com\/#logo","inLanguage":"tr","url":"https:\/\/hermossaeyewear.com\/wp-content\/uploads\/2022\/01\/logo.svg","contentUrl":"https:\/\/hermossaeyewear.com\/wp-content\/uploads\/2022\/01\/logo.svg","width":288,"height":70,"caption":"HERMOSSA EYEWEAR"},"image":{"@id":"https:\/\/hermossaeyewear.com\/#logo"}},{"@type":"WebSite","@id":"https:\/\/hermossaeyewear.com\/#website","url":"https:\/\/hermossaeyewear.com\/","name":"Hermossa Eyewear","description":"","publisher":{"@id":"https:\/\/hermossaeyewear.com\/#organization"},"potentialAction":[{"@type":"SearchAction","target":{"@type":"EntryPoint","urlTemplate":"https:\/\/hermossaeyewear.com\/?s={search_term_string}"},"query-input":"required name=search_term_string"}],"inLanguage":"tr"},{"@type":"ImageObject","@id":"https:\/\/hermossaeyewear.com\/tr\/urun\/jamal\/#primaryimage","inLanguage":"tr","url":"https:\/\/hermossaeyewear.com\/wp-content\/uploads\/2022\/02\/HMO359-03-Jamal.jpg","contentUrl":"https:\/\/hermossaeyewear.com\/wp-content\/uploads\/2022\/02\/HMO359-03-Jamal.jpg","width":1800,"height":1800},{"@type":"WebPage","@id":"https:\/\/hermossaeyewear.com\/tr\/urun\/jamal\/#webpage","url":"https:\/\/hermossaeyewear.com\/tr\/urun\/jamal\/","name":"JAMAL - Hermossa Eyewear","isPartOf":{"@id":"https:\/\/hermossaeyewear.com\/#website"},"primaryImageOfPage":{"@id":"https:\/\/hermossaeyewear.com\/tr\/urun\/jamal\/#primaryimage"},"datePublished":"2022-02-08T07:12:39+00:00","dateModified":"2022-04-20T05:38:08+00:00","breadcrumb":{"@id":"https:\/\/hermossaeyewear.com\/tr\/urun\/jamal\/#breadcrumb"},"inLanguage":"tr","potentialAction":[{"@type":"ReadAction","target":["https:\/\/hermossaeyewear.com\/tr\/urun\/jamal\/"]}]},{"@type":"BreadcrumbList","@id":"https:\/\/hermossaeyewear.com\/tr\/urun\/jamal\/#breadcrumb","itemListElement":[{"@type":"ListItem","position":1,"name":"Home","item":"https:\/\/hermossaeyewear.com\/"},{"@type":"ListItem","position":2,"name":"Colections","item":"https:\/\/hermossaeyewear.com\/shop\/"},{"@type":"ListItem","position":3,"name":"JAMAL"}]}]}},"_links":{"self":[{"href":"https:\/\/hermossaeyewear.com\/tr\/wp-json\/wp\/v2\/product\/14450","targetHints":{"allow":["GET"]}}],"collection":[{"href":"https:\/\/hermossaeyewear.com\/tr\/wp-json\/wp\/v2\/product"}],"about":[{"href":"https:\/\/hermossaeyewear.com\/tr\/wp-json\/wp\/v2\/types\/product"}],"version-history":[{"count":6,"href":"https:\/\/hermossaeyewear.com\/tr\/wp-json\/wp\/v2\/product\/14450\/revisions"}],"predecessor-version":[{"id":15832,"href":"https:\/\/hermossaeyewear.com\/tr\/wp-json\/wp\/v2\/product\/14450\/revisions\/15832"}],"wp:featuredmedia":[{"embeddable":true,"href":"https:\/\/hermossaeyewear.com\/tr\/wp-json\/wp\/v2\/media\/10486"}],"wp:attachment":[{"href":"https:\/\/hermossaeyewear.com\/tr\/wp-json\/wp\/v2\/media?parent=14450"}],"wp:term":[{"taxonomy":"product_cat","embeddable":true,"href":"https:\/\/hermossaeyewear.com\/tr\/wp-json\/wp\/v2\/product_cat?post=14450"},{"taxonomy":"product_tag","embeddable":true,"href":"https:\/\/hermossaeyewear.com\/tr\/wp-json\/wp\/v2\/product_tag?post=14450"}],"curies":[{"name":"wp","href":"https:\/\/api.w.org\/{rel}","templated":true}]}}