{"id":18264,"date":"2023-04-11T12:25:38","date_gmt":"2023-04-11T09:25:38","guid":{"rendered":"https:\/\/hermossaeyewear.com\/product\/reckless\/"},"modified":"2023-04-11T12:25:38","modified_gmt":"2023-04-11T09:25:38","slug":"reckless-2","status":"publish","type":"product","link":"https:\/\/hermossaeyewear.com\/tr\/product\/reckless-2\/","title":{"rendered":"RECKLESS"},"content":{"rendered":"","protected":false},"excerpt":{"rendered":"<div class=\"brandeyes\"><a href=\"https:\/\/www.brandeyes.com.tr\/urun\/hermossa-hm-1549\" target=\"_blank\" rel=\"noopener\"><button>Sat\u0131n Al<\/button><\/a><\/div>\n<p>Hermossa g\u00fcne\u015f g\u00f6zl\u00fc\u011f\u00fc koleksiyonu, kurallar\u0131 y\u0131karak \u00e7\u0131kaca\u011f\u0131n\u0131z her yeni macerada stilinizi tamamlayacak modelleri ile sizi yeni d\u00fcnyalar\u0131 ke\u015ffetmeye, farkl\u0131 k\u00fclt\u00fcrlerin par\u00e7as\u0131 olmaya davet ediyor.<\/p>\n","protected":false},"featured_media":16886,"template":"","meta":[],"product_cat":[1873,1874,1563,1094],"product_tag":[],"class_list":["post-18264","product","type-product","status-publish","has-post-thumbnail","hentry","product_cat-man-tr","product_cat-sunglasses-tr","product_cat-gunesler","product_cat-kolleksiyonlar"],"yoast_head":"<!-- This site is optimized with the Yoast SEO plugin v18.5.1 - https:\/\/yoast.com\/wordpress\/plugins\/seo\/ -->\n<title>RECKLESS - Hermossa Eyewear<\/title>\n<meta name=\"robots\" content=\"index, follow, max-snippet:-1, max-image-preview:large, max-video-preview:-1\" \/>\n<link rel=\"canonical\" href=\"https:\/\/hermossaeyewear.com\/product\/reckless\/\" \/>\n<meta property=\"og:locale\" content=\"tr_TR\" \/>\n<meta property=\"og:type\" content=\"article\" \/>\n<meta property=\"og:title\" content=\"RECKLESS - Hermossa Eyewear\" \/>\n<meta property=\"og:description\" content=\"Sat\u0131n AlHermossa g\u00fcne\u015f g\u00f6zl\u00fc\u011f\u00fc koleksiyonu, kurallar\u0131 y\u0131karak \u00e7\u0131kaca\u011f\u0131n\u0131z her yeni macerada stilinizi tamamlayacak modelleri ile sizi yeni d\u00fcnyalar\u0131 ke\u015ffetmeye, farkl\u0131 k\u00fclt\u00fcrlerin par\u00e7as\u0131 olmaya davet ediyor.\" \/>\n<meta property=\"og:url\" content=\"https:\/\/hermossaeyewear.com\/product\/reckless\/\" \/>\n<meta property=\"og:site_name\" content=\"Hermossa Eyewear\" \/>\n<meta name=\"twitter:card\" content=\"summary_large_image\" \/>\n<script type=\"application\/ld+json\" class=\"yoast-schema-graph\">{\"@context\":\"https:\/\/schema.org\",\"@graph\":[{\"@type\":\"Organization\",\"@id\":\"https:\/\/hermossaeyewear.com\/#organization\",\"name\":\"HERMOSSA EYEWEAR\",\"url\":\"https:\/\/hermossaeyewear.com\/\",\"sameAs\":[],\"logo\":{\"@type\":\"ImageObject\",\"@id\":\"https:\/\/hermossaeyewear.com\/#logo\",\"inLanguage\":\"tr\",\"url\":\"https:\/\/hermossaeyewear.com\/wp-content\/uploads\/2022\/01\/logo.svg\",\"contentUrl\":\"https:\/\/hermossaeyewear.com\/wp-content\/uploads\/2022\/01\/logo.svg\",\"width\":288,\"height\":70,\"caption\":\"HERMOSSA EYEWEAR\"},\"image\":{\"@id\":\"https:\/\/hermossaeyewear.com\/#logo\"}},{\"@type\":\"WebSite\",\"@id\":\"https:\/\/hermossaeyewear.com\/#website\",\"url\":\"https:\/\/hermossaeyewear.com\/\",\"name\":\"Hermossa Eyewear\",\"description\":\"\",\"publisher\":{\"@id\":\"https:\/\/hermossaeyewear.com\/#organization\"},\"potentialAction\":[{\"@type\":\"SearchAction\",\"target\":{\"@type\":\"EntryPoint\",\"urlTemplate\":\"https:\/\/hermossaeyewear.com\/?s={search_term_string}\"},\"query-input\":\"required name=search_term_string\"}],\"inLanguage\":\"tr\"},{\"@type\":\"ImageObject\",\"@id\":\"https:\/\/hermossaeyewear.com\/product\/reckless\/#primaryimage\",\"inLanguage\":\"tr\",\"url\":\"https:\/\/hermossaeyewear.com\/wp-content\/uploads\/2023\/04\/HERMOSSA-HM-1549-C-1.jpg\",\"contentUrl\":\"https:\/\/hermossaeyewear.com\/wp-content\/uploads\/2023\/04\/HERMOSSA-HM-1549-C-1.jpg\",\"width\":600,\"height\":600},{\"@type\":\"WebPage\",\"@id\":\"https:\/\/hermossaeyewear.com\/product\/reckless\/#webpage\",\"url\":\"https:\/\/hermossaeyewear.com\/product\/reckless\/\",\"name\":\"RECKLESS - Hermossa Eyewear\",\"isPartOf\":{\"@id\":\"https:\/\/hermossaeyewear.com\/#website\"},\"primaryImageOfPage\":{\"@id\":\"https:\/\/hermossaeyewear.com\/product\/reckless\/#primaryimage\"},\"datePublished\":\"2023-04-11T09:25:38+00:00\",\"dateModified\":\"2023-04-11T09:25:38+00:00\",\"breadcrumb\":{\"@id\":\"https:\/\/hermossaeyewear.com\/product\/reckless\/#breadcrumb\"},\"inLanguage\":\"tr\",\"potentialAction\":[{\"@type\":\"ReadAction\",\"target\":[\"https:\/\/hermossaeyewear.com\/product\/reckless\/\"]}]},{\"@type\":\"BreadcrumbList\",\"@id\":\"https:\/\/hermossaeyewear.com\/product\/reckless\/#breadcrumb\",\"itemListElement\":[{\"@type\":\"ListItem\",\"position\":1,\"name\":\"Home\",\"item\":\"https:\/\/hermossaeyewear.com\/\"},{\"@type\":\"ListItem\",\"position\":2,\"name\":\"Colections\",\"item\":\"https:\/\/hermossaeyewear.com\/shop\/\"},{\"@type\":\"ListItem\",\"position\":3,\"name\":\"RECKLESS\"}]}]}<\/script>\n<!-- \/ Yoast SEO plugin. -->","yoast_head_json":{"title":"RECKLESS - Hermossa Eyewear","robots":{"index":"index","follow":"follow","max-snippet":"max-snippet:-1","max-image-preview":"max-image-preview:large","max-video-preview":"max-video-preview:-1"},"canonical":"https:\/\/hermossaeyewear.com\/product\/reckless\/","og_locale":"tr_TR","og_type":"article","og_title":"RECKLESS - Hermossa Eyewear","og_description":"Sat\u0131n AlHermossa g\u00fcne\u015f g\u00f6zl\u00fc\u011f\u00fc koleksiyonu, kurallar\u0131 y\u0131karak \u00e7\u0131kaca\u011f\u0131n\u0131z her yeni macerada stilinizi tamamlayacak modelleri ile sizi yeni d\u00fcnyalar\u0131 ke\u015ffetmeye, farkl\u0131 k\u00fclt\u00fcrlerin par\u00e7as\u0131 olmaya davet ediyor.","og_url":"https:\/\/hermossaeyewear.com\/product\/reckless\/","og_site_name":"Hermossa Eyewear","twitter_card":"summary_large_image","schema":{"@context":"https:\/\/schema.org","@graph":[{"@type":"Organization","@id":"https:\/\/hermossaeyewear.com\/#organization","name":"HERMOSSA EYEWEAR","url":"https:\/\/hermossaeyewear.com\/","sameAs":[],"logo":{"@type":"ImageObject","@id":"https:\/\/hermossaeyewear.com\/#logo","inLanguage":"tr","url":"https:\/\/hermossaeyewear.com\/wp-content\/uploads\/2022\/01\/logo.svg","contentUrl":"https:\/\/hermossaeyewear.com\/wp-content\/uploads\/2022\/01\/logo.svg","width":288,"height":70,"caption":"HERMOSSA EYEWEAR"},"image":{"@id":"https:\/\/hermossaeyewear.com\/#logo"}},{"@type":"WebSite","@id":"https:\/\/hermossaeyewear.com\/#website","url":"https:\/\/hermossaeyewear.com\/","name":"Hermossa Eyewear","description":"","publisher":{"@id":"https:\/\/hermossaeyewear.com\/#organization"},"potentialAction":[{"@type":"SearchAction","target":{"@type":"EntryPoint","urlTemplate":"https:\/\/hermossaeyewear.com\/?s={search_term_string}"},"query-input":"required name=search_term_string"}],"inLanguage":"tr"},{"@type":"ImageObject","@id":"https:\/\/hermossaeyewear.com\/product\/reckless\/#primaryimage","inLanguage":"tr","url":"https:\/\/hermossaeyewear.com\/wp-content\/uploads\/2023\/04\/HERMOSSA-HM-1549-C-1.jpg","contentUrl":"https:\/\/hermossaeyewear.com\/wp-content\/uploads\/2023\/04\/HERMOSSA-HM-1549-C-1.jpg","width":600,"height":600},{"@type":"WebPage","@id":"https:\/\/hermossaeyewear.com\/product\/reckless\/#webpage","url":"https:\/\/hermossaeyewear.com\/product\/reckless\/","name":"RECKLESS - Hermossa Eyewear","isPartOf":{"@id":"https:\/\/hermossaeyewear.com\/#website"},"primaryImageOfPage":{"@id":"https:\/\/hermossaeyewear.com\/product\/reckless\/#primaryimage"},"datePublished":"2023-04-11T09:25:38+00:00","dateModified":"2023-04-11T09:25:38+00:00","breadcrumb":{"@id":"https:\/\/hermossaeyewear.com\/product\/reckless\/#breadcrumb"},"inLanguage":"tr","potentialAction":[{"@type":"ReadAction","target":["https:\/\/hermossaeyewear.com\/product\/reckless\/"]}]},{"@type":"BreadcrumbList","@id":"https:\/\/hermossaeyewear.com\/product\/reckless\/#breadcrumb","itemListElement":[{"@type":"ListItem","position":1,"name":"Home","item":"https:\/\/hermossaeyewear.com\/"},{"@type":"ListItem","position":2,"name":"Colections","item":"https:\/\/hermossaeyewear.com\/shop\/"},{"@type":"ListItem","position":3,"name":"RECKLESS"}]}]}},"_links":{"self":[{"href":"https:\/\/hermossaeyewear.com\/tr\/wp-json\/wp\/v2\/product\/18264","targetHints":{"allow":["GET"]}}],"collection":[{"href":"https:\/\/hermossaeyewear.com\/tr\/wp-json\/wp\/v2\/product"}],"about":[{"href":"https:\/\/hermossaeyewear.com\/tr\/wp-json\/wp\/v2\/types\/product"}],"version-history":[{"count":0,"href":"https:\/\/hermossaeyewear.com\/tr\/wp-json\/wp\/v2\/product\/18264\/revisions"}],"wp:featuredmedia":[{"embeddable":true,"href":"https:\/\/hermossaeyewear.com\/tr\/wp-json\/wp\/v2\/media\/16886"}],"wp:attachment":[{"href":"https:\/\/hermossaeyewear.com\/tr\/wp-json\/wp\/v2\/media?parent=18264"}],"wp:term":[{"taxonomy":"product_cat","embeddable":true,"href":"https:\/\/hermossaeyewear.com\/tr\/wp-json\/wp\/v2\/product_cat?post=18264"},{"taxonomy":"product_tag","embeddable":true,"href":"https:\/\/hermossaeyewear.com\/tr\/wp-json\/wp\/v2\/product_tag?post=18264"}],"curies":[{"name":"wp","href":"https:\/\/api.w.org\/{rel}","templated":true}]}}