{"id":18856,"date":"2023-04-12T11:51:17","date_gmt":"2023-04-12T08:51:17","guid":{"rendered":"https:\/\/hermossaeyewear.com\/product\/burcu-esmersoy-x-hermossa-hm-1588\/"},"modified":"2023-04-12T12:23:32","modified_gmt":"2023-04-12T09:23:32","slug":"burcu-esmersoy-x-hermossa-hm-1588","status":"publish","type":"product","link":"https:\/\/hermossaeyewear.com\/tr\/product\/burcu-esmersoy-x-hermossa-hm-1588\/","title":{"rendered":"BURCU ESMERSOY X HERMOSSA HM 1588"},"content":{"rendered":"","protected":false},"excerpt":{"rendered":"<div class=\"brandeyes\"><a href=\"https:\/\/www.brandeyes.com.tr\/urun\/hermossa-hm-1588-6119\" target=\"_blank\" rel=\"noopener\"><button>Sat\u0131n Al<\/button><\/a><\/div>\n<p>Hermossa g\u00fcne\u015f g\u00f6zl\u00fc\u011f\u00fc koleksiyonu, kurallar\u0131 y\u0131karak \u00e7\u0131kaca\u011f\u0131n\u0131z her yeni macerada stilinizi tamamlayacak modelleri ile sizi yeni d\u00fcnyalar\u0131 ke\u015ffetmeye, farkl\u0131 k\u00fclt\u00fcrlerin par\u00e7as\u0131 olmaya davet ediyor.<\/p>\n","protected":false},"featured_media":18426,"template":"","meta":[],"product_cat":[1884,1883,1563,1094,1541,1103,1104],"product_tag":[],"class_list":["post-18856","product","type-product","status-publish","has-post-thumbnail","hentry","product_cat-sunglasses-tr-2","product_cat-woman-tr","product_cat-gunesler","product_cat-kolleksiyonlar","product_cat-burcu-esmersoy-x-hermossa-tr","product_cat-kadin-sonbahar-kis-22","product_cat-gunes-gozlugu-kadin-sonbahar-kis-22"],"yoast_head":"<!-- This site is optimized with the Yoast SEO plugin v18.5.1 - https:\/\/yoast.com\/wordpress\/plugins\/seo\/ -->\n<title>BURCU ESMERSOY X HERMOSSA HM 1588 - Hermossa Eyewear<\/title>\n<meta name=\"robots\" content=\"index, follow, max-snippet:-1, max-image-preview:large, max-video-preview:-1\" \/>\n<link rel=\"canonical\" href=\"https:\/\/hermossaeyewear.com\/tr\/urun\/burcu-esmersoy-x-hermossa-hm-1588-2\/\" \/>\n<meta property=\"og:locale\" content=\"tr_TR\" \/>\n<meta property=\"og:type\" content=\"article\" \/>\n<meta property=\"og:title\" content=\"BURCU ESMERSOY X HERMOSSA HM 1588 - Hermossa Eyewear\" \/>\n<meta property=\"og:description\" content=\"Sat\u0131n AlHermossa g\u00fcne\u015f g\u00f6zl\u00fc\u011f\u00fc koleksiyonu, kurallar\u0131 y\u0131karak \u00e7\u0131kaca\u011f\u0131n\u0131z her yeni macerada stilinizi tamamlayacak modelleri ile sizi yeni d\u00fcnyalar\u0131 ke\u015ffetmeye, farkl\u0131 k\u00fclt\u00fcrlerin par\u00e7as\u0131 olmaya davet ediyor.\" \/>\n<meta property=\"og:url\" content=\"https:\/\/hermossaeyewear.com\/tr\/urun\/burcu-esmersoy-x-hermossa-hm-1588-2\/\" \/>\n<meta property=\"og:site_name\" content=\"Hermossa Eyewear\" \/>\n<meta property=\"article:modified_time\" content=\"2023-04-12T09:23:32+00:00\" \/>\n<meta property=\"og:image\" content=\"https:\/\/hermossaeyewear.com\/wp-content\/uploads\/2023\/04\/HERMOSSA-HM-1588-C-1.jpg\" \/>\n\t<meta property=\"og:image:width\" content=\"1280\" \/>\n\t<meta property=\"og:image:height\" content=\"1280\" \/>\n\t<meta property=\"og:image:type\" content=\"image\/jpeg\" \/>\n<meta name=\"twitter:card\" content=\"summary_large_image\" \/>\n<script type=\"application\/ld+json\" class=\"yoast-schema-graph\">{\"@context\":\"https:\/\/schema.org\",\"@graph\":[{\"@type\":\"Organization\",\"@id\":\"https:\/\/hermossaeyewear.com\/#organization\",\"name\":\"HERMOSSA EYEWEAR\",\"url\":\"https:\/\/hermossaeyewear.com\/\",\"sameAs\":[],\"logo\":{\"@type\":\"ImageObject\",\"@id\":\"https:\/\/hermossaeyewear.com\/#logo\",\"inLanguage\":\"tr\",\"url\":\"https:\/\/hermossaeyewear.com\/wp-content\/uploads\/2022\/01\/logo.svg\",\"contentUrl\":\"https:\/\/hermossaeyewear.com\/wp-content\/uploads\/2022\/01\/logo.svg\",\"width\":288,\"height\":70,\"caption\":\"HERMOSSA EYEWEAR\"},\"image\":{\"@id\":\"https:\/\/hermossaeyewear.com\/#logo\"}},{\"@type\":\"WebSite\",\"@id\":\"https:\/\/hermossaeyewear.com\/#website\",\"url\":\"https:\/\/hermossaeyewear.com\/\",\"name\":\"Hermossa Eyewear\",\"description\":\"\",\"publisher\":{\"@id\":\"https:\/\/hermossaeyewear.com\/#organization\"},\"potentialAction\":[{\"@type\":\"SearchAction\",\"target\":{\"@type\":\"EntryPoint\",\"urlTemplate\":\"https:\/\/hermossaeyewear.com\/?s={search_term_string}\"},\"query-input\":\"required name=search_term_string\"}],\"inLanguage\":\"tr\"},{\"@type\":\"ImageObject\",\"@id\":\"https:\/\/hermossaeyewear.com\/tr\/urun\/burcu-esmersoy-x-hermossa-hm-1588-2\/#primaryimage\",\"inLanguage\":\"tr\",\"url\":\"https:\/\/hermossaeyewear.com\/wp-content\/uploads\/2023\/04\/HERMOSSA-HM-1588-C-1.jpg\",\"contentUrl\":\"https:\/\/hermossaeyewear.com\/wp-content\/uploads\/2023\/04\/HERMOSSA-HM-1588-C-1.jpg\",\"width\":1280,\"height\":1280},{\"@type\":\"WebPage\",\"@id\":\"https:\/\/hermossaeyewear.com\/tr\/urun\/burcu-esmersoy-x-hermossa-hm-1588-2\/#webpage\",\"url\":\"https:\/\/hermossaeyewear.com\/tr\/urun\/burcu-esmersoy-x-hermossa-hm-1588-2\/\",\"name\":\"BURCU ESMERSOY X HERMOSSA HM 1588 - Hermossa Eyewear\",\"isPartOf\":{\"@id\":\"https:\/\/hermossaeyewear.com\/#website\"},\"primaryImageOfPage\":{\"@id\":\"https:\/\/hermossaeyewear.com\/tr\/urun\/burcu-esmersoy-x-hermossa-hm-1588-2\/#primaryimage\"},\"datePublished\":\"2023-04-12T08:51:17+00:00\",\"dateModified\":\"2023-04-12T09:23:32+00:00\",\"breadcrumb\":{\"@id\":\"https:\/\/hermossaeyewear.com\/tr\/urun\/burcu-esmersoy-x-hermossa-hm-1588-2\/#breadcrumb\"},\"inLanguage\":\"tr\",\"potentialAction\":[{\"@type\":\"ReadAction\",\"target\":[\"https:\/\/hermossaeyewear.com\/tr\/urun\/burcu-esmersoy-x-hermossa-hm-1588-2\/\"]}]},{\"@type\":\"BreadcrumbList\",\"@id\":\"https:\/\/hermossaeyewear.com\/tr\/urun\/burcu-esmersoy-x-hermossa-hm-1588-2\/#breadcrumb\",\"itemListElement\":[{\"@type\":\"ListItem\",\"position\":1,\"name\":\"Home\",\"item\":\"https:\/\/hermossaeyewear.com\/\"},{\"@type\":\"ListItem\",\"position\":2,\"name\":\"Colections\",\"item\":\"https:\/\/hermossaeyewear.com\/shop\/\"},{\"@type\":\"ListItem\",\"position\":3,\"name\":\"BURCU ESMERSOY X HERMOSSA HM 1588\"}]}]}<\/script>\n<!-- \/ Yoast SEO plugin. -->","yoast_head_json":{"title":"BURCU ESMERSOY X HERMOSSA HM 1588 - Hermossa Eyewear","robots":{"index":"index","follow":"follow","max-snippet":"max-snippet:-1","max-image-preview":"max-image-preview:large","max-video-preview":"max-video-preview:-1"},"canonical":"https:\/\/hermossaeyewear.com\/tr\/urun\/burcu-esmersoy-x-hermossa-hm-1588-2\/","og_locale":"tr_TR","og_type":"article","og_title":"BURCU ESMERSOY X HERMOSSA HM 1588 - Hermossa Eyewear","og_description":"Sat\u0131n AlHermossa g\u00fcne\u015f g\u00f6zl\u00fc\u011f\u00fc koleksiyonu, kurallar\u0131 y\u0131karak \u00e7\u0131kaca\u011f\u0131n\u0131z her yeni macerada stilinizi tamamlayacak modelleri ile sizi yeni d\u00fcnyalar\u0131 ke\u015ffetmeye, farkl\u0131 k\u00fclt\u00fcrlerin par\u00e7as\u0131 olmaya davet ediyor.","og_url":"https:\/\/hermossaeyewear.com\/tr\/urun\/burcu-esmersoy-x-hermossa-hm-1588-2\/","og_site_name":"Hermossa Eyewear","article_modified_time":"2023-04-12T09:23:32+00:00","og_image":[{"width":1280,"height":1280,"url":"https:\/\/hermossaeyewear.com\/wp-content\/uploads\/2023\/04\/HERMOSSA-HM-1588-C-1.jpg","type":"image\/jpeg"}],"twitter_card":"summary_large_image","schema":{"@context":"https:\/\/schema.org","@graph":[{"@type":"Organization","@id":"https:\/\/hermossaeyewear.com\/#organization","name":"HERMOSSA EYEWEAR","url":"https:\/\/hermossaeyewear.com\/","sameAs":[],"logo":{"@type":"ImageObject","@id":"https:\/\/hermossaeyewear.com\/#logo","inLanguage":"tr","url":"https:\/\/hermossaeyewear.com\/wp-content\/uploads\/2022\/01\/logo.svg","contentUrl":"https:\/\/hermossaeyewear.com\/wp-content\/uploads\/2022\/01\/logo.svg","width":288,"height":70,"caption":"HERMOSSA EYEWEAR"},"image":{"@id":"https:\/\/hermossaeyewear.com\/#logo"}},{"@type":"WebSite","@id":"https:\/\/hermossaeyewear.com\/#website","url":"https:\/\/hermossaeyewear.com\/","name":"Hermossa Eyewear","description":"","publisher":{"@id":"https:\/\/hermossaeyewear.com\/#organization"},"potentialAction":[{"@type":"SearchAction","target":{"@type":"EntryPoint","urlTemplate":"https:\/\/hermossaeyewear.com\/?s={search_term_string}"},"query-input":"required name=search_term_string"}],"inLanguage":"tr"},{"@type":"ImageObject","@id":"https:\/\/hermossaeyewear.com\/tr\/urun\/burcu-esmersoy-x-hermossa-hm-1588-2\/#primaryimage","inLanguage":"tr","url":"https:\/\/hermossaeyewear.com\/wp-content\/uploads\/2023\/04\/HERMOSSA-HM-1588-C-1.jpg","contentUrl":"https:\/\/hermossaeyewear.com\/wp-content\/uploads\/2023\/04\/HERMOSSA-HM-1588-C-1.jpg","width":1280,"height":1280},{"@type":"WebPage","@id":"https:\/\/hermossaeyewear.com\/tr\/urun\/burcu-esmersoy-x-hermossa-hm-1588-2\/#webpage","url":"https:\/\/hermossaeyewear.com\/tr\/urun\/burcu-esmersoy-x-hermossa-hm-1588-2\/","name":"BURCU ESMERSOY X HERMOSSA HM 1588 - Hermossa Eyewear","isPartOf":{"@id":"https:\/\/hermossaeyewear.com\/#website"},"primaryImageOfPage":{"@id":"https:\/\/hermossaeyewear.com\/tr\/urun\/burcu-esmersoy-x-hermossa-hm-1588-2\/#primaryimage"},"datePublished":"2023-04-12T08:51:17+00:00","dateModified":"2023-04-12T09:23:32+00:00","breadcrumb":{"@id":"https:\/\/hermossaeyewear.com\/tr\/urun\/burcu-esmersoy-x-hermossa-hm-1588-2\/#breadcrumb"},"inLanguage":"tr","potentialAction":[{"@type":"ReadAction","target":["https:\/\/hermossaeyewear.com\/tr\/urun\/burcu-esmersoy-x-hermossa-hm-1588-2\/"]}]},{"@type":"BreadcrumbList","@id":"https:\/\/hermossaeyewear.com\/tr\/urun\/burcu-esmersoy-x-hermossa-hm-1588-2\/#breadcrumb","itemListElement":[{"@type":"ListItem","position":1,"name":"Home","item":"https:\/\/hermossaeyewear.com\/"},{"@type":"ListItem","position":2,"name":"Colections","item":"https:\/\/hermossaeyewear.com\/shop\/"},{"@type":"ListItem","position":3,"name":"BURCU ESMERSOY X HERMOSSA HM 1588"}]}]}},"_links":{"self":[{"href":"https:\/\/hermossaeyewear.com\/tr\/wp-json\/wp\/v2\/product\/18856","targetHints":{"allow":["GET"]}}],"collection":[{"href":"https:\/\/hermossaeyewear.com\/tr\/wp-json\/wp\/v2\/product"}],"about":[{"href":"https:\/\/hermossaeyewear.com\/tr\/wp-json\/wp\/v2\/types\/product"}],"version-history":[{"count":1,"href":"https:\/\/hermossaeyewear.com\/tr\/wp-json\/wp\/v2\/product\/18856\/revisions"}],"predecessor-version":[{"id":18857,"href":"https:\/\/hermossaeyewear.com\/tr\/wp-json\/wp\/v2\/product\/18856\/revisions\/18857"}],"wp:featuredmedia":[{"embeddable":true,"href":"https:\/\/hermossaeyewear.com\/tr\/wp-json\/wp\/v2\/media\/18426"}],"wp:attachment":[{"href":"https:\/\/hermossaeyewear.com\/tr\/wp-json\/wp\/v2\/media?parent=18856"}],"wp:term":[{"taxonomy":"product_cat","embeddable":true,"href":"https:\/\/hermossaeyewear.com\/tr\/wp-json\/wp\/v2\/product_cat?post=18856"},{"taxonomy":"product_tag","embeddable":true,"href":"https:\/\/hermossaeyewear.com\/tr\/wp-json\/wp\/v2\/product_tag?post=18856"}],"curies":[{"name":"wp","href":"https:\/\/api.w.org\/{rel}","templated":true}]}}