{"id":20502,"date":"2023-04-18T15:53:00","date_gmt":"2023-04-18T12:53:00","guid":{"rendered":"https:\/\/hermossaeyewear.com\/product\/hermossa-hmo-431\/"},"modified":"2023-06-01T16:25:08","modified_gmt":"2023-06-01T13:25:08","slug":"hermossa-hmo-431","status":"publish","type":"product","link":"https:\/\/hermossaeyewear.com\/tr\/product\/hermossa-hmo-431\/","title":{"rendered":"HERMOSSA HMO 431"},"content":{"rendered":"","protected":false},"excerpt":{"rendered":"<p>Hermossa optik \u00e7er\u00e7eveleri, sizi \u015fehrin \u00e7ok k\u00fclt\u00fcrl\u00fc ve aktif atmosferinin yarat\u0131c\u0131, enerjik ruhunu ke\u015ffetmeye ve bu dinamizmin bir par\u00e7as\u0131 olmaya davet ediyor.<\/p>\n","protected":false},"featured_media":20037,"template":"","meta":[],"product_cat":[2315,1883,1562,1094],"product_tag":[],"class_list":["post-20502","product","type-product","status-publish","has-post-thumbnail","hentry","product_cat-optik-tr","product_cat-woman-tr","product_cat-optikler","product_cat-kolleksiyonlar"],"yoast_head":"<!-- This site is optimized with the Yoast SEO plugin v18.5.1 - https:\/\/yoast.com\/wordpress\/plugins\/seo\/ -->\n<title>HERMOSSA HMO 431 - Hermossa Eyewear<\/title>\n<meta name=\"robots\" content=\"index, follow, max-snippet:-1, max-image-preview:large, max-video-preview:-1\" \/>\n<link rel=\"canonical\" href=\"https:\/\/hermossaeyewear.com\/tr\/urun\/hermossa-hmo-431\/\" \/>\n<meta property=\"og:locale\" content=\"tr_TR\" \/>\n<meta property=\"og:type\" content=\"article\" \/>\n<meta property=\"og:title\" content=\"HERMOSSA HMO 431 - Hermossa Eyewear\" \/>\n<meta property=\"og:description\" content=\"Hermossa optik \u00e7er\u00e7eveleri, sizi \u015fehrin \u00e7ok k\u00fclt\u00fcrl\u00fc ve aktif atmosferinin yarat\u0131c\u0131, enerjik ruhunu ke\u015ffetmeye ve bu dinamizmin bir par\u00e7as\u0131 olmaya davet ediyor.\" \/>\n<meta property=\"og:url\" content=\"https:\/\/hermossaeyewear.com\/tr\/urun\/hermossa-hmo-431\/\" \/>\n<meta property=\"og:site_name\" content=\"Hermossa Eyewear\" \/>\n<meta property=\"article:modified_time\" content=\"2023-06-01T13:25:08+00:00\" \/>\n<meta property=\"og:image\" content=\"https:\/\/hermossaeyewear.com\/wp-content\/uploads\/2023\/04\/HMO-431-01-1.jpg\" \/>\n\t<meta property=\"og:image:width\" content=\"1280\" \/>\n\t<meta property=\"og:image:height\" content=\"1280\" \/>\n\t<meta property=\"og:image:type\" content=\"image\/jpeg\" \/>\n<meta name=\"twitter:card\" content=\"summary_large_image\" \/>\n<script type=\"application\/ld+json\" class=\"yoast-schema-graph\">{\"@context\":\"https:\/\/schema.org\",\"@graph\":[{\"@type\":\"Organization\",\"@id\":\"https:\/\/hermossaeyewear.com\/#organization\",\"name\":\"HERMOSSA EYEWEAR\",\"url\":\"https:\/\/hermossaeyewear.com\/\",\"sameAs\":[],\"logo\":{\"@type\":\"ImageObject\",\"@id\":\"https:\/\/hermossaeyewear.com\/#logo\",\"inLanguage\":\"tr\",\"url\":\"https:\/\/hermossaeyewear.com\/wp-content\/uploads\/2022\/01\/logo.svg\",\"contentUrl\":\"https:\/\/hermossaeyewear.com\/wp-content\/uploads\/2022\/01\/logo.svg\",\"width\":288,\"height\":70,\"caption\":\"HERMOSSA EYEWEAR\"},\"image\":{\"@id\":\"https:\/\/hermossaeyewear.com\/#logo\"}},{\"@type\":\"WebSite\",\"@id\":\"https:\/\/hermossaeyewear.com\/#website\",\"url\":\"https:\/\/hermossaeyewear.com\/\",\"name\":\"Hermossa Eyewear\",\"description\":\"\",\"publisher\":{\"@id\":\"https:\/\/hermossaeyewear.com\/#organization\"},\"potentialAction\":[{\"@type\":\"SearchAction\",\"target\":{\"@type\":\"EntryPoint\",\"urlTemplate\":\"https:\/\/hermossaeyewear.com\/?s={search_term_string}\"},\"query-input\":\"required name=search_term_string\"}],\"inLanguage\":\"tr\"},{\"@type\":\"ImageObject\",\"@id\":\"https:\/\/hermossaeyewear.com\/tr\/urun\/hermossa-hmo-431\/#primaryimage\",\"inLanguage\":\"tr\",\"url\":\"https:\/\/hermossaeyewear.com\/wp-content\/uploads\/2023\/04\/HMO-431-01-1.jpg\",\"contentUrl\":\"https:\/\/hermossaeyewear.com\/wp-content\/uploads\/2023\/04\/HMO-431-01-1.jpg\",\"width\":1280,\"height\":1280},{\"@type\":\"WebPage\",\"@id\":\"https:\/\/hermossaeyewear.com\/tr\/urun\/hermossa-hmo-431\/#webpage\",\"url\":\"https:\/\/hermossaeyewear.com\/tr\/urun\/hermossa-hmo-431\/\",\"name\":\"HERMOSSA HMO 431 - Hermossa Eyewear\",\"isPartOf\":{\"@id\":\"https:\/\/hermossaeyewear.com\/#website\"},\"primaryImageOfPage\":{\"@id\":\"https:\/\/hermossaeyewear.com\/tr\/urun\/hermossa-hmo-431\/#primaryimage\"},\"datePublished\":\"2023-04-18T12:53:00+00:00\",\"dateModified\":\"2023-06-01T13:25:08+00:00\",\"breadcrumb\":{\"@id\":\"https:\/\/hermossaeyewear.com\/tr\/urun\/hermossa-hmo-431\/#breadcrumb\"},\"inLanguage\":\"tr\",\"potentialAction\":[{\"@type\":\"ReadAction\",\"target\":[\"https:\/\/hermossaeyewear.com\/tr\/urun\/hermossa-hmo-431\/\"]}]},{\"@type\":\"BreadcrumbList\",\"@id\":\"https:\/\/hermossaeyewear.com\/tr\/urun\/hermossa-hmo-431\/#breadcrumb\",\"itemListElement\":[{\"@type\":\"ListItem\",\"position\":1,\"name\":\"Home\",\"item\":\"https:\/\/hermossaeyewear.com\/\"},{\"@type\":\"ListItem\",\"position\":2,\"name\":\"Colections\",\"item\":\"https:\/\/hermossaeyewear.com\/shop\/\"},{\"@type\":\"ListItem\",\"position\":3,\"name\":\"HERMOSSA HMO 431\"}]}]}<\/script>\n<!-- \/ Yoast SEO plugin. -->","yoast_head_json":{"title":"HERMOSSA HMO 431 - Hermossa Eyewear","robots":{"index":"index","follow":"follow","max-snippet":"max-snippet:-1","max-image-preview":"max-image-preview:large","max-video-preview":"max-video-preview:-1"},"canonical":"https:\/\/hermossaeyewear.com\/tr\/urun\/hermossa-hmo-431\/","og_locale":"tr_TR","og_type":"article","og_title":"HERMOSSA HMO 431 - Hermossa Eyewear","og_description":"Hermossa optik \u00e7er\u00e7eveleri, sizi \u015fehrin \u00e7ok k\u00fclt\u00fcrl\u00fc ve aktif atmosferinin yarat\u0131c\u0131, enerjik ruhunu ke\u015ffetmeye ve bu dinamizmin bir par\u00e7as\u0131 olmaya davet ediyor.","og_url":"https:\/\/hermossaeyewear.com\/tr\/urun\/hermossa-hmo-431\/","og_site_name":"Hermossa Eyewear","article_modified_time":"2023-06-01T13:25:08+00:00","og_image":[{"width":1280,"height":1280,"url":"https:\/\/hermossaeyewear.com\/wp-content\/uploads\/2023\/04\/HMO-431-01-1.jpg","type":"image\/jpeg"}],"twitter_card":"summary_large_image","schema":{"@context":"https:\/\/schema.org","@graph":[{"@type":"Organization","@id":"https:\/\/hermossaeyewear.com\/#organization","name":"HERMOSSA EYEWEAR","url":"https:\/\/hermossaeyewear.com\/","sameAs":[],"logo":{"@type":"ImageObject","@id":"https:\/\/hermossaeyewear.com\/#logo","inLanguage":"tr","url":"https:\/\/hermossaeyewear.com\/wp-content\/uploads\/2022\/01\/logo.svg","contentUrl":"https:\/\/hermossaeyewear.com\/wp-content\/uploads\/2022\/01\/logo.svg","width":288,"height":70,"caption":"HERMOSSA EYEWEAR"},"image":{"@id":"https:\/\/hermossaeyewear.com\/#logo"}},{"@type":"WebSite","@id":"https:\/\/hermossaeyewear.com\/#website","url":"https:\/\/hermossaeyewear.com\/","name":"Hermossa Eyewear","description":"","publisher":{"@id":"https:\/\/hermossaeyewear.com\/#organization"},"potentialAction":[{"@type":"SearchAction","target":{"@type":"EntryPoint","urlTemplate":"https:\/\/hermossaeyewear.com\/?s={search_term_string}"},"query-input":"required name=search_term_string"}],"inLanguage":"tr"},{"@type":"ImageObject","@id":"https:\/\/hermossaeyewear.com\/tr\/urun\/hermossa-hmo-431\/#primaryimage","inLanguage":"tr","url":"https:\/\/hermossaeyewear.com\/wp-content\/uploads\/2023\/04\/HMO-431-01-1.jpg","contentUrl":"https:\/\/hermossaeyewear.com\/wp-content\/uploads\/2023\/04\/HMO-431-01-1.jpg","width":1280,"height":1280},{"@type":"WebPage","@id":"https:\/\/hermossaeyewear.com\/tr\/urun\/hermossa-hmo-431\/#webpage","url":"https:\/\/hermossaeyewear.com\/tr\/urun\/hermossa-hmo-431\/","name":"HERMOSSA HMO 431 - Hermossa Eyewear","isPartOf":{"@id":"https:\/\/hermossaeyewear.com\/#website"},"primaryImageOfPage":{"@id":"https:\/\/hermossaeyewear.com\/tr\/urun\/hermossa-hmo-431\/#primaryimage"},"datePublished":"2023-04-18T12:53:00+00:00","dateModified":"2023-06-01T13:25:08+00:00","breadcrumb":{"@id":"https:\/\/hermossaeyewear.com\/tr\/urun\/hermossa-hmo-431\/#breadcrumb"},"inLanguage":"tr","potentialAction":[{"@type":"ReadAction","target":["https:\/\/hermossaeyewear.com\/tr\/urun\/hermossa-hmo-431\/"]}]},{"@type":"BreadcrumbList","@id":"https:\/\/hermossaeyewear.com\/tr\/urun\/hermossa-hmo-431\/#breadcrumb","itemListElement":[{"@type":"ListItem","position":1,"name":"Home","item":"https:\/\/hermossaeyewear.com\/"},{"@type":"ListItem","position":2,"name":"Colections","item":"https:\/\/hermossaeyewear.com\/shop\/"},{"@type":"ListItem","position":3,"name":"HERMOSSA HMO 431"}]}]}},"_links":{"self":[{"href":"https:\/\/hermossaeyewear.com\/tr\/wp-json\/wp\/v2\/product\/20502","targetHints":{"allow":["GET"]}}],"collection":[{"href":"https:\/\/hermossaeyewear.com\/tr\/wp-json\/wp\/v2\/product"}],"about":[{"href":"https:\/\/hermossaeyewear.com\/tr\/wp-json\/wp\/v2\/types\/product"}],"version-history":[{"count":2,"href":"https:\/\/hermossaeyewear.com\/tr\/wp-json\/wp\/v2\/product\/20502\/revisions"}],"predecessor-version":[{"id":20757,"href":"https:\/\/hermossaeyewear.com\/tr\/wp-json\/wp\/v2\/product\/20502\/revisions\/20757"}],"wp:featuredmedia":[{"embeddable":true,"href":"https:\/\/hermossaeyewear.com\/tr\/wp-json\/wp\/v2\/media\/20037"}],"wp:attachment":[{"href":"https:\/\/hermossaeyewear.com\/tr\/wp-json\/wp\/v2\/media?parent=20502"}],"wp:term":[{"taxonomy":"product_cat","embeddable":true,"href":"https:\/\/hermossaeyewear.com\/tr\/wp-json\/wp\/v2\/product_cat?post=20502"},{"taxonomy":"product_tag","embeddable":true,"href":"https:\/\/hermossaeyewear.com\/tr\/wp-json\/wp\/v2\/product_tag?post=20502"}],"curies":[{"name":"wp","href":"https:\/\/api.w.org\/{rel}","templated":true}]}}